{"id":62710,"date":"2024-07-30T09:03:26","date_gmt":"2024-07-30T08:03:26","guid":{"rendered":"https:\/\/pubblicityweb.eu\/annunci-net-insercion-gratuita-1-dia-1-ascenso\/"},"modified":"2026-02-22T19:35:05","modified_gmt":"2026-02-22T18:35:05","slug":"annunci-net-publicidad-publicitaria-gratuita-3-dias-con-1-elevacion","status":"publish","type":"product","link":"https:\/\/pubblicityweb.eu\/es\/producto\/annunci-net-publicidad-publicitaria-gratuita-3-dias-con-1-elevacion\/","title":{"rendered":"BAKECA.IT MASSAGGI \u2013 Anuncio Basic One of the Day por 1 d\u00eda"},"content":{"rendered":"<p>Publicidad fotogr\u00e1fica en la categor\u00eda Masajes, Basic One of the Day, con promoci\u00f3n diaria en la portada de la ciudad seleccionada, con duraci\u00f3n de 1 d\u00eda,<\/p>\n<p>en un horario predefinido (9:00 &#8211; 14:00).<\/p>\n","protected":false},"excerpt":{"rendered":"<p><a href=\"https:\/\/www.bakeca.it\/\">www.bakeca.it\/<\/a><\/p>\n<p>Destaca tu Anuncio, categor\u00eda Masajes en primera posici\u00f3n en tu ciudad, franja horaria diurna con 1 salida al d\u00eda<\/p>\n","protected":false},"featured_media":318936,"template":"","meta":{"_monsterinsights_skip_tracking":false,"_monsterinsights_sitenote_active":false,"_monsterinsights_sitenote_note":"","_monsterinsights_sitenote_category":0},"product_brand":[],"product_cat":[1089,1132,1130,1133,1123,1094,1148,1149,1106,1125,1113,1112],"product_tag":[],"class_list":{"0":"post-62710","1":"product","2":"type-product","3":"status-publish","4":"has-post-thumbnail","6":"product_cat-agencias","7":"product_cat-compra-y-vende","8":"product_cat-compra-y-venta-es","9":"product_cat-cursos","10":"product_cat-deportes-y-ocio","11":"product_cat-equipos","12":"product_cat-masajes","13":"product_cat-matrimonio-y-amistades","14":"product_cat-mercado","15":"product_cat-ocio","16":"product_cat-para-el-hogar","17":"product_cat-para-tu-boda-deportes","18":"","19":"woocommerce-text-align-center","20":"woocommerce-image-align-center","21":"do-quantity-buttons","23":"first","24":"instock","25":"virtual","26":"taxable","27":"purchasable","28":"product-type-simple"},"aioseo_notices":[],"_links":{"self":[{"href":"https:\/\/pubblicityweb.eu\/es\/wp-json\/wp\/v2\/product\/62710","targetHints":{"allow":["GET"]}}],"collection":[{"href":"https:\/\/pubblicityweb.eu\/es\/wp-json\/wp\/v2\/product"}],"about":[{"href":"https:\/\/pubblicityweb.eu\/es\/wp-json\/wp\/v2\/types\/product"}],"wp:featuredmedia":[{"embeddable":true,"href":"https:\/\/pubblicityweb.eu\/es\/wp-json\/wp\/v2\/media\/318936"}],"wp:attachment":[{"href":"https:\/\/pubblicityweb.eu\/es\/wp-json\/wp\/v2\/media?parent=62710"}],"wp:term":[{"taxonomy":"product_brand","embeddable":true,"href":"https:\/\/pubblicityweb.eu\/es\/wp-json\/wp\/v2\/product_brand?post=62710"},{"taxonomy":"product_cat","embeddable":true,"href":"https:\/\/pubblicityweb.eu\/es\/wp-json\/wp\/v2\/product_cat?post=62710"},{"taxonomy":"product_tag","embeddable":true,"href":"https:\/\/pubblicityweb.eu\/es\/wp-json\/wp\/v2\/product_tag?post=62710"}],"curies":[{"name":"wp","href":"https:\/\/api.w.org\/{rel}","templated":true}]}}