{"id":62702,"date":"2024-07-30T08:58:03","date_gmt":"2024-07-30T07:58:03","guid":{"rendered":"https:\/\/pubblicityweb.eu\/annuncitoday-it-insercion-gratuita-4-dias\/"},"modified":"2024-10-08T18:42:21","modified_gmt":"2024-10-08T17:42:21","slug":"annuncitoday-it-insercion-de-anuncios-gratuita-top-3-durante-10-dias","status":"publish","type":"product","link":"https:\/\/pubblicityweb.eu\/es\/producto\/annuncitoday-it-insercion-de-anuncios-gratuita-top-3-durante-10-dias\/","title":{"rendered":"ANNUNCITODAY.IT &#8211; Inserci\u00f3n FREE de los 3 mejores anuncios durante 10 d\u00edas Bronce"},"content":{"rendered":"<p>Anuncio con promoci\u00f3n Free de la ciudad elegida en el sitio: por una duraci\u00f3n de 10 d\u00edas con 3 estrenos Top por d\u00eda Bronce (09:00\/21:00)<\/p>\n","protected":false},"excerpt":{"rendered":"<p><a href=\"https:\/\/www.annuncitoday.it\">https:\/\/www.annuncitoday.it<\/a><\/p>\n","protected":false},"featured_media":60903,"template":"","meta":{"_monsterinsights_skip_tracking":false,"_monsterinsights_sitenote_active":false,"_monsterinsights_sitenote_note":"","_monsterinsights_sitenote_category":0},"product_brand":[],"product_cat":[1056,1122],"product_tag":[],"class_list":{"0":"post-62702","1":"product","2":"type-product","3":"status-publish","4":"has-post-thumbnail","6":"product_cat-agenzie","7":"product_cat-sin-categorizar-es","8":"","9":"woocommerce-text-align-center","10":"woocommerce-image-align-center","11":"do-quantity-buttons","13":"first","14":"instock","15":"virtual","16":"taxable","17":"purchasable","18":"product-type-simple"},"aioseo_notices":[],"_links":{"self":[{"href":"https:\/\/pubblicityweb.eu\/es\/wp-json\/wp\/v2\/product\/62702","targetHints":{"allow":["GET"]}}],"collection":[{"href":"https:\/\/pubblicityweb.eu\/es\/wp-json\/wp\/v2\/product"}],"about":[{"href":"https:\/\/pubblicityweb.eu\/es\/wp-json\/wp\/v2\/types\/product"}],"wp:featuredmedia":[{"embeddable":true,"href":"https:\/\/pubblicityweb.eu\/es\/wp-json\/wp\/v2\/media\/60903"}],"wp:attachment":[{"href":"https:\/\/pubblicityweb.eu\/es\/wp-json\/wp\/v2\/media?parent=62702"}],"wp:term":[{"taxonomy":"product_brand","embeddable":true,"href":"https:\/\/pubblicityweb.eu\/es\/wp-json\/wp\/v2\/product_brand?post=62702"},{"taxonomy":"product_cat","embeddable":true,"href":"https:\/\/pubblicityweb.eu\/es\/wp-json\/wp\/v2\/product_cat?post=62702"},{"taxonomy":"product_tag","embeddable":true,"href":"https:\/\/pubblicityweb.eu\/es\/wp-json\/wp\/v2\/product_tag?post=62702"}],"curies":[{"name":"wp","href":"https:\/\/api.w.org\/{rel}","templated":true}]}}