{"id":62700,"date":"2024-07-30T08:56:19","date_gmt":"2024-07-30T07:56:19","guid":{"rendered":"https:\/\/pubblicityweb.eu\/annuncitoday-it-insercion-gratuita-2-dias\/"},"modified":"2026-02-22T18:23:04","modified_gmt":"2026-02-22T17:23:04","slug":"annuncitoday-it-insercion-de-anuncios-gratuita-los-2-mejores-durante-7-dias","status":"publish","type":"product","link":"https:\/\/pubblicityweb.eu\/es\/producto\/annuncitoday-it-insercion-de-anuncios-gratuita-los-2-mejores-durante-7-dias\/","title":{"rendered":"VIVASTREET.IT  INCONTRI \u2013 Anuncio en la categor\u00eda Top, que aparece 3 veces diariamente durante 15 d\u00edas"},"content":{"rendered":"<p>Publicidad fotogr\u00e1fica de primera categor\u00eda TOP, por 3 veces al d\u00eda en primera fila de la ciudad elegida, durante 15 d\u00edas en una franja horaria preestablecida (9:00 am &#8211; 11:00 pm)<\/p>\n","protected":false},"excerpt":{"rendered":"<p><a href=\"https:\/\/vivaincontri.vivastreet.it\/\">https:\/\/vivaincontri.vivastreet.it\/<\/a><\/p>\n<p>Colocaci\u00f3n de Publicidad Top 3 veces al d\u00eda en la ciudad elegida, por una duraci\u00f3n de 15 d\u00edas, franja horaria (9:00am &#8211; 11:00pm)<\/p>\n","protected":false},"featured_media":216310,"template":"","meta":{"_monsterinsights_skip_tracking":false,"_monsterinsights_sitenote_active":false,"_monsterinsights_sitenote_note":"","_monsterinsights_sitenote_category":0},"product_brand":[],"product_cat":[1089,1132,1142,1050,1106,1118,1082,1126],"product_tag":[],"class_list":{"0":"post-62700","1":"product","2":"type-product","3":"status-publish","4":"has-post-thumbnail","6":"product_cat-agencias","7":"product_cat-compra-y-vende","8":"product_cat-en-la-ciudad","9":"product_cat-massaggi","10":"product_cat-mercado","11":"product_cat-publico","12":"product_cat-servizi-di-consulenza","13":"product_cat-turismo-es","14":"","15":"woocommerce-text-align-center","16":"woocommerce-image-align-center","17":"do-quantity-buttons","19":"first","20":"instock","21":"virtual","22":"taxable","23":"purchasable","24":"product-type-simple"},"aioseo_notices":[],"_links":{"self":[{"href":"https:\/\/pubblicityweb.eu\/es\/wp-json\/wp\/v2\/product\/62700","targetHints":{"allow":["GET"]}}],"collection":[{"href":"https:\/\/pubblicityweb.eu\/es\/wp-json\/wp\/v2\/product"}],"about":[{"href":"https:\/\/pubblicityweb.eu\/es\/wp-json\/wp\/v2\/types\/product"}],"wp:featuredmedia":[{"embeddable":true,"href":"https:\/\/pubblicityweb.eu\/es\/wp-json\/wp\/v2\/media\/216310"}],"wp:attachment":[{"href":"https:\/\/pubblicityweb.eu\/es\/wp-json\/wp\/v2\/media?parent=62700"}],"wp:term":[{"taxonomy":"product_brand","embeddable":true,"href":"https:\/\/pubblicityweb.eu\/es\/wp-json\/wp\/v2\/product_brand?post=62700"},{"taxonomy":"product_cat","embeddable":true,"href":"https:\/\/pubblicityweb.eu\/es\/wp-json\/wp\/v2\/product_cat?post=62700"},{"taxonomy":"product_tag","embeddable":true,"href":"https:\/\/pubblicityweb.eu\/es\/wp-json\/wp\/v2\/product_tag?post=62700"}],"curies":[{"name":"wp","href":"https:\/\/api.w.org\/{rel}","templated":true}]}}