{"id":62698,"date":"2024-07-30T08:54:35","date_gmt":"2024-07-30T07:54:35","guid":{"rendered":"https:\/\/pubblicityweb.eu\/annunci-net-insercion-gratuita-2-dias-1-ascenso\/"},"modified":"2026-03-21T18:19:51","modified_gmt":"2026-03-21T17:19:51","slug":"bakeca-it-publicitaria-por-3-dias-con-1-elevacion","status":"publish","type":"product","link":"https:\/\/pubblicityweb.eu\/es\/producto\/bakeca-it-publicitaria-por-3-dias-con-1-elevacion\/","title":{"rendered":"BAKECA.IT \u2013 Anuncio b\u00e1sico de 3 d\u00edas"},"content":{"rendered":"<p>Anuncio fotogr\u00e1fico con una promoci\u00f3n diaria en la portada de la ciudad elegida, con duraci\u00f3n de 3 d\u00edas,<\/p>\n<p>durante un horario preestablecido (8:00 \u2013 00:00)<\/p>\n","protected":false},"excerpt":{"rendered":"<p><a href=\"https:\/\/www.bakeca.it\/\">www.bakeca.it\/<\/a><\/p>\n<p>Destaca tu anuncio en la primera posici\u00f3n con una publicaci\u00f3n de 3 salida al d\u00edas<\/p>\n","protected":false},"featured_media":311091,"template":"","meta":{"_monsterinsights_skip_tracking":false,"_monsterinsights_sitenote_active":false,"_monsterinsights_sitenote_note":"","_monsterinsights_sitenote_category":0},"product_brand":[],"product_cat":[1089,1095,1148,1149,1125,1118,1126],"product_tag":[],"class_list":{"0":"post-62698","1":"product","2":"type-product","3":"status-publish","4":"has-post-thumbnail","6":"product_cat-agencias","7":"product_cat-artistico","8":"product_cat-masajes","9":"product_cat-matrimonio-y-amistades","10":"product_cat-ocio","11":"product_cat-publico","12":"product_cat-turismo-es","13":"","14":"woocommerce-text-align-center","15":"woocommerce-image-align-center","16":"do-quantity-buttons","18":"first","19":"instock","20":"virtual","21":"taxable","22":"purchasable","23":"product-type-simple"},"aioseo_notices":[],"_links":{"self":[{"href":"https:\/\/pubblicityweb.eu\/es\/wp-json\/wp\/v2\/product\/62698","targetHints":{"allow":["GET"]}}],"collection":[{"href":"https:\/\/pubblicityweb.eu\/es\/wp-json\/wp\/v2\/product"}],"about":[{"href":"https:\/\/pubblicityweb.eu\/es\/wp-json\/wp\/v2\/types\/product"}],"wp:featuredmedia":[{"embeddable":true,"href":"https:\/\/pubblicityweb.eu\/es\/wp-json\/wp\/v2\/media\/311091"}],"wp:attachment":[{"href":"https:\/\/pubblicityweb.eu\/es\/wp-json\/wp\/v2\/media?parent=62698"}],"wp:term":[{"taxonomy":"product_brand","embeddable":true,"href":"https:\/\/pubblicityweb.eu\/es\/wp-json\/wp\/v2\/product_brand?post=62698"},{"taxonomy":"product_cat","embeddable":true,"href":"https:\/\/pubblicityweb.eu\/es\/wp-json\/wp\/v2\/product_cat?post=62698"},{"taxonomy":"product_tag","embeddable":true,"href":"https:\/\/pubblicityweb.eu\/es\/wp-json\/wp\/v2\/product_tag?post=62698"}],"curies":[{"name":"wp","href":"https:\/\/api.w.org\/{rel}","templated":true}]}}