{"id":62688,"date":"2024-07-30T08:50:31","date_gmt":"2024-07-30T07:50:31","guid":{"rendered":"https:\/\/pubblicityweb.eu\/anuncios-de-cartomanzia-insercion-gratuita-en-www-annuncicartomanzia-org-1-dia\/"},"modified":"2024-10-08T18:20:07","modified_gmt":"2024-10-08T17:20:07","slug":"anuncios-de-cartomanti-publicidad-gratuita-durante-2-dias","status":"publish","type":"product","link":"https:\/\/pubblicityweb.eu\/es\/producto\/anuncios-de-cartomanti-publicidad-gratuita-durante-2-dias\/","title":{"rendered":"ANUNCIOS PER CARTOMANTI- Inserci\u00f3n de anuncios FREE durante 2 d\u00edas Est\u00e1ndar"},"content":{"rendered":"<p>Publicidad fotogr\u00e1fica con promoci\u00f3n gratuita de la ciudad elegida, que permanece en portada durante 2 d\u00edas, \u00fanica franja horaria est\u00e1ndar.<\/p>\n","protected":false},"excerpt":{"rendered":"<p><a href=\"https:\/\/www.annuncipercartomanti.it\/\">https:\/\/www.annuncipercartomanti.it\/<\/a><\/p>\n","protected":false},"featured_media":87473,"template":"","meta":{"_monsterinsights_skip_tracking":false,"_monsterinsights_sitenote_active":false,"_monsterinsights_sitenote_note":"","_monsterinsights_sitenote_category":0},"product_brand":[],"product_cat":[1122],"product_tag":[],"class_list":{"0":"post-62688","1":"product","2":"type-product","3":"status-publish","4":"has-post-thumbnail","6":"product_cat-sin-categorizar-es","7":"","8":"woocommerce-text-align-center","9":"woocommerce-image-align-center","10":"do-quantity-buttons","12":"first","13":"instock","14":"virtual","15":"taxable","16":"purchasable","17":"product-type-simple"},"aioseo_notices":[],"_links":{"self":[{"href":"https:\/\/pubblicityweb.eu\/es\/wp-json\/wp\/v2\/product\/62688","targetHints":{"allow":["GET"]}}],"collection":[{"href":"https:\/\/pubblicityweb.eu\/es\/wp-json\/wp\/v2\/product"}],"about":[{"href":"https:\/\/pubblicityweb.eu\/es\/wp-json\/wp\/v2\/types\/product"}],"wp:featuredmedia":[{"embeddable":true,"href":"https:\/\/pubblicityweb.eu\/es\/wp-json\/wp\/v2\/media\/87473"}],"wp:attachment":[{"href":"https:\/\/pubblicityweb.eu\/es\/wp-json\/wp\/v2\/media?parent=62688"}],"wp:term":[{"taxonomy":"product_brand","embeddable":true,"href":"https:\/\/pubblicityweb.eu\/es\/wp-json\/wp\/v2\/product_brand?post=62688"},{"taxonomy":"product_cat","embeddable":true,"href":"https:\/\/pubblicityweb.eu\/es\/wp-json\/wp\/v2\/product_cat?post=62688"},{"taxonomy":"product_tag","embeddable":true,"href":"https:\/\/pubblicityweb.eu\/es\/wp-json\/wp\/v2\/product_tag?post=62688"}],"curies":[{"name":"wp","href":"https:\/\/api.w.org\/{rel}","templated":true}]}}