{"id":62683,"date":"2024-07-30T08:48:50","date_gmt":"2024-07-30T07:48:50","guid":{"rendered":"https:\/\/pubblicityweb.eu\/annunci-cartomanzia-inserzione-gratuita-su-www-annuncicartomanzia-com-30-giorni\/"},"modified":"2024-10-08T18:12:59","modified_gmt":"2024-10-08T17:12:59","slug":"anuncios-cartomanzia-publicidad-gratuita-durante-25-dias","status":"publish","type":"product","link":"https:\/\/pubblicityweb.eu\/es\/producto\/anuncios-cartomanzia-publicidad-gratuita-durante-25-dias\/","title":{"rendered":"ANUNCIOS DE CARTOMANCIA &#8211; Inserci\u00f3n de anuncios FREE durante 25 d\u00edas Est\u00e1ndar"},"content":{"rendered":"<p>Publicidad con promoci\u00f3n Gratuita de la ciudad elegida, horario est\u00e1ndar 08:00\/22:00 con una duraci\u00f3n de 25 d\u00edas.<\/p>\n","protected":false},"excerpt":{"rendered":"<p><a href=\"https:\/\/www.annuncicartomanzia.com\/\">https:\/\/www.annuncicartomanzia.com\/<\/a><\/p>\n","protected":false},"featured_media":60900,"template":"","meta":{"_monsterinsights_skip_tracking":false,"_monsterinsights_sitenote_active":false,"_monsterinsights_sitenote_note":"","_monsterinsights_sitenote_category":0},"product_brand":[],"product_cat":[1122],"product_tag":[],"class_list":{"0":"post-62683","1":"product","2":"type-product","3":"status-publish","4":"has-post-thumbnail","6":"product_cat-sin-categorizar-es","7":"","8":"woocommerce-text-align-center","9":"woocommerce-image-align-center","10":"do-quantity-buttons","12":"first","13":"instock","14":"virtual","15":"taxable","16":"purchasable","17":"product-type-simple"},"aioseo_notices":[],"_links":{"self":[{"href":"https:\/\/pubblicityweb.eu\/es\/wp-json\/wp\/v2\/product\/62683","targetHints":{"allow":["GET"]}}],"collection":[{"href":"https:\/\/pubblicityweb.eu\/es\/wp-json\/wp\/v2\/product"}],"about":[{"href":"https:\/\/pubblicityweb.eu\/es\/wp-json\/wp\/v2\/types\/product"}],"wp:featuredmedia":[{"embeddable":true,"href":"https:\/\/pubblicityweb.eu\/es\/wp-json\/wp\/v2\/media\/60900"}],"wp:attachment":[{"href":"https:\/\/pubblicityweb.eu\/es\/wp-json\/wp\/v2\/media?parent=62683"}],"wp:term":[{"taxonomy":"product_brand","embeddable":true,"href":"https:\/\/pubblicityweb.eu\/es\/wp-json\/wp\/v2\/product_brand?post=62683"},{"taxonomy":"product_cat","embeddable":true,"href":"https:\/\/pubblicityweb.eu\/es\/wp-json\/wp\/v2\/product_cat?post=62683"},{"taxonomy":"product_tag","embeddable":true,"href":"https:\/\/pubblicityweb.eu\/es\/wp-json\/wp\/v2\/product_tag?post=62683"}],"curies":[{"name":"wp","href":"https:\/\/api.w.org\/{rel}","templated":true}]}}