{"id":5460,"date":"2020-10-15T18:34:55","date_gmt":"2020-10-15T17:40:26","guid":{"rendered":"https:\/\/pubblicityweb.eu\/social-media-marketing\/"},"modified":"2024-10-09T17:53:55","modified_gmt":"2024-10-09T16:53:55","slug":"social-media-marketing-es","status":"publish","type":"product","link":"https:\/\/pubblicityweb.eu\/es\/producto\/social-media-marketing-es\/","title":{"rendered":"ADBOOM.IT  Anuncio FREE con 3 salida diarias durante 3 d\u00edas"},"content":{"rendered":"<p>Publicidad Anuncio fotogr\u00e1fico FREE que permanece en portada de la ciudad elegida sin fotos de escaparate, 3 ascensores con una duraci\u00f3n de 3 d\u00edas.<\/p>\n","protected":false},"excerpt":{"rendered":"<p><a href=\"https:\/\/www.adboom.it\/it\/inserisci-annuncio.html\">https:\/\/www.adboom.it\/it\/inserisci-annuncio.html<\/a><\/p>\n","protected":false},"featured_media":87467,"template":"","meta":{"_monsterinsights_skip_tracking":false,"_monsterinsights_sitenote_active":false,"_monsterinsights_sitenote_note":"","_monsterinsights_sitenote_category":0},"product_brand":[],"product_cat":[1122],"product_tag":[],"class_list":{"0":"post-5460","1":"product","2":"type-product","3":"status-publish","4":"has-post-thumbnail","6":"product_cat-sin-categorizar-es","7":"","8":"woocommerce-text-align-center","9":"woocommerce-image-align-center","10":"do-quantity-buttons","12":"first","13":"instock","14":"virtual","15":"taxable","16":"purchasable","17":"product-type-simple"},"aioseo_notices":[],"_links":{"self":[{"href":"https:\/\/pubblicityweb.eu\/es\/wp-json\/wp\/v2\/product\/5460","targetHints":{"allow":["GET"]}}],"collection":[{"href":"https:\/\/pubblicityweb.eu\/es\/wp-json\/wp\/v2\/product"}],"about":[{"href":"https:\/\/pubblicityweb.eu\/es\/wp-json\/wp\/v2\/types\/product"}],"wp:featuredmedia":[{"embeddable":true,"href":"https:\/\/pubblicityweb.eu\/es\/wp-json\/wp\/v2\/media\/87467"}],"wp:attachment":[{"href":"https:\/\/pubblicityweb.eu\/es\/wp-json\/wp\/v2\/media?parent=5460"}],"wp:term":[{"taxonomy":"product_brand","embeddable":true,"href":"https:\/\/pubblicityweb.eu\/es\/wp-json\/wp\/v2\/product_brand?post=5460"},{"taxonomy":"product_cat","embeddable":true,"href":"https:\/\/pubblicityweb.eu\/es\/wp-json\/wp\/v2\/product_cat?post=5460"},{"taxonomy":"product_tag","embeddable":true,"href":"https:\/\/pubblicityweb.eu\/es\/wp-json\/wp\/v2\/product_tag?post=5460"}],"curies":[{"name":"wp","href":"https:\/\/api.w.org\/{rel}","templated":true}]}}