{"id":311112,"date":"2026-02-05T23:33:05","date_gmt":"2026-02-05T22:33:05","guid":{"rendered":"https:\/\/pubblicityweb.eu\/?post_type=product&#038;p=311112"},"modified":"2026-02-05T23:33:05","modified_gmt":"2026-02-05T22:33:05","slug":"bakeca-it-anuncio-super-top-durante-4-dias","status":"publish","type":"product","link":"https:\/\/pubblicityweb.eu\/es\/producto\/bakeca-it-anuncio-super-top-durante-4-dias\/","title":{"rendered":"BAKECA.IT &#8211; Anuncio Super Top durante 4 d\u00edas"},"content":{"rendered":"<p>Anuncio fotogr\u00e1fico con promoci\u00f3n diaria en la portada de la ciudad elegida, con una duraci\u00f3n de 4 d\u00edas,<\/p>\n<p>en Super Top, dentro de un horario preestablecido (8:00 &#8211; 00:00).<\/p>\n","protected":false},"excerpt":{"rendered":"<p><a href=\"https:\/\/www.bakeca.it\/\">www.bakeca.it\/<\/a><\/p>\n<p>Destaca tu anuncio en la primera posici\u00f3n del Super Top con una publicaci\u00f3n diaria durante 4 d\u00edas.<\/p>\n","protected":false},"featured_media":311095,"template":"","meta":{"_monsterinsights_skip_tracking":false,"_monsterinsights_sitenote_active":false,"_monsterinsights_sitenote_note":"","_monsterinsights_sitenote_category":0},"product_brand":[],"product_cat":[1099,1131,1136,1142,1137,1109,1121,1145],"product_tag":[],"class_list":{"0":"post-311112","1":"product","2":"type-product","3":"status-publish","4":"has-post-thumbnail","6":"product_cat-casas","7":"product_cat-compra-venta","8":"product_cat-electronica","9":"product_cat-en-la-ciudad","10":"product_cat-formacion","11":"product_cat-motores","12":"product_cat-servicios","13":"product_cat-trabajo","14":"","15":"woocommerce-text-align-center","16":"woocommerce-image-align-center","17":"do-quantity-buttons","19":"first","20":"instock","21":"virtual","22":"taxable","23":"purchasable","24":"product-type-simple"},"aioseo_notices":[],"_links":{"self":[{"href":"https:\/\/pubblicityweb.eu\/es\/wp-json\/wp\/v2\/product\/311112","targetHints":{"allow":["GET"]}}],"collection":[{"href":"https:\/\/pubblicityweb.eu\/es\/wp-json\/wp\/v2\/product"}],"about":[{"href":"https:\/\/pubblicityweb.eu\/es\/wp-json\/wp\/v2\/types\/product"}],"wp:featuredmedia":[{"embeddable":true,"href":"https:\/\/pubblicityweb.eu\/es\/wp-json\/wp\/v2\/media\/311095"}],"wp:attachment":[{"href":"https:\/\/pubblicityweb.eu\/es\/wp-json\/wp\/v2\/media?parent=311112"}],"wp:term":[{"taxonomy":"product_brand","embeddable":true,"href":"https:\/\/pubblicityweb.eu\/es\/wp-json\/wp\/v2\/product_brand?post=311112"},{"taxonomy":"product_cat","embeddable":true,"href":"https:\/\/pubblicityweb.eu\/es\/wp-json\/wp\/v2\/product_cat?post=311112"},{"taxonomy":"product_tag","embeddable":true,"href":"https:\/\/pubblicityweb.eu\/es\/wp-json\/wp\/v2\/product_tag?post=311112"}],"curies":[{"name":"wp","href":"https:\/\/api.w.org\/{rel}","templated":true}]}}