{"id":12532,"date":"2022-12-15T16:18:36","date_gmt":"2022-12-15T15:18:36","guid":{"rendered":"https:\/\/pubblicityweb.eu\/silver-video-editing-edicion-de-video-multiplataforma-avi-mpg-h264-mov-wmv\/"},"modified":"2026-03-21T19:03:50","modified_gmt":"2026-03-21T18:03:50","slug":"publicidad-fotografica-free-con-3-salida-por-7-dias","status":"publish","type":"product","link":"https:\/\/pubblicityweb.eu\/es\/producto\/publicidad-fotografica-free-con-3-salida-por-7-dias\/","title":{"rendered":"ANNUNCI.NET  Inserci\u00f3n publicitaria FREE con 3 subidas durante 7 d\u00edas."},"content":{"rendered":"<p>Publicidad fotogr\u00e1fica FREE que permanece en portada de la ciudad elegida sin fotos de escaparate, 3 veces al d\u00eda, en las franjas horarias habituales durante 7 d\u00edas.<\/p>\n","protected":false},"excerpt":{"rendered":"<p><a href=\"https:\/\/www.annunci.net\/\">https:\/\/www.annunci.net\/<\/a><\/p>\n<p>Publicidad FREE durante 7 d\u00edas con 3 anuncios por d\u00eda, en franjas horarias est\u00e1ndar.<\/p>\n","protected":false},"featured_media":60906,"template":"","meta":{"_monsterinsights_skip_tracking":false,"_monsterinsights_sitenote_active":false,"_monsterinsights_sitenote_note":"","_monsterinsights_sitenote_category":0},"product_brand":[],"product_cat":[1123,1094,1148,1149,1125,1118,1121],"product_tag":[],"class_list":{"0":"post-12532","1":"product","2":"type-product","3":"status-publish","4":"has-post-thumbnail","6":"product_cat-deportes-y-ocio","7":"product_cat-equipos","8":"product_cat-masajes","9":"product_cat-matrimonio-y-amistades","10":"product_cat-ocio","11":"product_cat-publico","12":"product_cat-servicios","13":"","14":"woocommerce-text-align-center","15":"woocommerce-image-align-center","16":"do-quantity-buttons","18":"first","19":"instock","20":"virtual","21":"taxable","22":"purchasable","23":"product-type-simple"},"aioseo_notices":[],"_links":{"self":[{"href":"https:\/\/pubblicityweb.eu\/es\/wp-json\/wp\/v2\/product\/12532","targetHints":{"allow":["GET"]}}],"collection":[{"href":"https:\/\/pubblicityweb.eu\/es\/wp-json\/wp\/v2\/product"}],"about":[{"href":"https:\/\/pubblicityweb.eu\/es\/wp-json\/wp\/v2\/types\/product"}],"wp:featuredmedia":[{"embeddable":true,"href":"https:\/\/pubblicityweb.eu\/es\/wp-json\/wp\/v2\/media\/60906"}],"wp:attachment":[{"href":"https:\/\/pubblicityweb.eu\/es\/wp-json\/wp\/v2\/media?parent=12532"}],"wp:term":[{"taxonomy":"product_brand","embeddable":true,"href":"https:\/\/pubblicityweb.eu\/es\/wp-json\/wp\/v2\/product_brand?post=12532"},{"taxonomy":"product_cat","embeddable":true,"href":"https:\/\/pubblicityweb.eu\/es\/wp-json\/wp\/v2\/product_cat?post=12532"},{"taxonomy":"product_tag","embeddable":true,"href":"https:\/\/pubblicityweb.eu\/es\/wp-json\/wp\/v2\/product_tag?post=12532"}],"curies":[{"name":"wp","href":"https:\/\/api.w.org\/{rel}","templated":true}]}}