{"id":12531,"date":"2022-12-15T16:15:39","date_gmt":"2022-12-15T15:15:39","guid":{"rendered":"https:\/\/pubblicityweb.eu\/editing-de-video-basica-edicion-de-video-multiplataforma-gif\/"},"modified":"2024-10-09T19:10:10","modified_gmt":"2024-10-09T18:10:10","slug":"editing-de-video-basica-edicion-de-video-multiplataforma-gif","status":"publish","type":"product","link":"https:\/\/pubblicityweb.eu\/es\/producto\/editing-de-video-basica-edicion-de-video-multiplataforma-gif\/","title":{"rendered":"OCCHI.IT  Inserci\u00f3n publicitaria FREE con 3 subidas durante 4 d\u00edas."},"content":{"rendered":"<p>Publicidad fotogr\u00e1fica FREE que permanece en portada de la ciudad elegida sin fotos de escaparate, 3 veces al d\u00eda, en las franjas horarias habituales durante 4 d\u00edas.<\/p>\n","protected":false},"excerpt":{"rendered":"<p><a href=\"https:\/\/occhi.it\/annunci\/\">https:\/\/occhi.it\/annunci\/<\/a><\/p>\n","protected":false},"featured_media":87461,"template":"","meta":{"_monsterinsights_skip_tracking":false,"_monsterinsights_sitenote_active":false,"_monsterinsights_sitenote_note":"","_monsterinsights_sitenote_category":0},"product_brand":[],"product_cat":[1122],"product_tag":[],"class_list":{"0":"post-12531","1":"product","2":"type-product","3":"status-publish","4":"has-post-thumbnail","6":"product_cat-sin-categorizar-es","7":"","8":"woocommerce-text-align-center","9":"woocommerce-image-align-center","10":"do-quantity-buttons","12":"first","13":"instock","14":"virtual","15":"taxable","16":"purchasable","17":"product-type-simple"},"aioseo_notices":[],"_links":{"self":[{"href":"https:\/\/pubblicityweb.eu\/es\/wp-json\/wp\/v2\/product\/12531","targetHints":{"allow":["GET"]}}],"collection":[{"href":"https:\/\/pubblicityweb.eu\/es\/wp-json\/wp\/v2\/product"}],"about":[{"href":"https:\/\/pubblicityweb.eu\/es\/wp-json\/wp\/v2\/types\/product"}],"wp:featuredmedia":[{"embeddable":true,"href":"https:\/\/pubblicityweb.eu\/es\/wp-json\/wp\/v2\/media\/87461"}],"wp:attachment":[{"href":"https:\/\/pubblicityweb.eu\/es\/wp-json\/wp\/v2\/media?parent=12531"}],"wp:term":[{"taxonomy":"product_brand","embeddable":true,"href":"https:\/\/pubblicityweb.eu\/es\/wp-json\/wp\/v2\/product_brand?post=12531"},{"taxonomy":"product_cat","embeddable":true,"href":"https:\/\/pubblicityweb.eu\/es\/wp-json\/wp\/v2\/product_cat?post=12531"},{"taxonomy":"product_tag","embeddable":true,"href":"https:\/\/pubblicityweb.eu\/es\/wp-json\/wp\/v2\/product_tag?post=12531"}],"curies":[{"name":"wp","href":"https:\/\/api.w.org\/{rel}","templated":true}]}}