{"id":12528,"date":"2022-12-15T16:11:09","date_gmt":"2022-12-15T15:11:09","guid":{"rendered":"https:\/\/pubblicityweb.eu\/instalacion-y-configuracion-de-buzones-de-correo-electronico-y-pec\/"},"modified":"2024-10-09T18:16:52","modified_gmt":"2024-10-09T17:16:52","slug":"instalacion-y-configuracion-de-buzones-de-correo-electronico-y-pec","status":"publish","type":"product","link":"https:\/\/pubblicityweb.eu\/es\/producto\/instalacion-y-configuracion-de-buzones-de-correo-electronico-y-pec\/","title":{"rendered":"MEGAVOCE.IT  Anuncio FREE con 5 salida durante 7 d\u00edas"},"content":{"rendered":"<p>Publicaci\u00f3n fotogr\u00e1fica FREE que permanece en portada de la ciudad elegida sin fotos de escaparate, 5 veces al d\u00eda, en el horario habitual de 09:00\/21:00 durante 7 d\u00edas.<\/p>\n","protected":false},"excerpt":{"rendered":"<p><a href=\"https:\/\/www.megavoce.it\/categorie\/servizi-di-cartomanzia.html\">https:\/\/www.megavoce.it\/categorie\/servizi-di-cartomanzia.html<\/a><\/p>\n","protected":false},"featured_media":87470,"template":"","meta":{"_monsterinsights_skip_tracking":false,"_monsterinsights_sitenote_active":false,"_monsterinsights_sitenote_note":"","_monsterinsights_sitenote_category":0},"product_brand":[],"product_cat":[1122],"product_tag":[],"class_list":{"0":"post-12528","1":"product","2":"type-product","3":"status-publish","4":"has-post-thumbnail","6":"product_cat-sin-categorizar-es","7":"","8":"woocommerce-text-align-center","9":"woocommerce-image-align-center","10":"do-quantity-buttons","12":"first","13":"instock","14":"virtual","15":"taxable","16":"purchasable","17":"product-type-simple"},"aioseo_notices":[],"_links":{"self":[{"href":"https:\/\/pubblicityweb.eu\/es\/wp-json\/wp\/v2\/product\/12528","targetHints":{"allow":["GET"]}}],"collection":[{"href":"https:\/\/pubblicityweb.eu\/es\/wp-json\/wp\/v2\/product"}],"about":[{"href":"https:\/\/pubblicityweb.eu\/es\/wp-json\/wp\/v2\/types\/product"}],"wp:featuredmedia":[{"embeddable":true,"href":"https:\/\/pubblicityweb.eu\/es\/wp-json\/wp\/v2\/media\/87470"}],"wp:attachment":[{"href":"https:\/\/pubblicityweb.eu\/es\/wp-json\/wp\/v2\/media?parent=12528"}],"wp:term":[{"taxonomy":"product_brand","embeddable":true,"href":"https:\/\/pubblicityweb.eu\/es\/wp-json\/wp\/v2\/product_brand?post=12528"},{"taxonomy":"product_cat","embeddable":true,"href":"https:\/\/pubblicityweb.eu\/es\/wp-json\/wp\/v2\/product_cat?post=12528"},{"taxonomy":"product_tag","embeddable":true,"href":"https:\/\/pubblicityweb.eu\/es\/wp-json\/wp\/v2\/product_tag?post=12528"}],"curies":[{"name":"wp","href":"https:\/\/api.w.org\/{rel}","templated":true}]}}