{"id":12526,"date":"2022-12-15T16:08:35","date_gmt":"2022-12-15T15:08:35","guid":{"rendered":"https:\/\/pubblicityweb.eu\/desarrollo-de-macros-vba-para-el-entorno-office-word-excel-access-visual-basic-para-aplicacion-vba\/"},"modified":"2024-10-09T18:10:39","modified_gmt":"2024-10-09T17:10:39","slug":"desarrollo-de-macros-vba-para-el-entorno-office-word-excel-access-visual-basic-para-aplicacion-vba","status":"publish","type":"product","link":"https:\/\/pubblicityweb.eu\/es\/producto\/desarrollo-de-macros-vba-para-el-entorno-office-word-excel-access-visual-basic-para-aplicacion-vba\/","title":{"rendered":"AAANNUNCI.IT  Publicidad FREE con 3 salida durante 7 d\u00edas"},"content":{"rendered":"<p>Publicidad Anuncio fotogr\u00e1fico FREE que permanece en portada de la ciudad elegida sin fotos de escaparate, 3 salida con una duraci\u00f3n de 7 d\u00edas.<\/p>\n","protected":false},"excerpt":{"rendered":"<p><a href=\"https:\/\/servizi.aaannunci.it\/\">https:\/\/servizi.aaannunci.it\/<\/a><\/p>\n","protected":false},"featured_media":87464,"template":"","meta":{"_monsterinsights_skip_tracking":false,"_monsterinsights_sitenote_active":false,"_monsterinsights_sitenote_note":"","_monsterinsights_sitenote_category":0},"product_brand":[],"product_cat":[1122],"product_tag":[],"class_list":{"0":"post-12526","1":"product","2":"type-product","3":"status-publish","4":"has-post-thumbnail","6":"product_cat-sin-categorizar-es","7":"","8":"woocommerce-text-align-center","9":"woocommerce-image-align-center","10":"do-quantity-buttons","12":"first","13":"instock","14":"virtual","15":"taxable","16":"purchasable","17":"product-type-simple"},"aioseo_notices":[],"_links":{"self":[{"href":"https:\/\/pubblicityweb.eu\/es\/wp-json\/wp\/v2\/product\/12526","targetHints":{"allow":["GET"]}}],"collection":[{"href":"https:\/\/pubblicityweb.eu\/es\/wp-json\/wp\/v2\/product"}],"about":[{"href":"https:\/\/pubblicityweb.eu\/es\/wp-json\/wp\/v2\/types\/product"}],"wp:featuredmedia":[{"embeddable":true,"href":"https:\/\/pubblicityweb.eu\/es\/wp-json\/wp\/v2\/media\/87464"}],"wp:attachment":[{"href":"https:\/\/pubblicityweb.eu\/es\/wp-json\/wp\/v2\/media?parent=12526"}],"wp:term":[{"taxonomy":"product_brand","embeddable":true,"href":"https:\/\/pubblicityweb.eu\/es\/wp-json\/wp\/v2\/product_brand?post=12526"},{"taxonomy":"product_cat","embeddable":true,"href":"https:\/\/pubblicityweb.eu\/es\/wp-json\/wp\/v2\/product_cat?post=12526"},{"taxonomy":"product_tag","embeddable":true,"href":"https:\/\/pubblicityweb.eu\/es\/wp-json\/wp\/v2\/product_tag?post=12526"}],"curies":[{"name":"wp","href":"https:\/\/api.w.org\/{rel}","templated":true}]}}