{"id":12524,"date":"2022-12-15T16:00:52","date_gmt":"2022-12-15T15:00:52","guid":{"rendered":"https:\/\/pubblicityweb.eu\/asesoramiento-sobre-la-instalacion-de-la-aplicacion-android-ios-y-bakcup\/"},"modified":"2024-10-09T17:44:39","modified_gmt":"2024-10-09T16:44:39","slug":"asesoramiento-sobre-la-instalacion-de-la-aplicacion-android-ios-y-bakcup","status":"publish","type":"product","link":"https:\/\/pubblicityweb.eu\/es\/producto\/asesoramiento-sobre-la-instalacion-de-la-aplicacion-android-ios-y-bakcup\/","title":{"rendered":"LALUNA.IT  Publicaci\u00f3n del anuncio FREE climb the top 2 durante 3 d\u00edas"},"content":{"rendered":"<p>Publicidad fotogr\u00e1fica FREE con promoci\u00f3n con 2 promociones diarias en portada de la ciudad elegida, con duraci\u00f3n de 3 d\u00edas, en horario preestablecido (H10:00-H22:00)<\/p>\n","protected":false},"excerpt":{"rendered":"<p><a href=\"https:\/\/www.laluna.it\/annunci\/\">https:\/\/www.laluna.it\/annunci\/<\/a><\/p>\n","protected":false},"featured_media":87485,"template":"","meta":{"_monsterinsights_skip_tracking":false,"_monsterinsights_sitenote_active":false,"_monsterinsights_sitenote_note":"","_monsterinsights_sitenote_category":0},"product_brand":[],"product_cat":[1085],"product_tag":[],"class_list":{"0":"post-12524","1":"product","2":"type-product","3":"status-publish","4":"has-post-thumbnail","6":"product_cat-servicios-de-consultoria","7":"","8":"woocommerce-text-align-center","9":"woocommerce-image-align-center","10":"do-quantity-buttons","12":"first","13":"instock","14":"virtual","15":"taxable","16":"purchasable","17":"product-type-simple"},"aioseo_notices":[],"_links":{"self":[{"href":"https:\/\/pubblicityweb.eu\/es\/wp-json\/wp\/v2\/product\/12524","targetHints":{"allow":["GET"]}}],"collection":[{"href":"https:\/\/pubblicityweb.eu\/es\/wp-json\/wp\/v2\/product"}],"about":[{"href":"https:\/\/pubblicityweb.eu\/es\/wp-json\/wp\/v2\/types\/product"}],"wp:featuredmedia":[{"embeddable":true,"href":"https:\/\/pubblicityweb.eu\/es\/wp-json\/wp\/v2\/media\/87485"}],"wp:attachment":[{"href":"https:\/\/pubblicityweb.eu\/es\/wp-json\/wp\/v2\/media?parent=12524"}],"wp:term":[{"taxonomy":"product_brand","embeddable":true,"href":"https:\/\/pubblicityweb.eu\/es\/wp-json\/wp\/v2\/product_brand?post=12524"},{"taxonomy":"product_cat","embeddable":true,"href":"https:\/\/pubblicityweb.eu\/es\/wp-json\/wp\/v2\/product_cat?post=12524"},{"taxonomy":"product_tag","embeddable":true,"href":"https:\/\/pubblicityweb.eu\/es\/wp-json\/wp\/v2\/product_tag?post=12524"}],"curies":[{"name":"wp","href":"https:\/\/api.w.org\/{rel}","templated":true}]}}