{"id":12520,"date":"2022-12-15T15:53:31","date_gmt":"2022-12-15T14:53:31","guid":{"rendered":"https:\/\/pubblicityweb.eu\/retoque-fotografico-para-5-imagenes\/"},"modified":"2022-12-15T18:19:50","modified_gmt":"2022-12-15T17:19:50","slug":"retoque-fotografico-para-5-imagenes","status":"publish","type":"product","link":"https:\/\/pubblicityweb.eu\/es\/producto\/retoque-fotografico-para-5-imagenes\/","title":{"rendered":"Retoque fotogr\u00e1fico para 5 im\u00e1genes"},"content":{"rendered":"<p>selecci\u00f3n de bordes, m\u00e1scaras de correcci\u00f3n (b\u00e1sico), peque\u00f1os retoques \/ limpieza, sombras, cambio de color, cambio de fondo<\/p>\n","protected":false},"excerpt":{"rendered":"<p>SERVICIO DE CONSULTOR\u00cdA<br \/>formato de archivo de salida, recorte de imagen de contorno (simple y complejo)<\/p>\n","protected":false},"featured_media":88698,"template":"","meta":{"_monsterinsights_skip_tracking":false,"_monsterinsights_sitenote_active":false,"_monsterinsights_sitenote_note":"","_monsterinsights_sitenote_category":0},"product_brand":[],"product_cat":[1085],"product_tag":[],"class_list":{"0":"post-12520","1":"product","2":"type-product","3":"status-publish","4":"has-post-thumbnail","6":"product_cat-servicios-de-consultoria","7":"","8":"woocommerce-text-align-center","9":"woocommerce-image-align-center","10":"do-quantity-buttons","12":"first","13":"instock","14":"virtual","15":"taxable","16":"purchasable","17":"product-type-simple"},"aioseo_notices":[],"_links":{"self":[{"href":"https:\/\/pubblicityweb.eu\/es\/wp-json\/wp\/v2\/product\/12520","targetHints":{"allow":["GET"]}}],"collection":[{"href":"https:\/\/pubblicityweb.eu\/es\/wp-json\/wp\/v2\/product"}],"about":[{"href":"https:\/\/pubblicityweb.eu\/es\/wp-json\/wp\/v2\/types\/product"}],"wp:featuredmedia":[{"embeddable":true,"href":"https:\/\/pubblicityweb.eu\/es\/wp-json\/wp\/v2\/media\/88698"}],"wp:attachment":[{"href":"https:\/\/pubblicityweb.eu\/es\/wp-json\/wp\/v2\/media?parent=12520"}],"wp:term":[{"taxonomy":"product_brand","embeddable":true,"href":"https:\/\/pubblicityweb.eu\/es\/wp-json\/wp\/v2\/product_brand?post=12520"},{"taxonomy":"product_cat","embeddable":true,"href":"https:\/\/pubblicityweb.eu\/es\/wp-json\/wp\/v2\/product_cat?post=12520"},{"taxonomy":"product_tag","embeddable":true,"href":"https:\/\/pubblicityweb.eu\/es\/wp-json\/wp\/v2\/product_tag?post=12520"}],"curies":[{"name":"wp","href":"https:\/\/api.w.org\/{rel}","templated":true}]}}