{"id":12514,"date":"2022-12-15T15:42:23","date_gmt":"2022-12-15T14:42:23","guid":{"rendered":"https:\/\/pubblicityweb.eu\/asistente-secretaria-virtual-servicios-online-durante-14-dias-h09-00-h21-00\/"},"modified":"2024-10-08T23:17:59","modified_gmt":"2024-10-08T22:17:59","slug":"pacchetto-annunci-8-siti-web-formula-gran-risparmio-per-1-mese","status":"publish","type":"product","link":"https:\/\/pubblicityweb.eu\/es\/producto\/pacchetto-annunci-8-siti-web-formula-gran-risparmio-per-1-mese\/","title":{"rendered":"PAQUETE DE ANUNCIOS 8 SITIOS WEB &#8211; F\u00d3RMULA DE GRAN AHORRO durante 1 mes"},"content":{"rendered":"<p>Anuncios GRATIS en 6 webs con 3 apariciones diarias en portada durante 30 d\u00edas (franja horaria 09:00\/12:00 &#8211; 14:00\/17:00 &#8211; 18:00\/21:00)\u00a0 + anuncio en Bakeca con 1 publicaci\u00f3n diaria para 30 d\u00edas (Horario est\u00e1ndar) + anuncio en Tuttoannunci.org con 1 publicaci\u00f3n diaria durante 30 d\u00edas (Visibilidad Premium)<\/p>\n","protected":false},"excerpt":{"rendered":"<p>Anuncios GRATIS en 6 webs con 3 apariciones diarias en portada durante 30 d\u00edas (franja horaria 09:00\/12:00 &#8211; 14:00\/17:00 &#8211; 18:00\/21:00)\u00a0 + anuncio en Bakeca con 1 publicaci\u00f3n diaria para 30 d\u00edas (Horario est\u00e1ndar) + anuncio en Tuttoannunci.org con 1 publicaci\u00f3n diaria durante 30 d\u00edas (Visibilidad Premium)<\/p>\n","protected":false},"featured_media":88611,"template":"","meta":{"_monsterinsights_skip_tracking":false,"_monsterinsights_sitenote_active":false,"_monsterinsights_sitenote_note":"","_monsterinsights_sitenote_category":0},"product_brand":[],"product_cat":[1122],"product_tag":[],"class_list":{"0":"post-12514","1":"product","2":"type-product","3":"status-publish","4":"has-post-thumbnail","6":"product_cat-sin-categorizar-es","7":"","8":"woocommerce-text-align-center","9":"woocommerce-image-align-center","10":"do-quantity-buttons","12":"first","13":"instock","14":"virtual","15":"taxable","16":"purchasable","17":"product-type-simple"},"aioseo_notices":[],"_links":{"self":[{"href":"https:\/\/pubblicityweb.eu\/es\/wp-json\/wp\/v2\/product\/12514","targetHints":{"allow":["GET"]}}],"collection":[{"href":"https:\/\/pubblicityweb.eu\/es\/wp-json\/wp\/v2\/product"}],"about":[{"href":"https:\/\/pubblicityweb.eu\/es\/wp-json\/wp\/v2\/types\/product"}],"wp:featuredmedia":[{"embeddable":true,"href":"https:\/\/pubblicityweb.eu\/es\/wp-json\/wp\/v2\/media\/88611"}],"wp:attachment":[{"href":"https:\/\/pubblicityweb.eu\/es\/wp-json\/wp\/v2\/media?parent=12514"}],"wp:term":[{"taxonomy":"product_brand","embeddable":true,"href":"https:\/\/pubblicityweb.eu\/es\/wp-json\/wp\/v2\/product_brand?post=12514"},{"taxonomy":"product_cat","embeddable":true,"href":"https:\/\/pubblicityweb.eu\/es\/wp-json\/wp\/v2\/product_cat?post=12514"},{"taxonomy":"product_tag","embeddable":true,"href":"https:\/\/pubblicityweb.eu\/es\/wp-json\/wp\/v2\/product_tag?post=12514"}],"curies":[{"name":"wp","href":"https:\/\/api.w.org\/{rel}","templated":true}]}}