{"id":12513,"date":"2022-12-15T15:41:06","date_gmt":"2022-12-15T14:41:06","guid":{"rendered":"https:\/\/pubblicityweb.eu\/asistente-secretaria-virtual-servicios-online-durante-7-dias-h09-00-h21-00\/"},"modified":"2025-10-13T11:33:29","modified_gmt":"2025-10-13T10:33:29","slug":"pacchetto-annunci-10-siti-web-formula-gran-risparmio-per-1-meseasistente-secretaria-virtual-servicios-online-durante-7-dias-h09-00-h21-00","status":"publish","type":"product","link":"https:\/\/pubblicityweb.eu\/es\/producto\/pacchetto-annunci-10-siti-web-formula-gran-risparmio-per-1-meseasistente-secretaria-virtual-servicios-online-durante-7-dias-h09-00-h21-00\/","title":{"rendered":"PAQUETE DE PUBLICIDAD 10 SITIOS WEB &#8211; F\u00d3RMULA DE GRAN AHORRO por 1 Mes"},"content":{"rendered":"<p>Anuncios GRATUITOS en 9 webs con 3 apariciones diarias en portada durante 30 d\u00edas (franja horaria 09:00\/12:00 &#8211; 14:00\/17:00 &#8211; 18:00\/21:00) + anuncio en Bakeca con 1 publicaci\u00f3n diariamente durante 30 d\u00edas (horario est\u00e1ndar)<\/p>\n","protected":false},"excerpt":{"rendered":"<p>Anuncios GRATUITOS en 9 webs con 3 apariciones diarias en portada durante 30 d\u00edas (franja horaria 09:00\/12:00 &#8211; 14:00\/17:00 &#8211; 18:00\/21:00) + anuncio en Bakeca con 1 publicaci\u00f3n diariamente durante 30 d\u00edas (horario est\u00e1ndar)<\/p>\n","protected":false},"featured_media":86478,"template":"","meta":{"_monsterinsights_skip_tracking":false,"_monsterinsights_sitenote_active":false,"_monsterinsights_sitenote_note":"","_monsterinsights_sitenote_category":0},"product_brand":[],"product_cat":[1122],"product_tag":[],"class_list":{"0":"post-12513","1":"product","2":"type-product","3":"status-publish","4":"has-post-thumbnail","6":"product_cat-sin-categorizar-es","7":"","8":"woocommerce-text-align-center","9":"woocommerce-image-align-center","10":"do-quantity-buttons","12":"first","13":"instock","14":"virtual","15":"taxable","16":"purchasable","17":"product-type-simple"},"aioseo_notices":[],"_links":{"self":[{"href":"https:\/\/pubblicityweb.eu\/es\/wp-json\/wp\/v2\/product\/12513","targetHints":{"allow":["GET"]}}],"collection":[{"href":"https:\/\/pubblicityweb.eu\/es\/wp-json\/wp\/v2\/product"}],"about":[{"href":"https:\/\/pubblicityweb.eu\/es\/wp-json\/wp\/v2\/types\/product"}],"wp:featuredmedia":[{"embeddable":true,"href":"https:\/\/pubblicityweb.eu\/es\/wp-json\/wp\/v2\/media\/86478"}],"wp:attachment":[{"href":"https:\/\/pubblicityweb.eu\/es\/wp-json\/wp\/v2\/media?parent=12513"}],"wp:term":[{"taxonomy":"product_brand","embeddable":true,"href":"https:\/\/pubblicityweb.eu\/es\/wp-json\/wp\/v2\/product_brand?post=12513"},{"taxonomy":"product_cat","embeddable":true,"href":"https:\/\/pubblicityweb.eu\/es\/wp-json\/wp\/v2\/product_cat?post=12513"},{"taxonomy":"product_tag","embeddable":true,"href":"https:\/\/pubblicityweb.eu\/es\/wp-json\/wp\/v2\/product_tag?post=12513"}],"curies":[{"name":"wp","href":"https:\/\/api.w.org\/{rel}","templated":true}]}}