{"id":12508,"date":"2022-12-15T14:13:01","date_gmt":"2022-12-15T13:13:01","guid":{"rendered":"https:\/\/pubblicityweb.eu\/profesional-tls-5-por-3-dias\/"},"modified":"2024-10-08T22:54:48","modified_gmt":"2024-10-08T21:54:48","slug":"profesional-tls-5-por-3-dias","status":"publish","type":"product","link":"https:\/\/pubblicityweb.eu\/es\/producto\/profesional-tls-5-por-3-dias\/","title":{"rendered":"TUTTOANNUNCI.ORG &#8211; Profesional TLS 5  por 3 d\u00edas Silver"},"content":{"rendered":"<p>Anuncio fotogr\u00e1fico con cinco ascensos por d\u00eda en la primera p\u00e1gina de la ciudad elegida, por una duraci\u00f3n de 3 d\u00edas, en un horario preestablecido (H10:00-H22:00)<\/p>\n","protected":false},"excerpt":{"rendered":"<p><a href=\"https:\/\/tuttoannunci.org\/\">https:\/\/tuttoannunci.org\/<\/a><br \/>\nDestacar su anuncio en primera posici\u00f3n 5 veces al d\u00eda durante 3 d\u00edas<\/p>\n","protected":false},"featured_media":88620,"template":"","meta":{"_monsterinsights_skip_tracking":false,"_monsterinsights_sitenote_active":false,"_monsterinsights_sitenote_note":"","_monsterinsights_sitenote_category":0},"product_brand":[],"product_cat":[1090,1130,1133,1094,1140,1121,1145,1128],"product_tag":[],"class_list":{"0":"post-12508","1":"product","2":"type-product","3":"status-publish","4":"has-post-thumbnail","6":"product_cat-animales","7":"product_cat-compra-y-venta-es","8":"product_cat-cursos","9":"product_cat-equipos","10":"product_cat-inmobiliaria","11":"product_cat-servicios","12":"product_cat-trabajo","13":"product_cat-vehiculos","14":"","15":"woocommerce-text-align-center","16":"woocommerce-image-align-center","17":"do-quantity-buttons","19":"first","20":"instock","21":"virtual","22":"taxable","23":"purchasable","24":"product-type-simple"},"aioseo_notices":[],"_links":{"self":[{"href":"https:\/\/pubblicityweb.eu\/es\/wp-json\/wp\/v2\/product\/12508","targetHints":{"allow":["GET"]}}],"collection":[{"href":"https:\/\/pubblicityweb.eu\/es\/wp-json\/wp\/v2\/product"}],"about":[{"href":"https:\/\/pubblicityweb.eu\/es\/wp-json\/wp\/v2\/types\/product"}],"wp:featuredmedia":[{"embeddable":true,"href":"https:\/\/pubblicityweb.eu\/es\/wp-json\/wp\/v2\/media\/88620"}],"wp:attachment":[{"href":"https:\/\/pubblicityweb.eu\/es\/wp-json\/wp\/v2\/media?parent=12508"}],"wp:term":[{"taxonomy":"product_brand","embeddable":true,"href":"https:\/\/pubblicityweb.eu\/es\/wp-json\/wp\/v2\/product_brand?post=12508"},{"taxonomy":"product_cat","embeddable":true,"href":"https:\/\/pubblicityweb.eu\/es\/wp-json\/wp\/v2\/product_cat?post=12508"},{"taxonomy":"product_tag","embeddable":true,"href":"https:\/\/pubblicityweb.eu\/es\/wp-json\/wp\/v2\/product_tag?post=12508"}],"curies":[{"name":"wp","href":"https:\/\/api.w.org\/{rel}","templated":true}]}}