{"id":12500,"date":"2022-12-15T13:58:09","date_gmt":"2022-12-15T12:58:09","guid":{"rendered":"https:\/\/pubblicityweb.eu\/5-climb-to-the-top-por-30-dias\/"},"modified":"2026-02-16T18:32:21","modified_gmt":"2026-02-16T17:32:21","slug":"5-climb-to-the-top-por-30-dias","status":"publish","type":"product","link":"https:\/\/pubblicityweb.eu\/es\/producto\/5-climb-to-the-top-por-30-dias\/","title":{"rendered":"BAKECA.IT-LABEL SUPER TOP 5 Climb to the top por 30 d\u00edas"},"content":{"rendered":"<p>Anuncio fotogr\u00e1fico LABEL SUPER TOP con cinco salidas\u00a0 por d\u00eda en la primera p\u00e1gina de la ciudad elegida, por una duraci\u00f3n de 30 d\u00edas, en un horario preestablecido (H10:00-H22:00)<\/p>\n","protected":false},"excerpt":{"rendered":"<p><a href=\"https:\/\/www.bakeca.it\/\">https:\/\/www.bakeca.it\/<\/a><\/p>\n<p>Destacar su anuncio LABEL SUPER TOP en primera posici\u00f3n 5 veces al d\u00eda durante 30 d\u00edas<\/p>\n","protected":false},"featured_media":96135,"template":"","meta":{"_monsterinsights_skip_tracking":false,"_monsterinsights_sitenote_active":false,"_monsterinsights_sitenote_note":"","_monsterinsights_sitenote_category":0},"product_brand":[],"product_cat":[1092,1093,1095,1101,1104,1135,1096,1139,1124,1144,1107,1111,1114,1116,1087,1128],"product_tag":[],"class_list":{"0":"post-12500","1":"product","2":"type-product","3":"status-publish","4":"has-post-thumbnail","6":"product_cat-antiguedades","7":"product_cat-antiguedades-modernas","8":"product_cat-artistico","9":"product_cat-ceramica","10":"product_cat-coleccionables","11":"product_cat-electrodomesticos-y-electronica","12":"product_cat-equipo","13":"product_cat-iluminacion","14":"product_cat-instrumentos-musicales","15":"product_cat-libros","16":"product_cat-mobiliario","17":"product_cat-objetos","18":"product_cat-para-restauracion","19":"product_cat-precioso","20":"product_cat-ropa-y-calzado","21":"product_cat-vehiculos","22":"","23":"woocommerce-text-align-center","24":"woocommerce-image-align-center","25":"do-quantity-buttons","27":"first","28":"instock","29":"virtual","30":"taxable","31":"purchasable","32":"product-type-simple"},"aioseo_notices":[],"_links":{"self":[{"href":"https:\/\/pubblicityweb.eu\/es\/wp-json\/wp\/v2\/product\/12500","targetHints":{"allow":["GET"]}}],"collection":[{"href":"https:\/\/pubblicityweb.eu\/es\/wp-json\/wp\/v2\/product"}],"about":[{"href":"https:\/\/pubblicityweb.eu\/es\/wp-json\/wp\/v2\/types\/product"}],"wp:featuredmedia":[{"embeddable":true,"href":"https:\/\/pubblicityweb.eu\/es\/wp-json\/wp\/v2\/media\/96135"}],"wp:attachment":[{"href":"https:\/\/pubblicityweb.eu\/es\/wp-json\/wp\/v2\/media?parent=12500"}],"wp:term":[{"taxonomy":"product_brand","embeddable":true,"href":"https:\/\/pubblicityweb.eu\/es\/wp-json\/wp\/v2\/product_brand?post=12500"},{"taxonomy":"product_cat","embeddable":true,"href":"https:\/\/pubblicityweb.eu\/es\/wp-json\/wp\/v2\/product_cat?post=12500"},{"taxonomy":"product_tag","embeddable":true,"href":"https:\/\/pubblicityweb.eu\/es\/wp-json\/wp\/v2\/product_tag?post=12500"}],"curies":[{"name":"wp","href":"https:\/\/api.w.org\/{rel}","templated":true}]}}