{"id":12493,"date":"2022-12-15T13:41:12","date_gmt":"2022-12-15T12:41:12","guid":{"rendered":"https:\/\/pubblicityweb.eu\/anuncio-de-linea-prioritaria-durante-15-dias\/"},"modified":"2024-10-28T22:35:37","modified_gmt":"2024-10-28T21:35:37","slug":"top-3-anuncio-de-linea-prioritaria-durante-15-dias","status":"publish","type":"product","link":"https:\/\/pubblicityweb.eu\/es\/producto\/top-3-anuncio-de-linea-prioritaria-durante-15-dias\/","title":{"rendered":"BAKECA.IT &#8211; Top 3 Anuncio de l\u00ednea prioritaria durante 15 d\u00edas"},"content":{"rendered":"<p>Anuncio grafico con 3 ascensos por d\u00eda en la primera l\u00ednea de la ciudad elegida, por una duraci\u00f3n de 15 d\u00edas, en un horario preestablecido (09: 00-21: 00)<\/p>\n","protected":false},"excerpt":{"rendered":"<p><a href=\"https:\/\/www.bakeca.it\/\">www.bakeca.it\/<\/a><br \/>\nEscaparate: el anuncio permanece constantemente al inicio de las b\u00fasquedas en categoria Prioritaria<\/p>\n","protected":false},"featured_media":96138,"template":"","meta":{"_monsterinsights_skip_tracking":false,"_monsterinsights_sitenote_active":false,"_monsterinsights_sitenote_note":"","_monsterinsights_sitenote_category":0},"product_brand":[],"product_cat":[1102,1110],"product_tag":[],"class_list":{"0":"post-12493","1":"product","2":"type-product","3":"status-publish","4":"has-post-thumbnail","6":"product_cat-buscando-trabajo","7":"product_cat-ofrezco-trabajo","8":"","9":"woocommerce-text-align-center","10":"woocommerce-image-align-center","11":"do-quantity-buttons","13":"first","14":"instock","15":"virtual","16":"taxable","17":"purchasable","18":"product-type-simple"},"aioseo_notices":[],"_links":{"self":[{"href":"https:\/\/pubblicityweb.eu\/es\/wp-json\/wp\/v2\/product\/12493","targetHints":{"allow":["GET"]}}],"collection":[{"href":"https:\/\/pubblicityweb.eu\/es\/wp-json\/wp\/v2\/product"}],"about":[{"href":"https:\/\/pubblicityweb.eu\/es\/wp-json\/wp\/v2\/types\/product"}],"wp:featuredmedia":[{"embeddable":true,"href":"https:\/\/pubblicityweb.eu\/es\/wp-json\/wp\/v2\/media\/96138"}],"wp:attachment":[{"href":"https:\/\/pubblicityweb.eu\/es\/wp-json\/wp\/v2\/media?parent=12493"}],"wp:term":[{"taxonomy":"product_brand","embeddable":true,"href":"https:\/\/pubblicityweb.eu\/es\/wp-json\/wp\/v2\/product_brand?post=12493"},{"taxonomy":"product_cat","embeddable":true,"href":"https:\/\/pubblicityweb.eu\/es\/wp-json\/wp\/v2\/product_cat?post=12493"},{"taxonomy":"product_tag","embeddable":true,"href":"https:\/\/pubblicityweb.eu\/es\/wp-json\/wp\/v2\/product_tag?post=12493"}],"curies":[{"name":"wp","href":"https:\/\/api.w.org\/{rel}","templated":true}]}}