{"id":12489,"date":"2022-12-15T13:31:43","date_gmt":"2022-12-15T12:31:43","guid":{"rendered":"https:\/\/pubblicityweb.eu\/anuncio-rojo-por-15-dias\/"},"modified":"2024-10-28T22:22:43","modified_gmt":"2024-10-28T21:22:43","slug":"top-3-anuncio-rojo-por-15-dias","status":"publish","type":"product","link":"https:\/\/pubblicityweb.eu\/es\/producto\/top-3-anuncio-rojo-por-15-dias\/","title":{"rendered":"BAKECA.IT &#8211; Top 3 Anuncio rojo por 15 d\u00edas"},"content":{"rendered":"<p>Anuncio fotogr\u00e1fico con 3 ascensos por d\u00eda en la portada de la ciudad elegida, por una duraci\u00f3n de 15 d\u00edas, en un horario preestablecido (09: 00-23: 00)<\/p>\n","protected":false},"excerpt":{"rendered":"<p><a href=\"https:\/\/www.bakeca.it\/\">www.bakeca.it\/<\/a><br \/>\nEscaparate: el anuncio permanece constantemente al inicio de las b\u00fasquedas en categoria Roja<\/p>\n","protected":false},"featured_media":96138,"template":"","meta":{"_monsterinsights_skip_tracking":false,"_monsterinsights_sitenote_active":false,"_monsterinsights_sitenote_note":"","_monsterinsights_sitenote_category":0},"product_brand":[],"product_cat":[1132],"product_tag":[],"class_list":{"0":"post-12489","1":"product","2":"type-product","3":"status-publish","4":"has-post-thumbnail","6":"product_cat-compra-y-vende","7":"","8":"woocommerce-text-align-center","9":"woocommerce-image-align-center","10":"do-quantity-buttons","12":"first","13":"instock","14":"virtual","15":"taxable","16":"purchasable","17":"product-type-simple"},"aioseo_notices":[],"_links":{"self":[{"href":"https:\/\/pubblicityweb.eu\/es\/wp-json\/wp\/v2\/product\/12489","targetHints":{"allow":["GET"]}}],"collection":[{"href":"https:\/\/pubblicityweb.eu\/es\/wp-json\/wp\/v2\/product"}],"about":[{"href":"https:\/\/pubblicityweb.eu\/es\/wp-json\/wp\/v2\/types\/product"}],"wp:featuredmedia":[{"embeddable":true,"href":"https:\/\/pubblicityweb.eu\/es\/wp-json\/wp\/v2\/media\/96138"}],"wp:attachment":[{"href":"https:\/\/pubblicityweb.eu\/es\/wp-json\/wp\/v2\/media?parent=12489"}],"wp:term":[{"taxonomy":"product_brand","embeddable":true,"href":"https:\/\/pubblicityweb.eu\/es\/wp-json\/wp\/v2\/product_brand?post=12489"},{"taxonomy":"product_cat","embeddable":true,"href":"https:\/\/pubblicityweb.eu\/es\/wp-json\/wp\/v2\/product_cat?post=12489"},{"taxonomy":"product_tag","embeddable":true,"href":"https:\/\/pubblicityweb.eu\/es\/wp-json\/wp\/v2\/product_tag?post=12489"}],"curies":[{"name":"wp","href":"https:\/\/api.w.org\/{rel}","templated":true}]}}