{"id":12485,"date":"2022-12-15T13:21:26","date_gmt":"2022-12-15T12:21:26","guid":{"rendered":"https:\/\/pubblicityweb.eu\/anuncio-basico-durante-7-dias\/"},"modified":"2026-02-05T17:24:42","modified_gmt":"2026-02-05T16:24:42","slug":"anuncio-basico-durante-7-dias","status":"publish","type":"product","link":"https:\/\/pubblicityweb.eu\/es\/producto\/anuncio-basico-durante-7-dias\/","title":{"rendered":"BAKECA.IT &#8211; Anuncio b\u00e1sico durante 7 d\u00edas"},"content":{"rendered":"<p>Anuncio fotogr\u00e1fico con un ascenso por d\u00eda en la primera p\u00e1gina de la ciudad elegida, por una duraci\u00f3n de 7 d\u00edas, en un intervalo de tiempo establecido (08: 00-24: 00)<\/p>\n","protected":false},"excerpt":{"rendered":"<p><a href=\"https:\/\/www.bakeca.it\/\">www.bakeca.it\/<\/a><br \/>\nDestacar su anuncio en primera posici\u00f3n 3 veces al d\u00eda durante 7 d\u00edas<\/p>\n","protected":false},"featured_media":96138,"template":"","meta":{"_monsterinsights_skip_tracking":false,"_monsterinsights_sitenote_active":false,"_monsterinsights_sitenote_note":"","_monsterinsights_sitenote_category":0},"product_brand":[],"product_cat":[1099,1131,1136,1142,1137,1109,1121,1145],"product_tag":[],"class_list":{"0":"post-12485","1":"product","2":"type-product","3":"status-publish","4":"has-post-thumbnail","6":"product_cat-casas","7":"product_cat-compra-venta","8":"product_cat-electronica","9":"product_cat-en-la-ciudad","10":"product_cat-formacion","11":"product_cat-motores","12":"product_cat-servicios","13":"product_cat-trabajo","14":"","15":"woocommerce-text-align-center","16":"woocommerce-image-align-center","17":"do-quantity-buttons","19":"first","20":"instock","21":"virtual","22":"taxable","23":"purchasable","24":"product-type-simple"},"aioseo_notices":[],"_links":{"self":[{"href":"https:\/\/pubblicityweb.eu\/es\/wp-json\/wp\/v2\/product\/12485","targetHints":{"allow":["GET"]}}],"collection":[{"href":"https:\/\/pubblicityweb.eu\/es\/wp-json\/wp\/v2\/product"}],"about":[{"href":"https:\/\/pubblicityweb.eu\/es\/wp-json\/wp\/v2\/types\/product"}],"wp:featuredmedia":[{"embeddable":true,"href":"https:\/\/pubblicityweb.eu\/es\/wp-json\/wp\/v2\/media\/96138"}],"wp:attachment":[{"href":"https:\/\/pubblicityweb.eu\/es\/wp-json\/wp\/v2\/media?parent=12485"}],"wp:term":[{"taxonomy":"product_brand","embeddable":true,"href":"https:\/\/pubblicityweb.eu\/es\/wp-json\/wp\/v2\/product_brand?post=12485"},{"taxonomy":"product_cat","embeddable":true,"href":"https:\/\/pubblicityweb.eu\/es\/wp-json\/wp\/v2\/product_cat?post=12485"},{"taxonomy":"product_tag","embeddable":true,"href":"https:\/\/pubblicityweb.eu\/es\/wp-json\/wp\/v2\/product_tag?post=12485"}],"curies":[{"name":"wp","href":"https:\/\/api.w.org\/{rel}","templated":true}]}}