{"id":12472,"date":"2022-12-15T12:15:16","date_gmt":"2022-12-15T11:15:16","guid":{"rendered":"https:\/\/pubblicityweb.eu\/anuncio-de-diamantes-durante-14-dias\/"},"modified":"2026-02-22T18:12:43","modified_gmt":"2026-02-22T17:12:43","slug":"anuncio-de-diamantes-durante-14-dias","status":"publish","type":"product","link":"https:\/\/pubblicityweb.eu\/es\/producto\/anuncio-de-diamantes-durante-14-dias\/","title":{"rendered":"VIVASTREET.IT  INCONTRI \u2013 Anuncio en la categor\u00eda Top, que aparece 4 veces diariamente durante 8 d\u00edas"},"content":{"rendered":"<p class=\"p1\">Publicidad fotogr\u00e1fica de primera categor\u00eda TOP, por 4 veces al d\u00eda en primera fila de la ciudad elegida, durante 8 d\u00edas en una franja horaria preestablecida (9:00 am &#8211; 11:00 pm)<\/p>\n","protected":false},"excerpt":{"rendered":"<p><a href=\"https:\/\/vivaincontri.vivastreet.it\/\">https:\/\/www.vivastreet.com\/<\/a><br \/>\nColocaci\u00f3n de Publicidad Top 4 veces al d\u00eda en la ciudad elegida, por una duraci\u00f3n de 8 d\u00edas, franja horaria (9:00am &#8211; 11:00pm)<\/p>\n","protected":false},"featured_media":216310,"template":"","meta":{"_monsterinsights_skip_tracking":false,"_monsterinsights_sitenote_active":false,"_monsterinsights_sitenote_note":"","_monsterinsights_sitenote_category":0},"product_brand":[],"product_cat":[1089,1100,1143,1105,1131,1123,1094,1117,1148,1149,1106,1118,1119,1126],"product_tag":[],"class_list":{"0":"post-12472","1":"product","2":"type-product","3":"status-publish","4":"has-post-thumbnail","6":"product_cat-agencias","7":"product_cat-hogares-y-viajes","8":"product_cat-citas-para-adultos","9":"product_cat-comercial","10":"product_cat-compra-venta","11":"product_cat-deportes-y-ocio","12":"product_cat-equipos","13":"product_cat-hipotecas","14":"product_cat-masajes","15":"product_cat-matrimonio-y-amistades","16":"product_cat-mercado","17":"product_cat-publico","18":"product_cat-residencial","19":"product_cat-turismo-es","20":"","21":"woocommerce-text-align-center","22":"woocommerce-image-align-center","23":"do-quantity-buttons","25":"first","26":"instock","27":"virtual","28":"taxable","29":"purchasable","30":"product-type-simple"},"aioseo_notices":[],"_links":{"self":[{"href":"https:\/\/pubblicityweb.eu\/es\/wp-json\/wp\/v2\/product\/12472","targetHints":{"allow":["GET"]}}],"collection":[{"href":"https:\/\/pubblicityweb.eu\/es\/wp-json\/wp\/v2\/product"}],"about":[{"href":"https:\/\/pubblicityweb.eu\/es\/wp-json\/wp\/v2\/types\/product"}],"wp:featuredmedia":[{"embeddable":true,"href":"https:\/\/pubblicityweb.eu\/es\/wp-json\/wp\/v2\/media\/216310"}],"wp:attachment":[{"href":"https:\/\/pubblicityweb.eu\/es\/wp-json\/wp\/v2\/media?parent=12472"}],"wp:term":[{"taxonomy":"product_brand","embeddable":true,"href":"https:\/\/pubblicityweb.eu\/es\/wp-json\/wp\/v2\/product_brand?post=12472"},{"taxonomy":"product_cat","embeddable":true,"href":"https:\/\/pubblicityweb.eu\/es\/wp-json\/wp\/v2\/product_cat?post=12472"},{"taxonomy":"product_tag","embeddable":true,"href":"https:\/\/pubblicityweb.eu\/es\/wp-json\/wp\/v2\/product_tag?post=12472"}],"curies":[{"name":"wp","href":"https:\/\/api.w.org\/{rel}","templated":true}]}}