{"id":12471,"date":"2022-12-15T12:13:37","date_gmt":"2022-12-15T11:13:37","guid":{"rendered":"https:\/\/pubblicityweb.eu\/anuncio-de-diamantes-durante-7-dias\/"},"modified":"2024-10-08T21:25:00","modified_gmt":"2024-10-08T20:25:00","slug":"anuncio-de-diamantes-durante-7-dias","status":"publish","type":"product","link":"https:\/\/pubblicityweb.eu\/es\/producto\/anuncio-de-diamantes-durante-7-dias\/","title":{"rendered":"SECONDAMANO.IT &#8211; Anuncio FREE VENTA DE F\u00d3RMULA sin caducidad 1 vez al d\u00eda"},"content":{"rendered":"<p class=\"p1\">Publicidad fotogr\u00e1fica 1 vez por d\u00eda en primera fila de la ciudad elegida, por un tiempo sin vencimiento hasta que logres vender tu art\u00edculo, en un horario preestablecido (H06:00-H20:00)<\/p>\n","protected":false},"excerpt":{"rendered":"<p><a href=\"https:\/\/secondamano.it\/\">https:\/\/secondamano.it\/<\/a><br \/>\nel anuncio permanece constantemente al inicio de las b\u00fasquedas, para tener la m\u00e1xima visibilidad a bajo coste<\/p>\n","protected":false},"featured_media":13163,"template":"","meta":{"_monsterinsights_skip_tracking":false,"_monsterinsights_sitenote_active":false,"_monsterinsights_sitenote_note":"","_monsterinsights_sitenote_category":0},"product_brand":[],"product_cat":[1089,1105,1117,1118,1119,1126],"product_tag":[],"class_list":{"0":"post-12471","1":"product","2":"type-product","3":"status-publish","4":"has-post-thumbnail","6":"product_cat-agencias","7":"product_cat-comercial","8":"product_cat-hipotecas","9":"product_cat-publico","10":"product_cat-residencial","11":"product_cat-turismo-es","12":"","13":"woocommerce-text-align-center","14":"woocommerce-image-align-center","15":"do-quantity-buttons","17":"first","18":"instock","19":"virtual","20":"taxable","21":"purchasable","22":"product-type-simple"},"aioseo_notices":[],"_links":{"self":[{"href":"https:\/\/pubblicityweb.eu\/es\/wp-json\/wp\/v2\/product\/12471","targetHints":{"allow":["GET"]}}],"collection":[{"href":"https:\/\/pubblicityweb.eu\/es\/wp-json\/wp\/v2\/product"}],"about":[{"href":"https:\/\/pubblicityweb.eu\/es\/wp-json\/wp\/v2\/types\/product"}],"wp:featuredmedia":[{"embeddable":true,"href":"https:\/\/pubblicityweb.eu\/es\/wp-json\/wp\/v2\/media\/13163"}],"wp:attachment":[{"href":"https:\/\/pubblicityweb.eu\/es\/wp-json\/wp\/v2\/media?parent=12471"}],"wp:term":[{"taxonomy":"product_brand","embeddable":true,"href":"https:\/\/pubblicityweb.eu\/es\/wp-json\/wp\/v2\/product_brand?post=12471"},{"taxonomy":"product_cat","embeddable":true,"href":"https:\/\/pubblicityweb.eu\/es\/wp-json\/wp\/v2\/product_cat?post=12471"},{"taxonomy":"product_tag","embeddable":true,"href":"https:\/\/pubblicityweb.eu\/es\/wp-json\/wp\/v2\/product_tag?post=12471"}],"curies":[{"name":"wp","href":"https:\/\/api.w.org\/{rel}","templated":true}]}}