{"id":12469,"date":"2022-12-15T12:08:45","date_gmt":"2022-12-15T11:08:45","guid":{"rendered":"https:\/\/pubblicityweb.eu\/anuncio-de-diamantes-durante-3-dias\/"},"modified":"2026-02-22T19:28:45","modified_gmt":"2026-02-22T18:28:45","slug":"anuncio-de-diamantes-durante-3-dias","status":"publish","type":"product","link":"https:\/\/pubblicityweb.eu\/es\/producto\/anuncio-de-diamantes-durante-3-dias\/","title":{"rendered":"BAKECA.IT MASSAGGI \u2013 Top List 1 anuncios por 1 d\u00eda"},"content":{"rendered":"<p>Anuncio fotogr\u00e1fico de la categor\u00eda Masajes, destacado en la Lista de los Mejores, con una promoci\u00f3n diaria en la portada de la ciudad seleccionada,<\/p>\n<p>con duraci\u00f3n de un d\u00eda, en un horario predeterminado (9:00 &#8211; 22:00).<\/p>\n","protected":false},"excerpt":{"rendered":"<p><a href=\"https:\/\/www.bakeca.it\/\">www.bakeca.it\/<\/a><br \/>\nResalte su Anuncio de Categor\u00eda de Masajes en primera posici\u00f3n en su ciudad, con lanzamiento en 1 d\u00eda<\/p>\n","protected":false},"featured_media":318936,"template":"","meta":{"_monsterinsights_skip_tracking":false,"_monsterinsights_sitenote_active":false,"_monsterinsights_sitenote_note":"","_monsterinsights_sitenote_category":0},"product_brand":[],"product_cat":[1089,1143,1131,1130,1133,1123,1142,1148,1149,1125,1129,1121,1126],"product_tag":[],"class_list":{"0":"post-12469","1":"product","2":"type-product","3":"status-publish","4":"has-post-thumbnail","6":"product_cat-agencias","7":"product_cat-citas-para-adultos","8":"product_cat-compra-venta","9":"product_cat-compra-y-venta-es","10":"product_cat-cursos","11":"product_cat-deportes-y-ocio","12":"product_cat-en-la-ciudad","13":"product_cat-masajes","14":"product_cat-matrimonio-y-amistades","15":"product_cat-ocio","16":"product_cat-peliculas-y-musica","17":"product_cat-servicios","18":"product_cat-turismo-es","19":"","20":"woocommerce-text-align-center","21":"woocommerce-image-align-center","22":"do-quantity-buttons","24":"first","25":"instock","26":"virtual","27":"taxable","28":"purchasable","29":"product-type-simple"},"aioseo_notices":[],"_links":{"self":[{"href":"https:\/\/pubblicityweb.eu\/es\/wp-json\/wp\/v2\/product\/12469","targetHints":{"allow":["GET"]}}],"collection":[{"href":"https:\/\/pubblicityweb.eu\/es\/wp-json\/wp\/v2\/product"}],"about":[{"href":"https:\/\/pubblicityweb.eu\/es\/wp-json\/wp\/v2\/types\/product"}],"wp:featuredmedia":[{"embeddable":true,"href":"https:\/\/pubblicityweb.eu\/es\/wp-json\/wp\/v2\/media\/318936"}],"wp:attachment":[{"href":"https:\/\/pubblicityweb.eu\/es\/wp-json\/wp\/v2\/media?parent=12469"}],"wp:term":[{"taxonomy":"product_brand","embeddable":true,"href":"https:\/\/pubblicityweb.eu\/es\/wp-json\/wp\/v2\/product_brand?post=12469"},{"taxonomy":"product_cat","embeddable":true,"href":"https:\/\/pubblicityweb.eu\/es\/wp-json\/wp\/v2\/product_cat?post=12469"},{"taxonomy":"product_tag","embeddable":true,"href":"https:\/\/pubblicityweb.eu\/es\/wp-json\/wp\/v2\/product_tag?post=12469"}],"curies":[{"name":"wp","href":"https:\/\/api.w.org\/{rel}","templated":true}]}}