{"id":12468,"date":"2022-12-15T12:06:39","date_gmt":"2022-12-15T11:06:39","guid":{"rendered":"https:\/\/pubblicityweb.eu\/anuncio-de-platino-durante-14-dias\/"},"modified":"2026-03-14T21:20:35","modified_gmt":"2026-03-14T20:20:35","slug":"anuncio-de-una-salida-durante-1-dia-2","status":"publish","type":"product","link":"https:\/\/pubblicityweb.eu\/es\/producto\/anuncio-de-una-salida-durante-1-dia-2\/","title":{"rendered":"BAKECA.IT MASSAGGI \u2013 Anuncio Publicidad de franja horaria \u00fanica (15:00-22:00)"},"content":{"rendered":"<p>Anuncio fotogr\u00e1fico en la categor\u00eda de masajes, con una sola publicaci\u00f3n en la portada de la ciudad elegida, con una duraci\u00f3n de un d\u00eda,<\/p>\n<p>durante un horario predeterminado ( 15:00- 22:00 )<\/p>\n","protected":false},"excerpt":{"rendered":"<p><a href=\"https:\/\/www.bakeca.it\/\">www.bakeca.it\/<\/a><\/p>\n<p>Publicidad fotogr\u00e1fica en la categor\u00eda de Masajes, con promoci\u00f3n diaria en la ciudad y en horarios preestablecidas.<\/p>\n","protected":false},"featured_media":318936,"template":"","meta":{"_monsterinsights_skip_tracking":false,"_monsterinsights_sitenote_active":false,"_monsterinsights_sitenote_note":"","_monsterinsights_sitenote_category":0},"product_brand":[],"product_cat":[1089,1105,1117,1118,1119,1126],"product_tag":[],"class_list":{"0":"post-12468","1":"product","2":"type-product","3":"status-publish","4":"has-post-thumbnail","6":"product_cat-agencias","7":"product_cat-comercial","8":"product_cat-hipotecas","9":"product_cat-publico","10":"product_cat-residencial","11":"product_cat-turismo-es","12":"","13":"woocommerce-text-align-center","14":"woocommerce-image-align-center","15":"do-quantity-buttons","17":"first","18":"instock","19":"virtual","20":"taxable","21":"purchasable","22":"product-type-simple"},"aioseo_notices":[],"_links":{"self":[{"href":"https:\/\/pubblicityweb.eu\/es\/wp-json\/wp\/v2\/product\/12468","targetHints":{"allow":["GET"]}}],"collection":[{"href":"https:\/\/pubblicityweb.eu\/es\/wp-json\/wp\/v2\/product"}],"about":[{"href":"https:\/\/pubblicityweb.eu\/es\/wp-json\/wp\/v2\/types\/product"}],"wp:featuredmedia":[{"embeddable":true,"href":"https:\/\/pubblicityweb.eu\/es\/wp-json\/wp\/v2\/media\/318936"}],"wp:attachment":[{"href":"https:\/\/pubblicityweb.eu\/es\/wp-json\/wp\/v2\/media?parent=12468"}],"wp:term":[{"taxonomy":"product_brand","embeddable":true,"href":"https:\/\/pubblicityweb.eu\/es\/wp-json\/wp\/v2\/product_brand?post=12468"},{"taxonomy":"product_cat","embeddable":true,"href":"https:\/\/pubblicityweb.eu\/es\/wp-json\/wp\/v2\/product_cat?post=12468"},{"taxonomy":"product_tag","embeddable":true,"href":"https:\/\/pubblicityweb.eu\/es\/wp-json\/wp\/v2\/product_tag?post=12468"}],"curies":[{"name":"wp","href":"https:\/\/api.w.org\/{rel}","templated":true}]}}