{"id":12466,"date":"2022-12-15T11:58:38","date_gmt":"2022-12-15T10:58:38","guid":{"rendered":"https:\/\/pubblicityweb.eu\/anuncio-de-platino-durante-7-dias\/"},"modified":"2024-10-08T21:05:41","modified_gmt":"2024-10-08T20:05:41","slug":"anuncio-de-platino-durante-7-dias","status":"publish","type":"product","link":"https:\/\/pubblicityweb.eu\/es\/producto\/anuncio-de-platino-durante-7-dias\/","title":{"rendered":"SUBITO \u2013 20 anuncios FREE durante 7 d\u00edas Franja horaria (09:00-23:00)"},"content":{"rendered":"<p>Publicidad fotogr\u00e1fica con promoci\u00f3n 20 FREE de la ciudad elegida, de 7 d\u00edas de duraci\u00f3n, en horario preestablecido (09:00-23:00)<\/p>\n","protected":false},"excerpt":{"rendered":"<p><a href=\"https:\/\/www.subito.it\">https:\/\/www.subito.it<\/a><br \/>\nel anuncio permanece constantemente en la parte superior de las b\u00fasquedas en la categor\u00eda FREE<\/p>\n","protected":false},"featured_media":88653,"template":"","meta":{"_monsterinsights_skip_tracking":false,"_monsterinsights_sitenote_active":false,"_monsterinsights_sitenote_note":"","_monsterinsights_sitenote_category":0},"product_brand":[],"product_cat":[1089,1105,1117,1118,1119,1126],"product_tag":[],"class_list":{"0":"post-12466","1":"product","2":"type-product","3":"status-publish","4":"has-post-thumbnail","6":"product_cat-agencias","7":"product_cat-comercial","8":"product_cat-hipotecas","9":"product_cat-publico","10":"product_cat-residencial","11":"product_cat-turismo-es","12":"","13":"woocommerce-text-align-center","14":"woocommerce-image-align-center","15":"do-quantity-buttons","17":"first","18":"instock","19":"virtual","20":"taxable","21":"purchasable","22":"product-type-simple"},"aioseo_notices":[],"_links":{"self":[{"href":"https:\/\/pubblicityweb.eu\/es\/wp-json\/wp\/v2\/product\/12466","targetHints":{"allow":["GET"]}}],"collection":[{"href":"https:\/\/pubblicityweb.eu\/es\/wp-json\/wp\/v2\/product"}],"about":[{"href":"https:\/\/pubblicityweb.eu\/es\/wp-json\/wp\/v2\/types\/product"}],"wp:featuredmedia":[{"embeddable":true,"href":"https:\/\/pubblicityweb.eu\/es\/wp-json\/wp\/v2\/media\/88653"}],"wp:attachment":[{"href":"https:\/\/pubblicityweb.eu\/es\/wp-json\/wp\/v2\/media?parent=12466"}],"wp:term":[{"taxonomy":"product_brand","embeddable":true,"href":"https:\/\/pubblicityweb.eu\/es\/wp-json\/wp\/v2\/product_brand?post=12466"},{"taxonomy":"product_cat","embeddable":true,"href":"https:\/\/pubblicityweb.eu\/es\/wp-json\/wp\/v2\/product_cat?post=12466"},{"taxonomy":"product_tag","embeddable":true,"href":"https:\/\/pubblicityweb.eu\/es\/wp-json\/wp\/v2\/product_tag?post=12466"}],"curies":[{"name":"wp","href":"https:\/\/api.w.org\/{rel}","templated":true}]}}