{"id":12462,"date":"2022-12-15T11:36:39","date_gmt":"2022-12-15T10:36:39","guid":{"rendered":"https:\/\/pubblicityweb.eu\/anuncio-premium-durante-15-dias\/"},"modified":"2026-02-23T12:45:09","modified_gmt":"2026-02-23T11:45:09","slug":"portobello-anuncio-free-1-ascensor-por-dia-durante-14-dias","status":"publish","type":"product","link":"https:\/\/pubblicityweb.eu\/es\/producto\/portobello-anuncio-free-1-ascensor-por-dia-durante-14-dias\/","title":{"rendered":"BAKECA.IT  MASSAGGI \u2013 Anuncio Basic Two in the Evening para 1 d\u00eda"},"content":{"rendered":"<p>Publicidad fotogr\u00e1fica en la categor\u00eda de Masajes, Basic One in the Evening, con promoci\u00f3n diaria en la portada de la ciudad seleccionada,<\/p>\n<p>con duraci\u00f3n de un d\u00eda, en un horario predefinido (15:00 &#8211; 22:00).<\/p>\n","protected":false},"excerpt":{"rendered":"<p><a href=\"https:\/\/www.bakeca.it\/\">www.bakeca.it\/<\/a><br \/>\nDestaca tu Anuncio, categor\u00eda Masajes en primera posici\u00f3n en tu ciudad, franja horaria tarde\/noche con una salida por 1 d\u00eda<\/p>\n","protected":false},"featured_media":318936,"template":"","meta":{"_monsterinsights_skip_tracking":false,"_monsterinsights_sitenote_active":false,"_monsterinsights_sitenote_note":"","_monsterinsights_sitenote_category":0},"product_brand":[],"product_cat":[1094,1140,1148,1149,1106,1125,1129,1086,1126],"product_tag":[],"class_list":{"0":"post-12462","1":"product","2":"type-product","3":"status-publish","4":"has-post-thumbnail","6":"product_cat-equipos","7":"product_cat-inmobiliaria","8":"product_cat-masajes","9":"product_cat-matrimonio-y-amistades","10":"product_cat-mercado","11":"product_cat-ocio","12":"product_cat-peliculas-y-musica","13":"product_cat-ropa-y-accesorios","14":"product_cat-turismo-es","15":"","16":"woocommerce-text-align-center","17":"woocommerce-image-align-center","18":"do-quantity-buttons","20":"first","21":"instock","22":"virtual","23":"taxable","24":"purchasable","25":"product-type-simple"},"aioseo_notices":[],"_links":{"self":[{"href":"https:\/\/pubblicityweb.eu\/es\/wp-json\/wp\/v2\/product\/12462","targetHints":{"allow":["GET"]}}],"collection":[{"href":"https:\/\/pubblicityweb.eu\/es\/wp-json\/wp\/v2\/product"}],"about":[{"href":"https:\/\/pubblicityweb.eu\/es\/wp-json\/wp\/v2\/types\/product"}],"wp:featuredmedia":[{"embeddable":true,"href":"https:\/\/pubblicityweb.eu\/es\/wp-json\/wp\/v2\/media\/318936"}],"wp:attachment":[{"href":"https:\/\/pubblicityweb.eu\/es\/wp-json\/wp\/v2\/media?parent=12462"}],"wp:term":[{"taxonomy":"product_brand","embeddable":true,"href":"https:\/\/pubblicityweb.eu\/es\/wp-json\/wp\/v2\/product_brand?post=12462"},{"taxonomy":"product_cat","embeddable":true,"href":"https:\/\/pubblicityweb.eu\/es\/wp-json\/wp\/v2\/product_cat?post=12462"},{"taxonomy":"product_tag","embeddable":true,"href":"https:\/\/pubblicityweb.eu\/es\/wp-json\/wp\/v2\/product_tag?post=12462"}],"curies":[{"name":"wp","href":"https:\/\/api.w.org\/{rel}","templated":true}]}}