{"id":12440,"date":"2022-12-14T20:16:12","date_gmt":"2022-12-14T19:16:12","guid":{"rendered":"https:\/\/pubblicityweb.eu\/anuncio-de-durante-bronce-4-dias\/"},"modified":"2026-02-22T18:59:52","modified_gmt":"2026-02-22T17:59:52","slug":"anuncio-de-durante-bronce-4-dias","status":"publish","type":"product","link":"https:\/\/pubblicityweb.eu\/es\/producto\/anuncio-de-durante-bronce-4-dias\/","title":{"rendered":"VIVASTREET.IT \u2013 Anuncio Listado de categor\u00edas FREE 1 aparici\u00f3n diaria durante 4 d\u00edas"},"content":{"rendered":"<p>Publicidad fotogr\u00e1fica FREE que permanece en portada de la ciudad elegida sin fotos de escaparate, en el primer hueco con una duraci\u00f3n de 4 d\u00edas, durante todo el d\u00eda.<\/p>\n","protected":false},"excerpt":{"rendered":"<p><a href=\"https:\/\/www.vivastreet.com\/\">https:\/\/www.vivastreet.com\/<\/a><br \/>\nel anuncio permanece constantemente al inicio de las b\u00fasquedas sin fotos de ventana gratuitas, para tener la m\u00e1xima visibilidad a bajo coste<\/p>\n","protected":false},"featured_media":216310,"template":"","meta":{"_monsterinsights_skip_tracking":false,"_monsterinsights_sitenote_active":false,"_monsterinsights_sitenote_note":"","_monsterinsights_sitenote_category":0},"product_brand":[],"product_cat":[1089,1028,1100,1143,1132,1130,1123,1148,1149,1109,1112,1115,1086,1146,1126],"product_tag":[],"class_list":{"0":"post-12440","1":"product","2":"type-product","3":"status-publish","4":"has-post-thumbnail","6":"product_cat-agencias","7":"product_cat-appuntamenti","8":"product_cat-hogares-y-viajes","9":"product_cat-citas-para-adultos","10":"product_cat-compra-y-vende","11":"product_cat-compra-y-venta-es","12":"product_cat-deportes-y-ocio","13":"product_cat-masajes","14":"product_cat-matrimonio-y-amistades","15":"product_cat-motores","16":"product_cat-para-tu-boda-deportes","17":"product_cat-personal","18":"product_cat-ropa-y-accesorios","19":"product_cat-trabajo-y-servicios","20":"product_cat-turismo-es","21":"","22":"woocommerce-text-align-center","23":"woocommerce-image-align-center","24":"do-quantity-buttons","26":"first","27":"instock","28":"virtual","29":"taxable","30":"purchasable","31":"product-type-simple"},"aioseo_notices":[],"_links":{"self":[{"href":"https:\/\/pubblicityweb.eu\/es\/wp-json\/wp\/v2\/product\/12440","targetHints":{"allow":["GET"]}}],"collection":[{"href":"https:\/\/pubblicityweb.eu\/es\/wp-json\/wp\/v2\/product"}],"about":[{"href":"https:\/\/pubblicityweb.eu\/es\/wp-json\/wp\/v2\/types\/product"}],"wp:featuredmedia":[{"embeddable":true,"href":"https:\/\/pubblicityweb.eu\/es\/wp-json\/wp\/v2\/media\/216310"}],"wp:attachment":[{"href":"https:\/\/pubblicityweb.eu\/es\/wp-json\/wp\/v2\/media?parent=12440"}],"wp:term":[{"taxonomy":"product_brand","embeddable":true,"href":"https:\/\/pubblicityweb.eu\/es\/wp-json\/wp\/v2\/product_brand?post=12440"},{"taxonomy":"product_cat","embeddable":true,"href":"https:\/\/pubblicityweb.eu\/es\/wp-json\/wp\/v2\/product_cat?post=12440"},{"taxonomy":"product_tag","embeddable":true,"href":"https:\/\/pubblicityweb.eu\/es\/wp-json\/wp\/v2\/product_tag?post=12440"}],"curies":[{"name":"wp","href":"https:\/\/api.w.org\/{rel}","templated":true}]}}