{"id":12438,"date":"2022-12-14T18:56:10","date_gmt":"2022-12-14T17:56:10","guid":{"rendered":"https:\/\/pubblicityweb.eu\/anuncio-de-durante-bronce-2-dias\/"},"modified":"2026-02-22T18:57:16","modified_gmt":"2026-02-22T17:57:16","slug":"anuncio-de-durante-bronce-2-dias","status":"publish","type":"product","link":"https:\/\/pubblicityweb.eu\/es\/producto\/anuncio-de-durante-bronce-2-dias\/","title":{"rendered":"VIVASTREET.IT &#8211; Anuncio Listado de categor\u00edas FREE 2 aparici\u00f3n diaria durante 4 d\u00edas"},"content":{"rendered":"<p>Publicidad fotogr\u00e1fica FREE\u00a0 que permanece en portada de la ciudad elegida sin fotos de escaparate, 2 veces al d\u00eda, en la franja intermedia durante una duraci\u00f3n de 4 d\u00edas.<\/p>\n","protected":false},"excerpt":{"rendered":"<p><a href=\"https:\/\/www.vivastreet.com\/\">https:\/\/www.vivastreet.com\/<\/a><br \/>\nEscaparate: el anuncio permanece constantemente al inicio de las b\u00fasquedas, para tener la m\u00e1xima visibilidad.<\/p>\n","protected":false},"featured_media":216310,"template":"","meta":{"_monsterinsights_skip_tracking":false,"_monsterinsights_sitenote_active":false,"_monsterinsights_sitenote_note":"","_monsterinsights_sitenote_category":0},"product_brand":[],"product_cat":[1143,1123,1136,1140,1148,1149,1109,1113,1115,1146],"product_tag":[],"class_list":{"0":"post-12438","1":"product","2":"type-product","3":"status-publish","4":"has-post-thumbnail","6":"product_cat-citas-para-adultos","7":"product_cat-deportes-y-ocio","8":"product_cat-electronica","9":"product_cat-inmobiliaria","10":"product_cat-masajes","11":"product_cat-matrimonio-y-amistades","12":"product_cat-motores","13":"product_cat-para-el-hogar","14":"product_cat-personal","15":"product_cat-trabajo-y-servicios","16":"","17":"woocommerce-text-align-center","18":"woocommerce-image-align-center","19":"do-quantity-buttons","21":"first","22":"instock","23":"virtual","24":"taxable","25":"purchasable","26":"product-type-simple"},"aioseo_notices":[],"_links":{"self":[{"href":"https:\/\/pubblicityweb.eu\/es\/wp-json\/wp\/v2\/product\/12438","targetHints":{"allow":["GET"]}}],"collection":[{"href":"https:\/\/pubblicityweb.eu\/es\/wp-json\/wp\/v2\/product"}],"about":[{"href":"https:\/\/pubblicityweb.eu\/es\/wp-json\/wp\/v2\/types\/product"}],"wp:featuredmedia":[{"embeddable":true,"href":"https:\/\/pubblicityweb.eu\/es\/wp-json\/wp\/v2\/media\/216310"}],"wp:attachment":[{"href":"https:\/\/pubblicityweb.eu\/es\/wp-json\/wp\/v2\/media?parent=12438"}],"wp:term":[{"taxonomy":"product_brand","embeddable":true,"href":"https:\/\/pubblicityweb.eu\/es\/wp-json\/wp\/v2\/product_brand?post=12438"},{"taxonomy":"product_cat","embeddable":true,"href":"https:\/\/pubblicityweb.eu\/es\/wp-json\/wp\/v2\/product_cat?post=12438"},{"taxonomy":"product_tag","embeddable":true,"href":"https:\/\/pubblicityweb.eu\/es\/wp-json\/wp\/v2\/product_tag?post=12438"}],"curies":[{"name":"wp","href":"https:\/\/api.w.org\/{rel}","templated":true}]}}