{"id":12437,"date":"2022-12-14T18:52:25","date_gmt":"2022-12-14T17:52:25","guid":{"rendered":"https:\/\/pubblicityweb.eu\/10-climb-to-the-top-por-4-dias\/"},"modified":"2025-07-09T12:52:31","modified_gmt":"2025-07-09T11:52:31","slug":"10-climb-to-the-top-por-4-dias","status":"publish","type":"product","link":"https:\/\/pubblicityweb.eu\/es\/producto\/10-climb-to-the-top-por-4-dias\/","title":{"rendered":"ANNUNCI.IT &#8211; Publicidad con 8 apariciones fotogr\u00e1ficas FREE por d\u00eda durante 60 d\u00edas"},"content":{"rendered":"<p>ANNUNCI.IT &#8211; Publicidad fotogr\u00e1fica FREE con ocho promociones por d\u00eda sin fotos de escaparate en la portada de la ciudad elegida, con una duraci\u00f3n de 60 d\u00edas, en un horario preestablecido (H10:00-H22:00)<\/p>\n","protected":false},"excerpt":{"rendered":"<p><a href=\"https:\/\/www.annuncici.it\/\">https:\/\/www.annuncici.it\/<\/a><br \/>\nResalta tu anuncio en primera posici\u00f3n 8 veces al d\u00eda durante 60 d\u00edas<\/p>\n","protected":false},"featured_media":214180,"template":"","meta":{"_monsterinsights_skip_tracking":false,"_monsterinsights_sitenote_active":false,"_monsterinsights_sitenote_note":"","_monsterinsights_sitenote_category":0},"product_brand":[],"product_cat":[1100,1103,1081,1112,1129,1086,1082],"product_tag":[],"class_list":{"0":"post-12437","1":"product","2":"type-product","3":"status-publish","4":"has-post-thumbnail","6":"product_cat-hogares-y-viajes","7":"product_cat-clima-libero-es","8":"product_cat-compra-e-vendi","9":"product_cat-para-tu-boda-deportes","10":"product_cat-peliculas-y-musica","11":"product_cat-ropa-y-accesorios","12":"product_cat-servizi-di-consulenza","13":"","14":"woocommerce-text-align-center","15":"woocommerce-image-align-center","16":"do-quantity-buttons","18":"first","19":"instock","20":"virtual","21":"taxable","22":"purchasable","23":"product-type-simple"},"aioseo_notices":[],"_links":{"self":[{"href":"https:\/\/pubblicityweb.eu\/es\/wp-json\/wp\/v2\/product\/12437","targetHints":{"allow":["GET"]}}],"collection":[{"href":"https:\/\/pubblicityweb.eu\/es\/wp-json\/wp\/v2\/product"}],"about":[{"href":"https:\/\/pubblicityweb.eu\/es\/wp-json\/wp\/v2\/types\/product"}],"wp:featuredmedia":[{"embeddable":true,"href":"https:\/\/pubblicityweb.eu\/es\/wp-json\/wp\/v2\/media\/214180"}],"wp:attachment":[{"href":"https:\/\/pubblicityweb.eu\/es\/wp-json\/wp\/v2\/media?parent=12437"}],"wp:term":[{"taxonomy":"product_brand","embeddable":true,"href":"https:\/\/pubblicityweb.eu\/es\/wp-json\/wp\/v2\/product_brand?post=12437"},{"taxonomy":"product_cat","embeddable":true,"href":"https:\/\/pubblicityweb.eu\/es\/wp-json\/wp\/v2\/product_cat?post=12437"},{"taxonomy":"product_tag","embeddable":true,"href":"https:\/\/pubblicityweb.eu\/es\/wp-json\/wp\/v2\/product_tag?post=12437"}],"curies":[{"name":"wp","href":"https:\/\/api.w.org\/{rel}","templated":true}]}}