{"id":12322,"date":"2020-10-15T18:34:33","date_gmt":"2020-10-15T17:34:33","guid":{"rendered":"https:\/\/pubblicityweb.eu\/3-climb-to-the-top-per-4-giorni\/"},"modified":"2024-10-08T21:46:30","modified_gmt":"2024-10-08T20:46:30","slug":"4-climb-to-the-top-por-4-dias-2","status":"publish","type":"product","link":"https:\/\/pubblicityweb.eu\/es\/producto\/4-climb-to-the-top-por-4-dias-2\/","title":{"rendered":"MOSCABIANCA &#8211; Publicidad FREE 4 Sube a la cima durante 4 d\u00edas  Regular"},"content":{"rendered":"<p>Publicidad fotogr\u00e1fica FREE\u00a0 con 4 promociones por d\u00eda en portada de la ciudad elegida, con una duraci\u00f3n de 4 d\u00edas, en un horario preestablecido (H10:00-H22:00)<\/p>\n","protected":false},"excerpt":{"rendered":"<p><a href=\"https:\/\/www.moscabianca.it\/\">https:\/\/www.moscabianca.it\/<\/a><br \/>\nDestacar su anuncio en primera posici\u00f3n 4 veces al d\u00eda durante 4 d\u00edas<\/p>\n","protected":false},"featured_media":13070,"template":"","meta":{"_monsterinsights_skip_tracking":false,"_monsterinsights_sitenote_active":false,"_monsterinsights_sitenote_note":"","_monsterinsights_sitenote_category":0},"product_brand":[],"product_cat":[1141,1099,1088,1136,1094,1137,1125,1121,1145,1128],"product_tag":[],"class_list":{"0":"post-12322","1":"product","2":"type-product","3":"status-publish","4":"has-post-thumbnail","6":"product_cat-buscando-trabajo-es","7":"product_cat-casas","8":"product_cat-compra-y-venta","9":"product_cat-electronica","10":"product_cat-equipos","11":"product_cat-formacion","12":"product_cat-ocio","13":"product_cat-servicios","14":"product_cat-trabajo","15":"product_cat-vehiculos","16":"","17":"woocommerce-text-align-center","18":"woocommerce-image-align-center","19":"do-quantity-buttons","21":"first","22":"instock","23":"virtual","24":"taxable","25":"purchasable","26":"product-type-simple"},"aioseo_notices":[],"_links":{"self":[{"href":"https:\/\/pubblicityweb.eu\/es\/wp-json\/wp\/v2\/product\/12322","targetHints":{"allow":["GET"]}}],"collection":[{"href":"https:\/\/pubblicityweb.eu\/es\/wp-json\/wp\/v2\/product"}],"about":[{"href":"https:\/\/pubblicityweb.eu\/es\/wp-json\/wp\/v2\/types\/product"}],"wp:featuredmedia":[{"embeddable":true,"href":"https:\/\/pubblicityweb.eu\/es\/wp-json\/wp\/v2\/media\/13070"}],"wp:attachment":[{"href":"https:\/\/pubblicityweb.eu\/es\/wp-json\/wp\/v2\/media?parent=12322"}],"wp:term":[{"taxonomy":"product_brand","embeddable":true,"href":"https:\/\/pubblicityweb.eu\/es\/wp-json\/wp\/v2\/product_brand?post=12322"},{"taxonomy":"product_cat","embeddable":true,"href":"https:\/\/pubblicityweb.eu\/es\/wp-json\/wp\/v2\/product_cat?post=12322"},{"taxonomy":"product_tag","embeddable":true,"href":"https:\/\/pubblicityweb.eu\/es\/wp-json\/wp\/v2\/product_tag?post=12322"}],"curies":[{"name":"wp","href":"https:\/\/api.w.org\/{rel}","templated":true}]}}