{"id":12312,"date":"2020-10-01T18:34:33","date_gmt":"2022-12-13T15:04:29","guid":{"rendered":"https:\/\/pubblicityweb.eu\/?post_type=product&#038;p=12312"},"modified":"2026-02-08T19:34:49","modified_gmt":"2026-02-08T18:34:49","slug":"2-climb-to-the-top-per-2-giorni","status":"publish","type":"product","link":"https:\/\/pubblicityweb.eu\/es\/producto\/2-climb-to-the-top-per-2-giorni\/","title":{"rendered":"MOSCABIANCA &#8211; Publicidad FREE Climb top 2 durante 2 d\u00edas Regular"},"content":{"rendered":"<p>Anuncio fotogr\u00e1fico Free con 2 ascensos por d\u00edas en la primera p\u00e1gina de la ciudad elegida, por una duraci\u00f3n de 2 d\u00edas, en un horario preestablecido (H10:00-H22:00)<\/p>\n","protected":false},"excerpt":{"rendered":"<p><a href=\"https:\/\/www.moscabianca.it\/\">https:\/\/www.moscabianca.it\/<\/a><br \/>\nDestacar su anuncio Free en primera posici\u00f3n 2 veces al d\u00eda durante 2 d\u00edas<\/p>\n","protected":false},"featured_media":13070,"template":"","meta":{"_monsterinsights_skip_tracking":false,"_monsterinsights_sitenote_active":false,"_monsterinsights_sitenote_note":"","_monsterinsights_sitenote_category":0},"product_brand":[],"product_cat":[1141,1099,1143,1088,1136,1094,1137,1125,1121,1145,1128],"product_tag":[],"class_list":{"0":"post-12312","1":"product","2":"type-product","3":"status-publish","4":"has-post-thumbnail","6":"product_cat-buscando-trabajo-es","7":"product_cat-casas","8":"product_cat-citas-para-adultos","9":"product_cat-compra-y-venta","10":"product_cat-electronica","11":"product_cat-equipos","12":"product_cat-formacion","13":"product_cat-ocio","14":"product_cat-servicios","15":"product_cat-trabajo","16":"product_cat-vehiculos","17":"","18":"woocommerce-text-align-center","19":"woocommerce-image-align-center","20":"do-quantity-buttons","22":"first","23":"instock","24":"virtual","25":"taxable","26":"purchasable","27":"product-type-simple"},"aioseo_notices":[],"_links":{"self":[{"href":"https:\/\/pubblicityweb.eu\/es\/wp-json\/wp\/v2\/product\/12312","targetHints":{"allow":["GET"]}}],"collection":[{"href":"https:\/\/pubblicityweb.eu\/es\/wp-json\/wp\/v2\/product"}],"about":[{"href":"https:\/\/pubblicityweb.eu\/es\/wp-json\/wp\/v2\/types\/product"}],"wp:featuredmedia":[{"embeddable":true,"href":"https:\/\/pubblicityweb.eu\/es\/wp-json\/wp\/v2\/media\/13070"}],"wp:attachment":[{"href":"https:\/\/pubblicityweb.eu\/es\/wp-json\/wp\/v2\/media?parent=12312"}],"wp:term":[{"taxonomy":"product_brand","embeddable":true,"href":"https:\/\/pubblicityweb.eu\/es\/wp-json\/wp\/v2\/product_brand?post=12312"},{"taxonomy":"product_cat","embeddable":true,"href":"https:\/\/pubblicityweb.eu\/es\/wp-json\/wp\/v2\/product_cat?post=12312"},{"taxonomy":"product_tag","embeddable":true,"href":"https:\/\/pubblicityweb.eu\/es\/wp-json\/wp\/v2\/product_tag?post=12312"}],"curies":[{"name":"wp","href":"https:\/\/api.w.org\/{rel}","templated":true}]}}