{"id":5512,"date":"2020-10-21T13:01:57","date_gmt":"2020-10-21T12:01:57","guid":{"rendered":"https:\/\/pubblicityweb.eu\/politica-de-devolucion-y-reembolso\/"},"modified":"2024-08-17T16:10:15","modified_gmt":"2024-08-17T15:10:15","slug":"politica-de-devolucion-y-reembolso","status":"publish","type":"page","link":"https:\/\/pubblicityweb.eu\/es\/politica-de-devolucion-y-reembolso\/","title":{"rendered":"Pol\u00edtica de devoluci\u00f3n y reembolso"},"content":{"rendered":"\n<p>\u00daltima actualizaci\u00f3n: 08\/06\/2024<\/p>\n\n<p>Gracias por comprar en pubblicityweb.<\/p>\n\n<p>Si, por cualquier motivo, no est\u00e1 completamente satisfecho con una compra, revise nuestra pol\u00edtica de reembolsos y devoluciones.&#13;\n<\/p>\n\n<p>Los siguientes t\u00e9rminos se aplican a todos los productos comprados con nosotros.<\/p>\n\n<p>Interpretaci\u00f3n y definiciones<\/p>\n\n<h2 class=\"wp-block-heading\"><p><b>Interpretaci\u00f3n<\/b><\/p><\/h2>\n\n<p>Las palabras cuya letra inicial est\u00e1 en may\u00fascula tienen significados definidos bajo las siguientes condiciones. Las siguientes definiciones tendr\u00e1n el mismo significado independientemente de si aparecen en singular o en plural.&#13;\n<\/p>\n\n<h2 class=\"wp-block-heading\"><p><b>Definiciones<\/b><\/p><\/h2>\n\n<p>A los efectos de esta Pol\u00edtica de devoluci\u00f3n y reembolso:<\/p>\n\n<p><b>Empresa<\/b><span style=\"font-weight: 400;\"> (referido como \u00abla Compa\u00f1\u00eda\u00bb, \u00abNosotros\u00bb, \u00abNosotros\u00bb o \u00abNuestro\u00bb en este Acuerdo) se refiere a PUBBLICITY WEB 3.0 SLU (B76680206),CALLE RAFAEL PUIG LLUVINA N\u00b0 40 \u2022 PARQUE SANTIAGO IV (38650) \u2022 PLAYA DE LAS AMERICAS (ARONA) \u2022 SANTA CRUZ DE TENERIFE (ESPA\u00d1A)<\/span><\/p>\n\n<p><p><b>Bienes<\/b><span style=\"font-weight: 400;\"> consulte los art\u00edculos que se ofrecen a la venta en el Servicio.<\/span><\/p><\/p>\n\n<p><p><b>Pedidos<\/b><span style=\"font-weight: 400;\"> significa una solicitud suya para comprar nuestros productos.<\/span><\/p><\/p>\n\n<p><p><b>Servicio<\/b><span style=\"font-weight: 400;\"> se refiere al sitio web.<\/span><\/p><\/p>\n\n<p><strong>La pagina web<\/strong> se refiere a Advertisingweb, accesible desde https:\/\/pubblicityweb.eu\/<\/p>\n\n<p><p><b>t\u00fa<\/b><span style=\"font-weight: 400;\"> significa la persona que accede o usa el Servicio, o la compa\u00f1\u00eda u otra entidad legal en nombre de la cual dicha persona accede o usa el Servicio, seg\u00fan corresponda.<\/span><\/p><\/p>\n\n<p>Derechos para cancelar el pedido<\/p>\n\n<p>Tiene derecho a cancelar su pedido en un plazo de 14 d\u00edas sin dar ninguna raz\u00f3n para hacerlo.&#13;\n<\/p>\n\n<p>El plazo para la cancelaci\u00f3n de un Pedido es de 14 d\u00edas a partir de la fecha en que recibi\u00f3 la Mercanc\u00eda o en la que un tercero designado por usted, que no es el mensajero, toma posesi\u00f3n del producto entregado.&#13;\n<\/p>\n\n<p>Para ejercer su derecho de desistimiento, debe informarnos de su decisi\u00f3n mediante una declaraci\u00f3n clara. Puede informarnos de su decisi\u00f3n:&#13;\n<\/p>\n\n<ul class=\"wp-block-list\">\n<li>Por correo electr\u00f3nico: PUBBLICITYWEB3.0@GMAIL.COM<\/li>\n<\/ul>\n\n<p>Por correo electr\u00f3nico: PUBBLICITYWEB3.0@GMAIL.COM&#13;\nLe reembolsaremos a m\u00e1s tardar 14 d\u00edas a partir del d\u00eda en que recibamos la mercanc\u00eda devuelta. Usaremos el mismo m\u00e9todo de pago que us\u00f3 para el Pedido y no incurrir\u00e1 en ning\u00fan costo por este reembolso.&#13;\n<\/p>\n\n<p>Condiciones para devoluciones<\/p>\n\n<p>Para que los Productos sean elegibles para una devoluci\u00f3n, aseg\u00farese de que:<\/p>\n\n<p>Los productos se han comprado en los \u00faltimos 14 d\u00edas.<\/p>\n\n<p>Los bienes no han sido usados \u200b\u200bni da\u00f1ados<\/p>\n\n<p>No se pueden devolver los siguientes productos:<\/p>\n\n<ul class=\"wp-block-list\">\n<li>El suministro de Bienes empaquetados seg\u00fan sus especificaciones o claramente personalizados.<\/li>\n\n\n\n<li>El suministro de Bienes que por su naturaleza no sean aptos para ser devueltos, se deterioren r\u00e1pidamente o cuya fecha de caducidad haya expirado.<\/li>\n\n\n\n<li>El suministro de Bienes que no sean aptos para devoluci\u00f3n por razones de protecci\u00f3n de la salud o de higiene y que hayan sido abiertos despu\u00e9s de la entrega.<\/li>\n\n\n\n<li>El suministro de Bienes que, despu\u00e9s de la entrega, seg\u00fan su naturaleza, se mezclan inseparablemente con otros art\u00edculos.<\/li>\n<\/ul>\n\n<p>Nos reservamos el derecho de rechazar la devoluci\u00f3n de cualquier mercanc\u00eda que no cumpla con las condiciones de devoluci\u00f3n anteriores a nuestro exclusivo criterio.&#13;\n<\/p>\n\n<p>Devoluci\u00f3n de bienes<\/p>\n\n<p>Usted es responsable del costo y riesgo de devolvernos los productos. Es necesario enviar la mercanc\u00eda a la siguiente direcci\u00f3n:&#13;\n<\/p>\n\n<p>PUBBLICITY WEB 3.0 SLU Situada en Avenida RAFAEL PUIG LLUVINA N\u00b0 40 \u2022 PARQUE SANTIAGO IV (38650) \u2022 PLAYA DE LAS AMERICAS (ARONA) \u2022 SANTA CRUZ DE TENERIFE (ESPA\u00d1A)<\/p>\n\n<p>No nos hacemos responsables de los bienes que se da\u00f1en o se pierdan durante el env\u00edo de devoluci\u00f3n. Por tanto, se recomienda un servicio de correo asegurado y rastreable. No podemos emitir un reembolso sin la recepci\u00f3n real de la mercanc\u00eda o prueba de entrega de la devoluci\u00f3n recibida.&#13;\n<\/p>\n\n<p>Regalos<\/p>\n\n<p>Si los Productos se marcaron como regalo en el momento de la compra y luego se enviaron directamente a usted, recibir\u00e1 un certificado de regalo por el valor de su devoluci\u00f3n. Una vez recibido el producto devuelto, se le enviar\u00e1 un certificado de regalo.&#13;\n<\/p>\n\n<p>Si los Productos no se marcaron como regalo en el momento de la compra o si el donante le envi\u00f3 el Pedido para m\u00e1s adelante, le enviaremos el reembolso al donante.&#13;\n<\/p>\n\n<h2 class=\"wp-block-heading\"><p><b>Cont\u00e1ctenos<\/b><\/p><\/h2>\n\n<p>Si tiene alguna pregunta sobre nuestra pol\u00edtica de devoluciones y reembolsos, comun\u00edquese con nosotros:<\/p>\n\n<ul class=\"wp-block-list\">\n<li>Por correo electr\u00f3nico: PUBBLICITYWEB3.0@GMAIL.COM<\/li>\n<\/ul>\n","protected":false},"excerpt":{"rendered":"<p>\u00daltima actualizaci\u00f3n: 08\/06\/2024 Gracias por comprar en pubblicityweb. Si, por cualquier motivo, no est\u00e1 completamente satisfecho con una compra, revise nuestra pol\u00edtica de reembolsos y devoluciones.&#13; Los siguientes t\u00e9rminos se aplican a todos los productos comprados con nosotros. Interpretaci\u00f3n y definiciones Interpretaci\u00f3n Las palabras cuya letra inicial est\u00e1 en may\u00fascula tienen significados definidos bajo las &#8230; <a title=\"Pol\u00edtica de devoluci\u00f3n y reembolso\" class=\"read-more\" href=\"https:\/\/pubblicityweb.eu\/es\/politica-de-devolucion-y-reembolso\/\" aria-label=\"Leer m\u00e1s sobre Pol\u00edtica de devoluci\u00f3n y reembolso\">Read more<\/a><\/p>\n","protected":false},"author":6,"featured_media":0,"parent":0,"menu_order":0,"comment_status":"closed","ping_status":"closed","template":"","meta":{"_monsterinsights_skip_tracking":false,"_monsterinsights_sitenote_active":false,"_monsterinsights_sitenote_note":"","_monsterinsights_sitenote_category":0,"footnotes":""},"class_list":["post-5512","page","type-page","status-publish"],"aioseo_notices":[],"_links":{"self":[{"href":"https:\/\/pubblicityweb.eu\/es\/wp-json\/wp\/v2\/pages\/5512","targetHints":{"allow":["GET"]}}],"collection":[{"href":"https:\/\/pubblicityweb.eu\/es\/wp-json\/wp\/v2\/pages"}],"about":[{"href":"https:\/\/pubblicityweb.eu\/es\/wp-json\/wp\/v2\/types\/page"}],"author":[{"embeddable":true,"href":"https:\/\/pubblicityweb.eu\/es\/wp-json\/wp\/v2\/users\/6"}],"replies":[{"embeddable":true,"href":"https:\/\/pubblicityweb.eu\/es\/wp-json\/wp\/v2\/comments?post=5512"}],"version-history":[{"count":0,"href":"https:\/\/pubblicityweb.eu\/es\/wp-json\/wp\/v2\/pages\/5512\/revisions"}],"wp:attachment":[{"href":"https:\/\/pubblicityweb.eu\/es\/wp-json\/wp\/v2\/media?parent=5512"}],"curies":[{"name":"wp","href":"https:\/\/api.w.org\/{rel}","templated":true}]}}