{"id":5509,"date":"2020-10-21T12:56:16","date_gmt":"2020-10-21T11:56:16","guid":{"rendered":"https:\/\/pubblicityweb.eu\/politica-de-privacidad\/"},"modified":"2024-08-17T16:05:23","modified_gmt":"2024-08-17T15:05:23","slug":"politica-de-privacidad","status":"publish","type":"page","link":"https:\/\/pubblicityweb.eu\/es\/politica-de-privacidad\/","title":{"rendered":"Pol\u00edtica de privacidad"},"content":{"rendered":"<p>\u00daltima actualizaci\u00f3n: 06\/08\/2024<\/p>\n<p><span style=\"font-weight: 400;\">Esta Pol\u00edtica de privacidad describe nuestras pol\u00edticas y procedimientos sobre la recopilaci\u00f3n, el uso y la divulgaci\u00f3n de su informaci\u00f3n cuando usa el Servicio y le informa sobre sus derechos de privacidad y c\u00f3mo la ley lo protege.<\/span><\/p>\n<p><span style=\"font-weight: 400;\">Usamos sus datos personales para brindar y mejorar el servicio. Al utilizar el Servicio, acepta la recopilaci\u00f3n y el uso de informaci\u00f3n de acuerdo con esta Pol\u00edtica de privacidad. Esta Pol\u00edtica de privacidad se cre\u00f3 con la ayuda de<\/span><a href=\"https:\/\/www.freeprivacypolicy.com\/free-privacy-policy-generator\/\"><span style=\"font-weight: 400;\">Generador de pol\u00edticas de privacidad<\/span><\/a><span style=\"font-weight: 400;\">.<\/span><\/p>\n<h1><b>Interpretaci\u00f3n y definiciones<\/b><\/h1>\n<h2><b>Interpretaci\u00f3n<\/b><\/h2>\n<p><span style=\"font-weight: 400;\">Las palabras cuya letra inicial est\u00e1 en may\u00fascula tienen significados definidos bajo las siguientes condiciones. Las siguientes definiciones tendr\u00e1n el mismo significado independientemente de si aparecen en singular o en plural.<\/span><\/p>\n<h2><b>Definiciones<\/b><\/h2>\n<p><span style=\"font-weight: 400;\">A los efectos de esta Pol\u00edtica de privacidad:<\/span><\/p>\n<ul>\n<li style=\"font-weight: 400;\"><b>Cuenta: <\/b><span style=\"font-weight: 400;\">significa una cuenta \u00fanica creada para que usted acceda a nuestro Servicio o partes de nuestro Servicio.<\/span><\/li>\n<li style=\"font-weight: 400;\"><b>Empresa: <\/b><span style=\"font-weight: 400;\">(referido como \u00abla Compa\u00f1\u00eda\u00bb, \u00abNosotros\u00bb, \u00abNosotros\u00bb o \u00abNuestro\u00bb en este Acuerdo) se refiere a PUBBLICITY WEB 3.0 SLU, situada en Avenida RAFAEL PUIG LLUVINA N\u00b0 40 \u2022 PARQUE SANTIAGO IV (38650) \u2022 PLAYA DE LAS AMERICAS (ARONA) \u2022 SANTA CRUZ DE TENERIFE (ESPA\u00d1A)<\/span><\/li>\n<li style=\"font-weight: 400;\"><b>Cookies\u00a0:<\/b><span style=\"font-weight: 400;\">son peque\u00f1os archivos que un sitio web coloca en su computadora, dispositivo m\u00f3vil o cualquier otro dispositivo, que contienen los detalles de su historial de navegaci\u00f3n en ese sitio web entre sus m\u00faltiples usos.<\/span><\/li>\n<li style=\"font-weight: 400;\"><b>Naci\u00f3n <\/b><span style=\"font-weight: 400;\">se refiere a: Espa\u00f1a<\/span><\/li>\n<li style=\"font-weight: 400;\"><b>Dispositivo<\/b><span style=\"font-weight: 400;\">: significa cualquier dispositivo que pueda acceder al Servicio, como una computadora, tel\u00e9fono m\u00f3vil o tableta digital.<\/span><\/li>\n<li style=\"font-weight: 400;\"><b>Informaci\u00f3n personal: <\/b><span style=\"font-weight: 400;\">es cualquier informaci\u00f3n relacionada con una persona f\u00edsica identificada o identificable.<\/span><\/li>\n<li style=\"font-weight: 400;\"><b>Servicio<\/b><span style=\"font-weight: 400;\">se refiere al sitio web.<\/span><\/li>\n<li style=\"font-weight: 400;\"><b>Proveedor de servicio: <\/b><span style=\"font-weight: 400;\">significa cualquier persona f\u00edsica o jur\u00eddica que procese los datos en nombre de la Compa\u00f1\u00eda. Se refiere a empresas de terceros o personas empleadas por la Compa\u00f1\u00eda para facilitar el Servicio, para proporcionar el Servicio en nombre de la Compa\u00f1\u00eda, para realizar servicios relacionados con el Servicio o para ayudar a la Compa\u00f1\u00eda a analizar c\u00f3mo se utiliza el Servicio.<\/span><\/li>\n<li style=\"font-weight: 400;\"><b>Servicio de redes sociales de terceros: <\/b><span style=\"font-weight: 400;\">se refiere a cualquier sitio web o sitio web de redes sociales a trav\u00e9s del cual un Usuario puede iniciar sesi\u00f3n o crear una cuenta para usar el Servicio.<\/span><\/li>\n<li style=\"font-weight: 400;\"><b>Datos de uso: <\/b><span style=\"font-weight: 400;\">se refiere a los datos recopilados autom\u00e1ticamente, generados por el uso del Servicio o por la propia infraestructura del Servicio (por ejemplo, la duraci\u00f3n de una visita a la p\u00e1gina).<\/span><\/li>\n<li style=\"font-weight: 400;\"><b>Sitio web: <\/b><span style=\"font-weight: 400;\">se refiere a pubblicityweb, accesible desde<\/span><a href=\"https:\/\/www.freeprivacypolicy.com\/live\/pubblicityweb.eu\"><span style=\"font-weight: 400;\">pubblicityweb.eu<\/span><\/a><\/li>\n<li style=\"font-weight: 400;\"><b>T\u00fa: <\/b><span style=\"font-weight: 400;\">significa la persona que accede o usa el Servicio, o la compa\u00f1\u00eda u otra entidad legal en nombre de la cual dicha persona accede o usa el Servicio, seg\u00fan corresponda.<\/span><\/li>\n<\/ul>\n<h1><b>Recopilaci\u00f3n y uso de datos personales<\/b><\/h1>\n<h2><b>Tipos de datos recopilados<\/b><\/h2>\n<h3><b>Informaci\u00f3n personal<\/b><\/h3>\n<p><span style=\"font-weight: 400;\">Mientras utiliza nuestro servicio, es posible que le pidamos que nos proporcione cierta informaci\u00f3n de identificaci\u00f3n personal que pueda usarse para contactarlo o identificarlo. La informaci\u00f3n de identificaci\u00f3n personal puede incluir, pero no se limita a:<\/span><\/p>\n<ul>\n<li style=\"font-weight: 400;\"><span style=\"font-weight: 400;\">Direcci\u00f3n de correo electr\u00f3nico<\/span><\/li>\n<li style=\"font-weight: 400;\"><span style=\"font-weight: 400;\">Nombre y apellido<\/span><\/li>\n<li style=\"font-weight: 400;\"><span style=\"font-weight: 400;\">Datos de uso<\/span><\/li>\n<li>N\u00famero de documento o C\u00f3digo Fiscal<\/li>\n<li>N\u00famero de tel\u00e9fono<\/li>\n<li>Correo electr\u00f3nico<\/li>\n<\/ul>\n<h3><b>Datos de uso<\/b><\/h3>\n<p><span style=\"font-weight: 400;\">Los datos de uso se recopilan autom\u00e1ticamente cuando se utiliza el Servicio.<\/span><\/p>\n<p><span style=\"font-weight: 400;\">Los datos de uso pueden incluir informaci\u00f3n como la direcci\u00f3n de Protocolo de Internet de su dispositivo (por ejemplo, direcci\u00f3n IP), el tipo de navegador, la versi\u00f3n del navegador, las p\u00e1ginas de nuestro servicio que visita, la hora y la fecha de su visita. , el tiempo dedicado a esas p\u00e1ginas, identificadores \u00fanicos de dispositivos y otros datos de diagn\u00f3stico.<\/span><\/p>\n<p><span style=\"font-weight: 400;\">Cuando accede al Servicio desde o a trav\u00e9s de un dispositivo m\u00f3vil, podemos recopilar cierta informaci\u00f3n autom\u00e1ticamente, que incluye, entre otros, el tipo de dispositivo m\u00f3vil que utiliza, la identificaci\u00f3n \u00fanica de su dispositivo m\u00f3vil, la direcci\u00f3n IP de su dispositivo m\u00f3vil, su sistema operativo m\u00f3vil, el tipo de navegador de Internet m\u00f3vil que utiliza, identificadores \u00fanicos de dispositivos y otros datos de diagn\u00f3stico.<\/span><\/p>\n<p><span style=\"font-weight: 400;\">Tambi\u00e9n podemos recopilar informaci\u00f3n que su navegador env\u00eda cada vez que visita nuestro servicio o cuando accede al servicio desde oa trav\u00e9s de un dispositivo m\u00f3vil.<\/span><\/p>\n<h3><b>Tecnolog\u00edas de seguimiento y cookies<\/b><\/h3>\n<p><span style=\"font-weight: 400;\">Utilizamos cookies y tecnolog\u00edas de seguimiento similares para rastrear la actividad en nuestro servicio y almacenar cierta informaci\u00f3n. Las tecnolog\u00edas de seguimiento utilizadas son balizas, etiquetas y scripts para recopilar y rastrear informaci\u00f3n y para mejorar y analizar nuestro servicio. Las tecnolog\u00edas que utilizamos pueden incluir:<\/span><\/p>\n<ul>\n<li style=\"font-weight: 400;\"><b>Cookie o cookie del navegador.<\/b><span style=\"font-weight: 400;\">Una cookie es un peque\u00f1o archivo que se coloca en su dispositivo. Puede indicarle a su navegador que rechace todas las cookies o que indique cu\u00e1ndo se env\u00eda una cookie. Sin embargo, si no acepta las cookies, es posible que no pueda utilizar algunas partes de nuestro servicio. A menos que haya cambiado la configuraci\u00f3n de su navegador para rechazar las cookies, nuestro servicio puede utilizar cookies.<\/span><\/li>\n<li style=\"font-weight: 400;\"><b>Cookies flash.<\/b><span style=\"font-weight: 400;\">Algunas caracter\u00edsticas de nuestro servicio pueden utilizar objetos almacenados localmente (o cookies flash) para recopilar y almacenar informaci\u00f3n sobre sus preferencias o actividad en nuestro servicio. Las cookies Flash no son administradas por la misma configuraci\u00f3n del navegador que se usa para las cookies del navegador. Para obtener m\u00e1s informaci\u00f3n sobre c\u00f3mo eliminar las cookies Flash, lea \u00ab\u00bfD\u00f3nde puedo cambiar la configuraci\u00f3n para deshabilitar o eliminar objetos compartidos locales?\u00bb disponible para<\/span><a href=\"https:\/\/helpx.adobe.com\/flash-player\/kb\/disable-local-shared-objects-flash.html#main_Where_can_I_change_the_settings_for_disabling__or_deleting_local_shared_objects_\"><span style=\"font-weight: 400;\">https:\/\/helpx.adobe.com\/flash-player\/kb\/disable-local-shared-objects-flash.html#main_Where_can_I_change_the_settings_for_disabling__or_deleting_local_shared_objects_<\/span><\/a><\/li>\n<li style=\"font-weight: 400;\"><b>Balizas web.<\/b><span style=\"font-weight: 400;\">Algunas secciones de nuestro Servicio y nuestros correos electr\u00f3nicos pueden contener peque\u00f1os archivos electr\u00f3nicos conocidos como balizas web (tambi\u00e9n conocidos como gifs transparentes, etiquetas de p\u00edxeles y gifs de un solo p\u00edxel) que permiten a la Compa\u00f1\u00eda, por ejemplo, contar los usuarios que han visitado esas p\u00e1ginas o abrieron un correo electr\u00f3nico y para otras estad\u00edsticas relacionadas con el sitio web (por ejemplo, registrar la popularidad de una determinada secci\u00f3n y verificar la integridad del sistema y el servidor).<\/span><\/li>\n<\/ul>\n<p><span style=\"font-weight: 400;\">Las cookies pueden ser cookies \u00abpersistentes\u00bb o de \u00absesi\u00f3n\u00bb. Las cookies persistentes permanecen en su computadora personal o dispositivo m\u00f3vil cuando se desconecta, mientras que las cookies de sesi\u00f3n se eliminan tan pronto como cierra su navegador web. M\u00e1s informaci\u00f3n sobre cookies:<\/span><a href=\"https:\/\/www.freeprivacypolicy.com\/blog\/cookies\/\"><span style=\"font-weight: 400;\">Cookies: \u00bfque hacen?<\/span><\/a><span style=\"font-weight: 400;\">.<\/span><\/p>\n<p><span style=\"font-weight: 400;\">Usamos cookies de sesi\u00f3n y persistentes para los siguientes prop\u00f3sitos:<\/span><\/p>\n<ul>\n<li style=\"font-weight: 400;\"><b>Cookies necesarias \/ imprescindibles<\/b><\/li>\n<\/ul>\n<p><span style=\"font-weight: 400;\">Tipo: cookie de sesi\u00f3n<\/span><\/p>\n<p><span style=\"font-weight: 400;\">Administrado por: Nosotros<\/span><\/p>\n<p><span style=\"font-weight: 400;\">Prop\u00f3sito: Estas cookies son esenciales para brindarle los servicios disponibles a trav\u00e9s del sitio web y para permitirle utilizar algunas de sus funciones. Ayudan a autenticar a los usuarios y a prevenir el uso fraudulento de cuentas de usuario. Sin estas cookies, los servicios que ha solicitado no se pueden proporcionar y solo usamos estas cookies para brindarle esos servicios.<\/span><\/p>\n<ul>\n<li style=\"font-weight: 400;\"><b>Pol\u00edtica de cookies \/ Aviso de aceptaci\u00f3n de cookies<\/b><\/li>\n<\/ul>\n<p><span style=\"font-weight: 400;\">Tipo: cookies persistentes<\/span><\/p>\n<p><span style=\"font-weight: 400;\">Finalidad: Estas cookies identifican si los usuarios han aceptado el uso de cookies en el sitio web.<\/span><\/p>\n<ul>\n<li style=\"font-weight: 400;\"><b>Cookies de funcionalidad<\/b><\/li>\n<\/ul>\n<p><span style=\"font-weight: 400;\">Tipo: cookies persistentes<\/span><\/p>\n<p><span style=\"font-weight: 400;\">Administrado por: Nosotros<\/span><\/p>\n<p><span style=\"font-weight: 400;\">Prop\u00f3sito: Estas cookies nos permiten recordar las elecciones que hace cuando utiliza el sitio web, como recordar sus datos de inicio de sesi\u00f3n o preferencia de idioma. El prop\u00f3sito de estas cookies es brindarle una experiencia m\u00e1s personal y evitar tener que volver a ingresar sus preferencias cada vez que utiliza el sitio web.<\/span><\/p>\n<p><span style=\"font-weight: 400;\">Para obtener m\u00e1s informaci\u00f3n sobre las cookies que utilizamos y sus opciones con respecto a las cookies, visite nuestra Pol\u00edtica de cookies o la secci\u00f3n de Cookies de nuestra Pol\u00edtica de privacidad.<\/span><\/p>\n<h2><b>Uso de sus datos personales<\/b><\/h2>\n<p><span style=\"font-weight: 400;\">La Compa\u00f1\u00eda puede usar los Datos Personales para los siguientes prop\u00f3sitos:<\/span><\/p>\n<ul>\n<li style=\"font-weight: 400;\"><b>Para brindar y mantener nuestro servicio<\/b><span style=\"font-weight: 400;\">, incluso para monitorear el uso de nuestro Servicio.<\/span><\/li>\n<li style=\"font-weight: 400;\"><b>Para administrar su cuenta:<\/b><span style=\"font-weight: 400;\">para gestionar su registro como usuario del Servicio. Los Datos Personales proporcionados pueden darle acceso a varias funciones del Servicio disponibles para usted como usuario registrado.<\/span><\/li>\n<li style=\"font-weight: 400;\"><b>Para gestionar sus solicitudes:<\/b><span style=\"font-weight: 400;\">Para participar y gestionar sus consultas con nosotros.<\/span><\/li>\n<\/ul>\n<h2><b>Seguridad de sus datos personales<\/b><\/h2>\n<p><span style=\"font-weight: 400;\">La seguridad de sus datos personales es importante para nosotros, pero recuerde que ning\u00fan m\u00e9todo de transmisi\u00f3n a trav\u00e9s de Internet o m\u00e9todo de almacenamiento electr\u00f3nico es 100% seguro. Si bien nos esforzamos por utilizar medios comercialmente aceptables para proteger sus datos personales, no podemos garantizar su seguridad absoluta.<\/span><\/p>\n<h1><\/h1>\n<h1><b>Enlaces a otros sitios web<\/b><\/h1>\n<p><span style=\"font-weight: 400;\">Nuestro servicio puede contener enlaces a otros sitios web que no son operados por nosotros. Si hace clic en el enlace de un tercero, se le dirigir\u00e1 al sitio de ese tercero. Le recomendamos encarecidamente que revise la pol\u00edtica de privacidad de cada sitio que visite.<\/span><\/p>\n<p><span style=\"font-weight: 400;\">No tenemos control ni asumimos ninguna responsabilidad por el contenido, las pol\u00edticas de privacidad o las pr\u00e1cticas de sitios o servicios de terceros.<\/span><\/p>\n<h1><b>Cambios a esta declaraci\u00f3n de privacidad<\/b><\/h1>\n<p><span style=\"font-weight: 400;\">Es posible que actualicemos nuestra pol\u00edtica de privacidad de vez en cuando. Le notificaremos de cualquier cambio publicando la nueva Pol\u00edtica de privacidad en esta p\u00e1gina.<\/span><\/p>\n<p><span style=\"font-weight: 400;\">Le notificaremos por correo electr\u00f3nico y \/ o un aviso destacado en Nuestro Servicio, antes de que el cambio entre en vigencia y actualizaremos la fecha de \u00ab\u00daltima actualizaci\u00f3n\u00bb en la parte superior de esta Pol\u00edtica de privacidad.<\/span><\/p>\n<p><span style=\"font-weight: 400;\">Le recomendamos que revise peri\u00f3dicamente esta Pol\u00edtica de privacidad para ver si hay cambios. Los cambios a esta Pol\u00edtica de privacidad entran en vigencia cuando se publican en esta p\u00e1gina.<\/span><\/p>\n<h1><b>Cont\u00e1ctenos<\/b><\/h1>\n<p><span style=\"font-weight: 400;\">Si tiene alguna pregunta sobre esta Pol\u00edtica de privacidad, puede contactarnos:<\/span><\/p>\n<ul>\n<li style=\"font-weight: 400;\"><span style=\"font-weight: 400;\">Por correo electr\u00f3nico: pubblicityweb3.0@gmail.com<\/span><\/li>\n<\/ul>\n","protected":false},"excerpt":{"rendered":"<p>\u00daltima actualizaci\u00f3n: 06\/08\/2024 Esta Pol\u00edtica de privacidad describe nuestras pol\u00edticas y procedimientos sobre la recopilaci\u00f3n, el uso y la divulgaci\u00f3n de su informaci\u00f3n cuando usa el Servicio y le informa sobre sus derechos de privacidad y c\u00f3mo la ley lo protege. Usamos sus datos personales para brindar y mejorar el servicio. Al utilizar el Servicio, &#8230; <a title=\"Pol\u00edtica de privacidad\" class=\"read-more\" href=\"https:\/\/pubblicityweb.eu\/es\/politica-de-privacidad\/\" aria-label=\"Leer m\u00e1s sobre Pol\u00edtica de privacidad\">Read more<\/a><\/p>\n","protected":false},"author":6,"featured_media":0,"parent":0,"menu_order":0,"comment_status":"closed","ping_status":"closed","template":"","meta":{"_monsterinsights_skip_tracking":false,"_monsterinsights_sitenote_active":false,"_monsterinsights_sitenote_note":"","_monsterinsights_sitenote_category":0,"footnotes":""},"class_list":["post-5509","page","type-page","status-publish"],"aioseo_notices":[],"_links":{"self":[{"href":"https:\/\/pubblicityweb.eu\/es\/wp-json\/wp\/v2\/pages\/5509","targetHints":{"allow":["GET"]}}],"collection":[{"href":"https:\/\/pubblicityweb.eu\/es\/wp-json\/wp\/v2\/pages"}],"about":[{"href":"https:\/\/pubblicityweb.eu\/es\/wp-json\/wp\/v2\/types\/page"}],"author":[{"embeddable":true,"href":"https:\/\/pubblicityweb.eu\/es\/wp-json\/wp\/v2\/users\/6"}],"replies":[{"embeddable":true,"href":"https:\/\/pubblicityweb.eu\/es\/wp-json\/wp\/v2\/comments?post=5509"}],"version-history":[{"count":0,"href":"https:\/\/pubblicityweb.eu\/es\/wp-json\/wp\/v2\/pages\/5509\/revisions"}],"wp:attachment":[{"href":"https:\/\/pubblicityweb.eu\/es\/wp-json\/wp\/v2\/media?parent=5509"}],"curies":[{"name":"wp","href":"https:\/\/api.w.org\/{rel}","templated":true}]}}