{"id":5506,"date":"2020-10-21T12:53:59","date_gmt":"2020-10-21T11:53:59","guid":{"rendered":"https:\/\/pubblicityweb.eu\/terminos-y-condiciones\/"},"modified":"2024-08-17T16:27:01","modified_gmt":"2024-08-17T15:27:01","slug":"terminos-y-condiciones","status":"publish","type":"page","link":"https:\/\/pubblicityweb.eu\/es\/terminos-y-condiciones\/","title":{"rendered":"T\u00e9rminos y Condiciones"},"content":{"rendered":"<p>\u00daltima actualizaci\u00f3n: 08\/06\/2024<\/p>\n<p><span style=\"font-weight: 400;\">Lea estos t\u00e9rminos y condiciones detenidamente antes de utilizar Nuestro Servicio.<\/span><\/p>\n<p><span style=\"font-weight: 400;\">Interpretaci\u00f3n y definiciones<\/span><\/p>\n<h2><b>Interpretaci\u00f3n<\/b><\/h2>\n<p><span style=\"font-weight: 400;\">Las palabras cuya letra inicial est\u00e1 en may\u00fascula tienen significados definidos en las siguientes condiciones. Las siguientes definiciones tendr\u00e1n el mismo significado independientemente de que aparezcan en singular o en plural.<\/span><\/p>\n<h2><b>Definiciones<\/b><\/h2>\n<p><span style=\"font-weight: 400;\">A los efectos de estos T\u00e9rminos y condiciones:<\/span><\/p>\n<p><b>Afiliado<\/b><span style=\"font-weight: 400;\"> significa una entidad que controla, est\u00e1 controlada por o est\u00e1 bajo control com\u00fan con una parte, donde \u00abcontrol\u00bb significa la propiedad del 50% o m\u00e1s de las acciones, participaci\u00f3n accionaria u otros valores con derecho a voto para la elecci\u00f3n de directores u otra autoridad administrativa.<\/span><\/p>\n<p><b>Pa\u00eds<\/b><span style=\"font-weight: 400;\"> se refiere a: Espa\u00f1a<\/span><\/p>\n<p><b>Empresa<\/b><span style=\"font-weight: 400;\"> (referido como \u00abla Compa\u00f1\u00eda\u00bb, \u00abNosotros\u00bb, \u00abNos\u00bb o \u00abNuestro\u00bb en este Acuerdo) se refiere a PUBBLICITY WEB 3.0 SLU (B76680206), AVENDIA RAFAEL PUIG LLUVINA N\u00b0 40 \u2022 PARQUE SANTIAGO IV (38650) \u2022 PLAYA DE LAS AMERICAS (ARONA) \u2022 SANTA CRUZ DE TENERIFE (ESPA\u00d1A)<\/span><\/p>\n<p><b>Dispositivo<\/b><span style=\"font-weight: 400;\"> significa cualquier dispositivo que pueda acceder al Servicio, como una computadora, un tel\u00e9fono celular o una tableta digital.<\/span><\/p>\n<p><b>Bienes<\/b><span style=\"font-weight: 400;\"> consulte los art\u00edculos que se ofrecen a la venta en el Servicio.<\/span><\/p>\n<p><b>Pedidos<\/b><span style=\"font-weight: 400;\"> significa una solicitud suya para comprarnos Productos.<\/span><\/p>\n<p><b>Servicio<\/b><span style=\"font-weight: 400;\"> se refiere al sitio web.<\/span><\/p>\n<p><b>T\u00e9rminos y Condiciones<\/b><span style=\"font-weight: 400;\"> (tambi\u00e9n denominados \u00abT\u00e9rminos\u00bb) se refieren a estos T\u00e9rminos y condiciones que forman el acuerdo completo entre Usted y la Compa\u00f1\u00eda con respecto al uso del Servicio.<\/span><\/p>\n<p><b>Servicio de redes sociales de terceros<\/b><span style=\"font-weight: 400;\"> significa cualquier servicio o contenido (incluidos datos, informaci\u00f3n, productos o servicios) proporcionado por un tercero que puede ser mostrado, incluido o puesto a disposici\u00f3n por el Servicio.<\/span><\/p>\n<p><b>Sitio web<\/b><span style=\"font-weight: 400;\"> se refiere a pubblicityweb, accesible desde <\/span><a href=\"https:\/\/pubblicityweb.eu\/\"><span style=\"font-weight: 400;\">https:\/\/pubblicityweb.eu\/<\/span><\/a><\/p>\n<p><b>T\u00fa<\/b><span style=\"font-weight: 400;\"> significa la persona que accede o usa el Servicio, o la empresa u otra entidad legal en nombre de la cual dicha persona accede o usa el Servicio, seg\u00fan corresponda.<\/span><\/p>\n<p>&nbsp;<\/p>\n<p><span style=\"font-weight: 400;\">Reconocimiento<\/span><\/p>\n<p><span style=\"font-weight: 400;\">Estos son los T\u00e9rminos y Condiciones que rigen el uso de este Servicio y el acuerdo que opera entre Usted y la Compa\u00f1\u00eda. Estos T\u00e9rminos y Condiciones establecen los derechos y obligaciones de todos los usuarios con respecto al uso del Servicio.<\/span><\/p>\n<p><span style=\"font-weight: 400;\">Su acceso y uso del Servicio est\u00e1 condicionado a su aceptaci\u00f3n y cumplimiento de estos T\u00e9rminos y Condiciones. Estos T\u00e9rminos y Condiciones se aplican a todos los visitantes, usuarios y otras personas que acceden o utilizan el Servicio.<\/span><\/p>\n<p><span style=\"font-weight: 400;\">Al acceder o utilizar el Servicio, usted acepta estar sujeto a estos T\u00e9rminos y Condiciones. Si no est\u00e1 de acuerdo con alguna parte de estos T\u00e9rminos y condiciones, no podr\u00e1 acceder al Servicio.<\/span><\/p>\n<p><span style=\"font-weight: 400;\">Usted declara que es mayor de 18 a\u00f1os. La Compa\u00f1\u00eda no permite que menores de 18 a\u00f1os utilicen el Servicio.<\/span><\/p>\n<p><span style=\"font-weight: 400;\">Su acceso y uso del Servicio tambi\u00e9n est\u00e1 condicionado a su aceptaci\u00f3n y cumplimiento de la Pol\u00edtica de Privacidad de la Compa\u00f1\u00eda. Nuestra Pol\u00edtica de privacidad describe Nuestras pol\u00edticas y procedimientos sobre la recopilaci\u00f3n, uso y divulgaci\u00f3n de Su informaci\u00f3n personal cuando usa la Aplicaci\u00f3n o el Sitio web y le informa sobre Sus derechos de privacidad y c\u00f3mo la ley lo protege. Lea nuestra Pol\u00edtica de privacidad detenidamente antes de utilizar nuestro servicio.<\/span><\/p>\n<p><span style=\"font-weight: 400;\">Realizaci\u00f3n de pedidos de bienes<\/span><\/p>\n<p><span style=\"font-weight: 400;\">Al realizar un Pedido de Productos a trav\u00e9s del Servicio, usted garantiza que es legalmente capaz de celebrar contratos vinculantes.<\/span><\/p>\n<h2><b>Tu informaci\u00f3n<\/b><\/h2>\n<p><span style=\"font-weight: 400;\">Si desea realizar un Pedido de Bienes disponibles en el Servicio, es posible que se le solicite que proporcione cierta informaci\u00f3n relevante para Su Pedido, que incluye, entre otros, Su nombre, Su correo electr\u00f3nico, Su n\u00famero de tel\u00e9fono, Su n\u00famero de tarjeta de cr\u00e9dito, la fecha de vencimiento de Su tarjeta de cr\u00e9dito, su direcci\u00f3n de facturaci\u00f3n y su informaci\u00f3n de env\u00edo.<\/span><\/p>\n<p><span style=\"font-weight: 400;\">Usted declara y garantiza que: (i) tiene el derecho legal de utilizar cualquier tarjeta de cr\u00e9dito o d\u00e9bito u otro m\u00e9todo de pago en relaci\u00f3n con cualquier Pedido; y que (ii) la informaci\u00f3n que nos proporciona es verdadera, correcta y completa.<\/span><\/p>\n<p><span style=\"font-weight: 400;\">Al enviar dicha informaci\u00f3n, nos otorga el derecho a proporcionar la informaci\u00f3n a terceros que procesan pagos con el fin de facilitar la finalizaci\u00f3n de su pedido.<\/span><\/p>\n<h2><b>Cancelaci\u00f3n de orden<\/b><\/h2>\n<p><span style=\"font-weight: 400;\">Nos reservamos el derecho de rechazar o cancelar su pedido en cualquier momento por ciertas razones, que incluyen, entre otras:<\/span><\/p>\n<ul>\n<li style=\"font-weight: 400;\"><span style=\"font-weight: 400;\">Disponibilidad de mercanc\u00edas<\/span><\/li>\n<li style=\"font-weight: 400;\"><span style=\"font-weight: 400;\">Errores en la descripci\u00f3n o precios de los Bienes<\/span><\/li>\n<li style=\"font-weight: 400;\"><span style=\"font-weight: 400;\">Errores en su pedido<\/span><\/li>\n<\/ul>\n<p><span style=\"font-weight: 400;\">Nos reservamos el derecho de rechazar o cancelar su pedido si se sospecha de fraude o de una transacci\u00f3n no autorizada o ilegal.<\/span><\/p>\n<h3><b>Sus derechos de cancelaci\u00f3n de pedidos<\/b><\/h3>\n<p><span style=\"font-weight: 400;\">Cualquier Producto que compre solo puede devolverse de acuerdo con estos T\u00e9rminos y condiciones y Nuestra Pol\u00edtica de devoluciones.<\/span><\/p>\n<p><span style=\"font-weight: 400;\">Nuestra Pol\u00edtica de devoluciones forma parte de estos T\u00e9rminos y condiciones. Lea nuestra Pol\u00edtica de devoluciones para obtener m\u00e1s informaci\u00f3n sobre su derecho a cancelar su pedido.<\/span><\/p>\n<p><span style=\"font-weight: 400;\">Su derecho a cancelar un Pedido solo se aplica a los Bienes que se devuelven en las mismas condiciones en que los recibi\u00f3. Tambi\u00e9n debe incluir todas las instrucciones, documentos y envoltorios de los productos. No se reembolsar\u00e1n los productos que est\u00e9n da\u00f1ados o que no est\u00e9n en las mismas condiciones en que los recibi\u00f3 o que se hayan usado simplemente despu\u00e9s de abrir el embalaje original. Por lo tanto, debe cuidar razonablemente los Productos comprados mientras est\u00e9n en Su posesi\u00f3n.<\/span><\/p>\n<p><span style=\"font-weight: 400;\">Le reembolsaremos a m\u00e1s tardar 14 d\u00edas a partir del d\u00eda en que recibamos los Productos devueltos. Usaremos los mismos medios de pago que utiliz\u00f3 para el Pedido y no incurrir\u00e1 en ning\u00fan cargo por dicho reembolso.<\/span><\/p>\n<p><span style=\"font-weight: 400;\">No tendr\u00e1 derecho a cancelar un Pedido por el suministro de cualquiera de los siguientes Productos:<\/span><\/p>\n<ul>\n<li style=\"font-weight: 400;\"><span style=\"font-weight: 400;\">El suministro de Bienes confeccionados seg\u00fan Sus especificaciones o claramente personalizados.<\/span><\/li>\n<li style=\"font-weight: 400;\"><span style=\"font-weight: 400;\">El suministro de Bienes que por su naturaleza no sean aptos para ser devueltos, se deterioren r\u00e1pidamente o cuando la fecha de caducidad haya terminado.<\/span><\/li>\n<li style=\"font-weight: 400;\"><span style=\"font-weight: 400;\">El suministro de Bienes que no son aptos para devoluci\u00f3n por razones de protecci\u00f3n de la salud o higiene y fueron abiertos despu\u00e9s de la entrega.<\/span><\/li>\n<li style=\"font-weight: 400;\"><span style=\"font-weight: 400;\">El suministro de Bienes que, despu\u00e9s de la entrega, de acuerdo con su naturaleza, se mezclan inseparablemente con otros art\u00edculos.<\/span><\/li>\n<li style=\"font-weight: 400;\"><span style=\"font-weight: 400;\">El suministro de contenido digital que no se proporciona en un medio tangible si la ejecuci\u00f3n ha comenzado con su consentimiento expreso previo y ha reconocido la p\u00e9rdida del derecho de cancelaci\u00f3n.<\/span><\/li>\n<\/ul>\n<h2><b>Disponibilidad, errores e inexactitudes<\/b><\/h2>\n<p><span style=\"font-weight: 400;\">Actualizamos constantemente Nuestras ofertas de Productos en el Servicio. Los Productos disponibles en Nuestro Servicio pueden tener un precio incorrecto, describirse de forma inexacta o no estar disponibles, y es posible que experimentemos retrasos en la actualizaci\u00f3n de la informaci\u00f3n sobre nuestros Productos en el Servicio y en Nuestra publicidad en otros sitios web.<\/span><\/p>\n<p><span style=\"font-weight: 400;\">No podemos garantizar y no garantizamos la precisi\u00f3n o integridad de ninguna informaci\u00f3n, incluidos precios, im\u00e1genes de productos, especificaciones, disponibilidad y servicios. Nos reservamos el derecho de cambiar o actualizar la informaci\u00f3n y corregir errores, inexactitudes u omisiones en cualquier momento sin previo aviso.<\/span><\/p>\n<h2><b>Pol\u00edtica de precios<\/b><\/h2>\n<p><span style=\"font-weight: 400;\">La Compa\u00f1\u00eda se reserva el derecho de revisar sus precios en cualquier momento antes de aceptar un Pedido.<\/span><\/p>\n<p><span style=\"font-weight: 400;\">Los precios cotizados pueden ser revisados \u200b\u200bpor la Compa\u00f1\u00eda despu\u00e9s de aceptar un Pedido en caso de que ocurra alg\u00fan incidente que afecte la entrega debido a una acci\u00f3n gubernamental, variaci\u00f3n en los aranceles aduaneros, aumento de los gastos de env\u00edo, mayores costos de cambio de divisas y cualquier otro asunto fuera del control de la Compa\u00f1\u00eda. . En ese caso, tendr\u00e1 derecho a cancelar su pedido.<\/span><\/p>\n<h2><b>Pagos<\/b><\/h2>\n<p><span style=\"font-weight: 400;\">Todos los Productos comprados est\u00e1n sujetos a un pago \u00fanico. El pago se puede realizar a trav\u00e9s de varios m\u00e9todos de pago que tenemos disponibles, como Visa, MasterCard, Affinity Card, tarjetas American Express o m\u00e9todos de pago online (PayPal, por ejemplo).<\/span><\/p>\n<p><span style=\"font-weight: 400;\">Las tarjetas de pago (tarjetas de cr\u00e9dito o d\u00e9bito) est\u00e1n sujetas a comprobaciones de validaci\u00f3n y autorizaci\u00f3n por parte del emisor de su tarjeta. Si no recibimos la autorizaci\u00f3n requerida, no seremos responsables por ning\u00fan retraso o falta de entrega de su pedido.<\/span><\/p>\n<p><span style=\"font-weight: 400;\">Enlaces a otros sitios web<\/span><\/p>\n<p><span style=\"font-weight: 400;\">Nuestro Servicio puede contener enlaces a sitios web o servicios de terceros que no son propiedad ni est\u00e1n controlados por la Compa\u00f1\u00eda.<\/span><\/p>\n<p><span style=\"font-weight: 400;\">La Compa\u00f1\u00eda no tiene control ni asume ninguna responsabilidad por el contenido, las pol\u00edticas de privacidad o las pr\u00e1cticas de los sitios web o servicios de terceros. Adem\u00e1s, reconoce y acepta que la Compa\u00f1\u00eda no ser\u00e1 responsable, directa o indirectamente, de ning\u00fan da\u00f1o o p\u00e9rdida causados \u200b\u200bo presuntamente causados \u200b\u200bpor o en conexi\u00f3n con el uso o la dependencia de dicho contenido, bienes o servicios disponibles en oa trav\u00e9s de dichos sitios web o servicios.<\/span><\/p>\n<p><span style=\"font-weight: 400;\">Le recomendamos encarecidamente que lea los t\u00e9rminos y condiciones y las pol\u00edticas de privacidad de cualquier sitio web o servicio de terceros que visite.<\/span><\/p>\n<p><span style=\"font-weight: 400;\">Terminaci\u00f3n<\/span><\/p>\n<p><span style=\"font-weight: 400;\">Podemos rescindir o suspender su acceso de inmediato, sin previo aviso ni responsabilidad, por cualquier motivo, incluido, entre otros, si incumple estos T\u00e9rminos y condiciones.<\/span><\/p>\n<p><span style=\"font-weight: 400;\">Tras la rescisi\u00f3n, su derecho a utilizar el Servicio cesar\u00e1 de inmediato.<\/span><\/p>\n<p><span style=\"font-weight: 400;\">Limitaci\u00f3n de responsabilidad<\/span><\/p>\n<p><span style=\"font-weight: 400;\">Sin perjuicio de los da\u00f1os en los que pueda incurrir, la responsabilidad total de la Compa\u00f1\u00eda y cualquiera de sus proveedores bajo cualquier disposici\u00f3n de estos T\u00e9rminos y Su recurso exclusivo por todo lo anterior se limitar\u00e1 al monto realmente pagado por Usted a trav\u00e9s del Servicio o 100 USD. si no ha comprado nada a trav\u00e9s del Servicio.<\/span><\/p>\n<p><span style=\"font-weight: 400;\">En la medida m\u00e1xima permitida por la ley aplicable, en ning\u00fan caso la Compa\u00f1\u00eda o sus proveedores ser\u00e1n responsables de ning\u00fan da\u00f1o especial, incidental, indirecto o consecuente (incluidos, entre otros, da\u00f1os por lucro cesante, p\u00e9rdida de datos o otra informaci\u00f3n, por interrupci\u00f3n del negocio, por lesiones personales, p\u00e9rdida de privacidad que surja de o de alguna manera relacionada con el uso o la imposibilidad de usar el Servicio, software de terceros y \/ o hardware de terceros utilizado con el Servicio, o de lo contrario en relaci\u00f3n con cualquier disposici\u00f3n de estos T\u00e9rminos), incluso si la Compa\u00f1\u00eda o cualquier proveedor han sido informados de la posibilidad de tales da\u00f1os e incluso si el recurso no cumple con su prop\u00f3sito esencial.<\/span><\/p>\n<p><span style=\"font-weight: 400;\">Algunos estados no permiten la exclusi\u00f3n de garant\u00edas impl\u00edcitas o la limitaci\u00f3n de responsabilidad por da\u00f1os incidentales o consecuentes, lo que significa que algunas de las limitaciones anteriores pueden no aplicarse. En estos estados, la responsabilidad de cada parte estar\u00e1 limitada en la mayor medida permitida por la ley.<\/span><\/p>\n<p><span style=\"font-weight: 400;\">Renuncia de responsabilidad \u00abTAL CUAL\u00bb y \u00abSEG\u00daN DISPONIBILIDAD\u00bb<\/span><\/p>\n<p><span style=\"font-weight: 400;\">El Servicio se le proporciona \u00abTAL CUAL\u00bb y \u00abSEG\u00daN DISPONIBILIDAD\u00bb y con todas las fallas y defectos sin garant\u00eda de ning\u00fan tipo. En la medida m\u00e1xima permitida por la ley aplicable, la Compa\u00f1\u00eda, en su propio nombre y en nombre de sus Afiliadas y sus respectivos licenciantes y proveedores de servicios, renuncia expresamente a todas las garant\u00edas, ya sean expresas, impl\u00edcitas, estatutarias o de otro tipo, con respecto a la Servicio, incluidas todas las garant\u00edas impl\u00edcitas de comerciabilidad, idoneidad para un prop\u00f3sito particular, t\u00edtulo y no infracci\u00f3n, y garant\u00edas que puedan surgir del curso del trato, el curso del desempe\u00f1o, el uso o la pr\u00e1ctica comercial. Sin limitaci\u00f3n a lo anterior, la Compa\u00f1\u00eda no ofrece garant\u00eda ni compromiso, y no hace ninguna representaci\u00f3n de ning\u00fan tipo de que el Servicio cumplir\u00e1 con Sus requisitos, lograr\u00e1 los resultados previstos,<\/span><\/p>\n<p><span style=\"font-weight: 400;\">Sin perjuicio de lo anterior, ni la Compa\u00f1\u00eda ni ninguno de los proveedores de la compa\u00f1\u00eda hacen ninguna representaci\u00f3n o garant\u00eda de ning\u00fan tipo, expresa o impl\u00edcita: (i) en cuanto al funcionamiento o disponibilidad del Servicio, o la informaci\u00f3n, contenido y materiales o productos. incluido en el mismo; (ii) que el Servicio ser\u00e1 ininterrumpido o libre de errores; (iii) en cuanto a la precisi\u00f3n, confiabilidad o vigencia de cualquier informaci\u00f3n o contenido proporcionado a trav\u00e9s del Servicio; o (iv) que el Servicio, sus servidores, el contenido o los correos electr\u00f3nicos enviados desde o en nombre de la Compa\u00f1\u00eda est\u00e1n libres de virus, scripts, troyanos, gusanos, malware, bombas de tiempo u otros componentes da\u00f1inos.<\/span><\/p>\n<p><span style=\"font-weight: 400;\">Algunas jurisdicciones no permiten la exclusi\u00f3n de ciertos tipos de garant\u00edas o limitaciones sobre los derechos legales aplicables de un consumidor, por lo que algunas o todas las exclusiones y limitaciones anteriores pueden no aplicarse a usted. Pero en tal caso, las exclusiones y limitaciones establecidas en esta secci\u00f3n se aplicar\u00e1n en la mayor medida exigible seg\u00fan la ley aplicable.<\/span><\/p>\n<p><span style=\"font-weight: 400;\">Ley que rige<\/span><\/p>\n<p><span style=\"font-weight: 400;\">Las leyes del Pa\u00eds, excluyendo sus conflictos de reglas de leyes, regir\u00e1n estos T\u00e9rminos y Su uso del Servicio. Su uso de la Aplicaci\u00f3n tambi\u00e9n puede estar sujeto a otras leyes locales, estatales, nacionales o internacionales.<\/span><\/p>\n<p><span style=\"font-weight: 400;\">Resoluci\u00f3n de disputas<\/span><\/p>\n<p><span style=\"font-weight: 400;\">Si tiene alguna inquietud o disputa sobre el Servicio, acepta primero intentar resolver la disputa de manera informal comunic\u00e1ndose con la Compa\u00f1\u00eda.<\/span><\/p>\n<p><span style=\"font-weight: 400;\">Para usuarios de la Uni\u00f3n Europea (UE)<\/span><\/p>\n<p><span style=\"font-weight: 400;\">Si es un consumidor de la Uni\u00f3n Europea, se beneficiar\u00e1 de las disposiciones obligatorias de la ley del pa\u00eds en el que reside.<\/span><\/p>\n<p><span style=\"font-weight: 400;\">Cumplimiento legal de Estados Unidos<\/span><\/p>\n<p><span style=\"font-weight: 400;\">Usted declara y garantiza que (i) no se encuentra en un pa\u00eds que est\u00e1 sujeto al embargo del gobierno de los Estados Unidos, o que ha sido designado por el gobierno de los Estados Unidos como un pa\u00eds \u00abque apoya al terrorismo\u00bb, y (ii) enumerados en cualquier lista del gobierno de los Estados Unidos de partes prohibidas o restringidas.<\/span><\/p>\n<p><span style=\"font-weight: 400;\">Divisibilidad y renuncia<\/span><\/p>\n<h2><b>Divisibilidad<\/b><\/h2>\n<p><span style=\"font-weight: 400;\">Si alguna disposici\u00f3n de estos T\u00e9rminos se considera inaplicable o inv\u00e1lida, dicha disposici\u00f3n se cambiar\u00e1 e interpretar\u00e1 para lograr los objetivos de dicha disposici\u00f3n en la mayor medida posible seg\u00fan la ley aplicable y las disposiciones restantes continuar\u00e1n en pleno vigor y efecto.<\/span><\/p>\n<h2><b>Renuncia<\/b><\/h2>\n<p><span style=\"font-weight: 400;\">Salvo lo dispuesto en el presente, el hecho de no ejercer un derecho o exigir el cumplimiento de una obligaci\u00f3n en virtud de estos T\u00e9rminos no afectar\u00e1 la capacidad de una de las partes para ejercer dicho derecho o exigir dicho cumplimiento en cualquier momento posterior, ni constituir\u00e1 una renuncia la renuncia a un incumplimiento. de cualquier incumplimiento posterior.<\/span><\/p>\n<p><span style=\"font-weight: 400;\">Interpretaci\u00f3n de traducci\u00f3n<\/span><\/p>\n<p><span style=\"font-weight: 400;\">Estos T\u00e9rminos y Condiciones pueden haberse traducido si los hemos puesto a su disposici\u00f3n en nuestro Servicio. Usted acepta que el texto original en ingl\u00e9s prevalecer\u00e1 en caso de disputa.<\/span><\/p>\n<p><span style=\"font-weight: 400;\">Cambios a estos t\u00e9rminos y condiciones<\/span><\/p>\n<p><span style=\"font-weight: 400;\">Nos reservamos el derecho, a Nuestro exclusivo criterio, de modificar o reemplazar estos T\u00e9rminos en cualquier momento. Si una revisi\u00f3n es material, haremos los esfuerzos razonables para proporcionar un aviso de al menos 30 d\u00edas antes de que entren en vigencia los nuevos t\u00e9rminos. Lo que constituye un cambio material se determinar\u00e1 a Nuestro exclusivo criterio.<\/span><\/p>\n<p><span style=\"font-weight: 400;\">Al continuar accediendo o utilizando Nuestro Servicio despu\u00e9s de que esas revisiones entren en vigencia, usted acepta estar sujeto a los t\u00e9rminos revisados. Si no est\u00e1 de acuerdo con los nuevos t\u00e9rminos, en su totalidad o en parte, deje de usar el sitio web y el Servicio.<\/span><\/p>\n<p><span style=\"font-weight: 400;\">Cont\u00e1ctenos<\/span><\/p>\n<p><span style=\"font-weight: 400;\">Si tiene alguna pregunta sobre estos T\u00e9rminos y condiciones, puede contactarnos:<\/span><\/p>\n<ul>\n<li style=\"font-weight: 400;\"><span style=\"font-weight: 400;\">Por correo electr\u00f3nico: pubblicityweb3.0@gmail.com<\/span><\/li>\n<\/ul>\n","protected":false},"excerpt":{"rendered":"<p>\u00daltima actualizaci\u00f3n: 08\/06\/2024 Lea estos t\u00e9rminos y condiciones detenidamente antes de utilizar Nuestro Servicio. Interpretaci\u00f3n y definiciones Interpretaci\u00f3n Las palabras cuya letra inicial est\u00e1 en may\u00fascula tienen significados definidos en las siguientes condiciones. Las siguientes definiciones tendr\u00e1n el mismo significado independientemente de que aparezcan en singular o en plural. Definiciones A los efectos de estos &#8230; <a title=\"T\u00e9rminos y Condiciones\" class=\"read-more\" href=\"https:\/\/pubblicityweb.eu\/es\/terminos-y-condiciones\/\" aria-label=\"Leer m\u00e1s sobre T\u00e9rminos y Condiciones\">Read more<\/a><\/p>\n","protected":false},"author":6,"featured_media":0,"parent":0,"menu_order":0,"comment_status":"closed","ping_status":"closed","template":"","meta":{"_monsterinsights_skip_tracking":false,"_monsterinsights_sitenote_active":false,"_monsterinsights_sitenote_note":"","_monsterinsights_sitenote_category":0,"footnotes":""},"class_list":["post-5506","page","type-page","status-publish"],"aioseo_notices":[],"_links":{"self":[{"href":"https:\/\/pubblicityweb.eu\/es\/wp-json\/wp\/v2\/pages\/5506","targetHints":{"allow":["GET"]}}],"collection":[{"href":"https:\/\/pubblicityweb.eu\/es\/wp-json\/wp\/v2\/pages"}],"about":[{"href":"https:\/\/pubblicityweb.eu\/es\/wp-json\/wp\/v2\/types\/page"}],"author":[{"embeddable":true,"href":"https:\/\/pubblicityweb.eu\/es\/wp-json\/wp\/v2\/users\/6"}],"replies":[{"embeddable":true,"href":"https:\/\/pubblicityweb.eu\/es\/wp-json\/wp\/v2\/comments?post=5506"}],"version-history":[{"count":0,"href":"https:\/\/pubblicityweb.eu\/es\/wp-json\/wp\/v2\/pages\/5506\/revisions"}],"wp:attachment":[{"href":"https:\/\/pubblicityweb.eu\/es\/wp-json\/wp\/v2\/media?parent=5506"}],"curies":[{"name":"wp","href":"https:\/\/api.w.org\/{rel}","templated":true}]}}