{"id":5285,"date":"2020-10-15T14:44:54","date_gmt":"2020-10-15T13:44:54","guid":{"rendered":"https:\/\/pubblicityweb.eu\/home\/"},"modified":"2021-11-01T11:00:10","modified_gmt":"2021-11-01T10:00:10","slug":"home","status":"publish","type":"page","link":"https:\/\/pubblicityweb.eu\/es\/","title":{"rendered":"Home"},"content":{"rendered":"\t\t<div data-elementor-type=\"wp-page\" data-elementor-id=\"5285\" class=\"elementor elementor-5285 elementor-239\" data-elementor-post-type=\"page\">\n\t\t\t\t\t\t<section class=\"elementor-section elementor-top-section elementor-element elementor-element-53dda18 elementor-section-boxed elementor-section-height-default elementor-section-height-default\" data-id=\"53dda18\" data-element_type=\"section\" data-e-type=\"section\" data-settings=\"{&quot;background_background&quot;:&quot;classic&quot;}\">\n\t\t\t\t\t\t\t<div class=\"elementor-background-overlay\"><\/div>\n\t\t\t\t\t\t\t<div class=\"elementor-container elementor-column-gap-default\">\n\t\t\t\t\t<div class=\"elementor-column elementor-col-100 elementor-top-column elementor-element elementor-element-5f8c166\" data-id=\"5f8c166\" data-element_type=\"column\" data-e-type=\"column\">\n\t\t\t<div class=\"elementor-widget-wrap elementor-element-populated\">\n\t\t\t\t\t\t<div class=\"elementor-element elementor-element-59b195a elementor-widget elementor-widget-heading\" data-id=\"59b195a\" data-element_type=\"widget\" data-e-type=\"widget\" data-widget_type=\"heading.default\">\n\t\t\t\t<div class=\"elementor-widget-container\">\n\t\t\t\t\t<h1 class=\"elementor-heading-title elementor-size-default\"> L\u00cdDER EN EL SECTOR<br> DE GESTI\u00d3N PUBLICITARIA<\/h1>\t\t\t\t<\/div>\n\t\t\t\t<\/div>\n\t\t\t\t<div class=\"elementor-element elementor-element-cb57107 elementor-widget elementor-widget-button\" data-id=\"cb57107\" data-element_type=\"widget\" data-e-type=\"widget\" data-widget_type=\"button.default\">\n\t\t\t\t<div class=\"elementor-widget-container\">\n\t\t\t\t\t\t\t\t\t<div class=\"elementor-button-wrapper\">\n\t\t\t\t\t<a class=\"elementor-button elementor-button-link elementor-size-sm elementor-animation-float\" href=\"https:\/\/pubblicityweb.eu\/noi\/?lang=es\">\n\t\t\t\t\t\t<span class=\"elementor-button-content-wrapper\">\n\t\t\t\t\t\t\t\t\t<span class=\"elementor-button-text\">VER M\u00c1S<\/span>\n\t\t\t\t\t<\/span>\n\t\t\t\t\t<\/a>\n\t\t\t\t<\/div>\n\t\t\t\t\t\t\t\t<\/div>\n\t\t\t\t<\/div>\n\t\t\t\t\t<\/div>\n\t\t<\/div>\n\t\t\t\t\t<\/div>\n\t\t<\/section>\n\t\t\t\t<section class=\"elementor-section elementor-top-section elementor-element elementor-element-9c53082 elementor-section-boxed elementor-section-height-default elementor-section-height-default\" data-id=\"9c53082\" data-element_type=\"section\" data-e-type=\"section\">\n\t\t\t\t\t\t<div class=\"elementor-container elementor-column-gap-default\">\n\t\t\t\t\t<div class=\"elementor-column elementor-col-33 elementor-top-column elementor-element elementor-element-a843f12\" data-id=\"a843f12\" data-element_type=\"column\" data-e-type=\"column\">\n\t\t\t<div class=\"elementor-widget-wrap elementor-element-populated\">\n\t\t\t\t\t\t<section class=\"elementor-section elementor-inner-section elementor-element elementor-element-f78c037 elementor-section-boxed elementor-section-height-default elementor-section-height-default\" data-id=\"f78c037\" data-element_type=\"section\" data-e-type=\"section\">\n\t\t\t\t\t\t<div class=\"elementor-container elementor-column-gap-default\">\n\t\t\t\t\t<div class=\"elementor-column elementor-col-50 elementor-inner-column elementor-element elementor-element-beb7055\" data-id=\"beb7055\" data-element_type=\"column\" data-e-type=\"column\">\n\t\t\t<div class=\"elementor-widget-wrap elementor-element-populated\">\n\t\t\t\t\t\t<div class=\"elementor-element elementor-element-17f4c78 elementor-widget elementor-widget-image\" data-id=\"17f4c78\" data-element_type=\"widget\" data-e-type=\"widget\" data-widget_type=\"image.default\">\n\t\t\t\t<div class=\"elementor-widget-container\">\n\t\t\t\t\t\t\t\t\t\t\t\t\t\t\t<img decoding=\"async\" width=\"128\" height=\"128\" src=\"https:\/\/pubblicityweb.eu\/wp-content\/uploads\/2020\/10\/ventajas-01.png\" class=\"attachment-large size-large wp-image-5320\" alt=\"\" srcset=\"https:\/\/pubblicityweb.eu\/wp-content\/uploads\/2020\/10\/ventajas-01.png 128w, https:\/\/pubblicityweb.eu\/wp-content\/uploads\/2020\/10\/ventajas-01-100x100.png 100w\" sizes=\"(max-width: 128px) 100vw, 128px\" \/>\t\t\t\t\t\t\t\t\t\t\t\t\t\t\t<\/div>\n\t\t\t\t<\/div>\n\t\t\t\t\t<\/div>\n\t\t<\/div>\n\t\t\t\t<div class=\"elementor-column elementor-col-50 elementor-inner-column elementor-element elementor-element-68f7fc4\" data-id=\"68f7fc4\" data-element_type=\"column\" data-e-type=\"column\">\n\t\t\t<div class=\"elementor-widget-wrap elementor-element-populated\">\n\t\t\t\t\t\t<div class=\"elementor-element elementor-element-962ef60 elementor-widget elementor-widget-heading\" data-id=\"962ef60\" data-element_type=\"widget\" data-e-type=\"widget\" data-widget_type=\"heading.default\">\n\t\t\t\t<div class=\"elementor-widget-container\">\n\t\t\t\t\t<h3 class=\"elementor-heading-title elementor-size-default\">PRIVACIDAD Y SEGURIDAD<\/h3>\t\t\t\t<\/div>\n\t\t\t\t<\/div>\n\t\t\t\t<div class=\"elementor-element elementor-element-9c25a16 elementor-widget elementor-widget-text-editor\" data-id=\"9c25a16\" data-element_type=\"widget\" data-e-type=\"widget\" data-widget_type=\"text-editor.default\">\n\t\t\t\t<div class=\"elementor-widget-container\">\n\t\t\t\t\t\t\t\t\t<p>Uno de nuestros principales objetivos es mantener la discreci\u00f3n y la privacidad de todos nuestros clientes.<\/p>\n\t\t\t\t\t\t\t\t<\/div>\n\t\t\t\t<\/div>\n\t\t\t\t\t<\/div>\n\t\t<\/div>\n\t\t\t\t\t<\/div>\n\t\t<\/section>\n\t\t\t\t\t<\/div>\n\t\t<\/div>\n\t\t\t\t<div class=\"elementor-column elementor-col-33 elementor-top-column elementor-element elementor-element-992abe8\" data-id=\"992abe8\" data-element_type=\"column\" data-e-type=\"column\">\n\t\t\t<div class=\"elementor-widget-wrap elementor-element-populated\">\n\t\t\t\t\t\t<section class=\"elementor-section elementor-inner-section elementor-element elementor-element-7cbb0b4 elementor-section-boxed elementor-section-height-default elementor-section-height-default\" data-id=\"7cbb0b4\" data-element_type=\"section\" data-e-type=\"section\">\n\t\t\t\t\t\t<div class=\"elementor-container elementor-column-gap-default\">\n\t\t\t\t\t<div class=\"elementor-column elementor-col-50 elementor-inner-column elementor-element elementor-element-4b1f4b5\" data-id=\"4b1f4b5\" data-element_type=\"column\" data-e-type=\"column\">\n\t\t\t<div class=\"elementor-widget-wrap elementor-element-populated\">\n\t\t\t\t\t\t<div class=\"elementor-element elementor-element-657f8ca elementor-widget elementor-widget-image\" data-id=\"657f8ca\" data-element_type=\"widget\" data-e-type=\"widget\" data-widget_type=\"image.default\">\n\t\t\t\t<div class=\"elementor-widget-container\">\n\t\t\t\t\t\t\t\t\t\t\t\t\t\t\t<img decoding=\"async\" width=\"128\" height=\"128\" src=\"https:\/\/pubblicityweb.eu\/wp-content\/uploads\/2020\/10\/ventajas-02.png\" class=\"attachment-large size-large wp-image-5321\" alt=\"\" srcset=\"https:\/\/pubblicityweb.eu\/wp-content\/uploads\/2020\/10\/ventajas-02.png 128w, https:\/\/pubblicityweb.eu\/wp-content\/uploads\/2020\/10\/ventajas-02-100x100.png 100w\" sizes=\"(max-width: 128px) 100vw, 128px\" \/>\t\t\t\t\t\t\t\t\t\t\t\t\t\t\t<\/div>\n\t\t\t\t<\/div>\n\t\t\t\t\t<\/div>\n\t\t<\/div>\n\t\t\t\t<div class=\"elementor-column elementor-col-50 elementor-inner-column elementor-element elementor-element-27d34e1\" data-id=\"27d34e1\" data-element_type=\"column\" data-e-type=\"column\">\n\t\t\t<div class=\"elementor-widget-wrap elementor-element-populated\">\n\t\t\t\t\t\t<div class=\"elementor-element elementor-element-a18cb9c elementor-widget elementor-widget-heading\" data-id=\"a18cb9c\" data-element_type=\"widget\" data-e-type=\"widget\" data-widget_type=\"heading.default\">\n\t\t\t\t<div class=\"elementor-widget-container\">\n\t\t\t\t\t<h3 class=\"elementor-heading-title elementor-size-default\">LA MEJOR CALIDAD<\/h3>\t\t\t\t<\/div>\n\t\t\t\t<\/div>\n\t\t\t\t<div class=\"elementor-element elementor-element-565a93a elementor-widget elementor-widget-text-editor\" data-id=\"565a93a\" data-element_type=\"widget\" data-e-type=\"widget\" data-widget_type=\"text-editor.default\">\n\t\t\t\t<div class=\"elementor-widget-container\">\n\t\t\t\t\t\t\t\t\t<p>Nuestros productos siempre son creados con las mejores tecnolog\u00edas y la m\u00e1s alta calidad.<\/p>\n\t\t\t\t\t\t\t\t<\/div>\n\t\t\t\t<\/div>\n\t\t\t\t\t<\/div>\n\t\t<\/div>\n\t\t\t\t\t<\/div>\n\t\t<\/section>\n\t\t\t\t\t<\/div>\n\t\t<\/div>\n\t\t\t\t<div class=\"elementor-column elementor-col-33 elementor-top-column elementor-element elementor-element-7e73613\" data-id=\"7e73613\" data-element_type=\"column\" data-e-type=\"column\">\n\t\t\t<div class=\"elementor-widget-wrap elementor-element-populated\">\n\t\t\t\t\t\t<section class=\"elementor-section elementor-inner-section elementor-element elementor-element-48e1bb0 elementor-section-boxed elementor-section-height-default elementor-section-height-default\" data-id=\"48e1bb0\" data-element_type=\"section\" data-e-type=\"section\">\n\t\t\t\t\t\t<div class=\"elementor-container elementor-column-gap-default\">\n\t\t\t\t\t<div class=\"elementor-column elementor-col-50 elementor-inner-column elementor-element elementor-element-b45d130\" data-id=\"b45d130\" data-element_type=\"column\" data-e-type=\"column\">\n\t\t\t<div class=\"elementor-widget-wrap elementor-element-populated\">\n\t\t\t\t\t\t<div class=\"elementor-element elementor-element-72689d1 elementor-widget elementor-widget-image\" data-id=\"72689d1\" data-element_type=\"widget\" data-e-type=\"widget\" data-widget_type=\"image.default\">\n\t\t\t\t<div class=\"elementor-widget-container\">\n\t\t\t\t\t\t\t\t\t\t\t\t\t\t\t<img decoding=\"async\" width=\"128\" height=\"128\" src=\"https:\/\/pubblicityweb.eu\/wp-content\/uploads\/2020\/10\/ventajas-03.png\" class=\"attachment-large size-large wp-image-5322\" alt=\"\" srcset=\"https:\/\/pubblicityweb.eu\/wp-content\/uploads\/2020\/10\/ventajas-03.png 128w, https:\/\/pubblicityweb.eu\/wp-content\/uploads\/2020\/10\/ventajas-03-100x100.png 100w\" sizes=\"(max-width: 128px) 100vw, 128px\" \/>\t\t\t\t\t\t\t\t\t\t\t\t\t\t\t<\/div>\n\t\t\t\t<\/div>\n\t\t\t\t\t<\/div>\n\t\t<\/div>\n\t\t\t\t<div class=\"elementor-column elementor-col-50 elementor-inner-column elementor-element elementor-element-d0a0602\" data-id=\"d0a0602\" data-element_type=\"column\" data-e-type=\"column\">\n\t\t\t<div class=\"elementor-widget-wrap elementor-element-populated\">\n\t\t\t\t\t\t<div class=\"elementor-element elementor-element-a4a13e0 elementor-widget elementor-widget-heading\" data-id=\"a4a13e0\" data-element_type=\"widget\" data-e-type=\"widget\" data-widget_type=\"heading.default\">\n\t\t\t\t<div class=\"elementor-widget-container\">\n\t\t\t\t\t<h3 class=\"elementor-heading-title elementor-size-default\">LOS MEJORES PRECIOS<\/h3>\t\t\t\t<\/div>\n\t\t\t\t<\/div>\n\t\t\t\t<div class=\"elementor-element elementor-element-331cde8 elementor-widget elementor-widget-text-editor\" data-id=\"331cde8\" data-element_type=\"widget\" data-e-type=\"widget\" data-widget_type=\"text-editor.default\">\n\t\t\t\t<div class=\"elementor-widget-container\">\n\t\t\t\t\t\t\t\t\t<p>Mantenemos siempre precios ventajosos buscando las mejores promociones<\/p>\n\t\t\t\t\t\t\t\t<\/div>\n\t\t\t\t<\/div>\n\t\t\t\t\t<\/div>\n\t\t<\/div>\n\t\t\t\t\t<\/div>\n\t\t<\/section>\n\t\t\t\t\t<\/div>\n\t\t<\/div>\n\t\t\t\t\t<\/div>\n\t\t<\/section>\n\t\t\t\t<section class=\"elementor-section elementor-top-section elementor-element elementor-element-a82a64b elementor-section-boxed elementor-section-height-default elementor-section-height-default\" data-id=\"a82a64b\" data-element_type=\"section\" data-e-type=\"section\" data-settings=\"{&quot;background_background&quot;:&quot;classic&quot;}\">\n\t\t\t\t\t\t<div class=\"elementor-container elementor-column-gap-default\">\n\t\t\t\t\t<div class=\"elementor-column elementor-col-33 elementor-top-column elementor-element elementor-element-fda37d0\" data-id=\"fda37d0\" data-element_type=\"column\" data-e-type=\"column\">\n\t\t\t<div class=\"elementor-widget-wrap\">\n\t\t\t\t\t\t\t<\/div>\n\t\t<\/div>\n\t\t\t\t<div class=\"elementor-column elementor-col-33 elementor-top-column elementor-element elementor-element-652baca\" data-id=\"652baca\" data-element_type=\"column\" data-e-type=\"column\" data-settings=\"{&quot;background_background&quot;:&quot;classic&quot;}\">\n\t\t\t<div class=\"elementor-widget-wrap elementor-element-populated\">\n\t\t\t\t\t<div class=\"elementor-background-overlay\"><\/div>\n\t\t\t\t\t\t<div class=\"elementor-element elementor-element-04c9f11 elementor-widget elementor-widget-heading\" data-id=\"04c9f11\" data-element_type=\"widget\" data-e-type=\"widget\" data-widget_type=\"heading.default\">\n\t\t\t\t<div class=\"elementor-widget-container\">\n\t\t\t\t\t<h2 class=\"elementor-heading-title elementor-size-default\"> L\u00cdDER EN EL SECTOR DE GESTI\u00d3N PUBLICITARIA<\/h2>\t\t\t\t<\/div>\n\t\t\t\t<\/div>\n\t\t\t\t<div class=\"elementor-element elementor-element-bab44bb elementor-widget elementor-widget-text-editor\" data-id=\"bab44bb\" data-element_type=\"widget\" data-e-type=\"widget\" data-widget_type=\"text-editor.default\">\n\t\t\t\t<div class=\"elementor-widget-container\">\n\t\t\t\t\t\t\t\t\t<p class=\"txtCentrado\">Ayudamos a nuestros clientes en la mejora continua de sus promociones, proponiendo soluciones de publicidad a la medida de las necesidades espec\u00edficas. No nos limitamos a la gesti\u00f3n del espacio. siempre tenemos un servicio consultor\u00eda de publicidad que en muchos casos conduce a la gesti\u00f3n de toda la visibilidad \u00ab, que nos permite estar 100% seguro de las opciones de planificaci\u00f3n del cliente.<\/p>\n\t\t\t\t\t\t\t\t<\/div>\n\t\t\t\t<\/div>\n\t\t\t\t<div class=\"elementor-element elementor-element-0529ff7 elementor-widget elementor-widget-button\" data-id=\"0529ff7\" data-element_type=\"widget\" data-e-type=\"widget\" data-widget_type=\"button.default\">\n\t\t\t\t<div class=\"elementor-widget-container\">\n\t\t\t\t\t\t\t\t\t<div class=\"elementor-button-wrapper\">\n\t\t\t\t\t<a class=\"elementor-button elementor-button-link elementor-size-sm elementor-animation-float\" href=\"https:\/\/pubblicityweb.eu\/contatto\/\">\n\t\t\t\t\t\t<span class=\"elementor-button-content-wrapper\">\n\t\t\t\t\t\t\t\t\t<span class=\"elementor-button-text\"> CONTACTO<\/span>\n\t\t\t\t\t<\/span>\n\t\t\t\t\t<\/a>\n\t\t\t\t<\/div>\n\t\t\t\t\t\t\t\t<\/div>\n\t\t\t\t<\/div>\n\t\t\t\t\t<\/div>\n\t\t<\/div>\n\t\t\t\t<div class=\"elementor-column elementor-col-33 elementor-top-column elementor-element elementor-element-02b397e\" data-id=\"02b397e\" data-element_type=\"column\" data-e-type=\"column\">\n\t\t\t<div class=\"elementor-widget-wrap\">\n\t\t\t\t\t\t\t<\/div>\n\t\t<\/div>\n\t\t\t\t\t<\/div>\n\t\t<\/section>\n\t\t\t\t<section class=\"elementor-section elementor-top-section elementor-element elementor-element-b0c4ce9 elementor-section-boxed elementor-section-height-default elementor-section-height-default\" data-id=\"b0c4ce9\" data-element_type=\"section\" data-e-type=\"section\" data-settings=\"{&quot;background_background&quot;:&quot;classic&quot;}\">\n\t\t\t\t\t\t<div class=\"elementor-container elementor-column-gap-default\">\n\t\t\t\t\t<div class=\"elementor-column elementor-col-100 elementor-top-column elementor-element elementor-element-8fb5cd3\" data-id=\"8fb5cd3\" data-element_type=\"column\" data-e-type=\"column\">\n\t\t\t<div class=\"elementor-widget-wrap elementor-element-populated\">\n\t\t\t\t\t\t<div class=\"elementor-element elementor-element-31ea718 elementor-widget elementor-widget-heading\" data-id=\"31ea718\" data-element_type=\"widget\" data-e-type=\"widget\" data-widget_type=\"heading.default\">\n\t\t\t\t<div class=\"elementor-widget-container\">\n\t\t\t\t\t<h2 class=\"elementor-heading-title elementor-size-default\"> NUESTRAS MARCAS<\/h2>\t\t\t\t<\/div>\n\t\t\t\t<\/div>\n\t\t\t\t<div class=\"elementor-element elementor-element-82288a3 elementor-widget-divider--view-line elementor-widget elementor-widget-divider\" data-id=\"82288a3\" data-element_type=\"widget\" data-e-type=\"widget\" data-widget_type=\"divider.default\">\n\t\t\t\t<div class=\"elementor-widget-container\">\n\t\t\t\t\t\t\t<div class=\"elementor-divider\">\n\t\t\t<span class=\"elementor-divider-separator\">\n\t\t\t\t\t\t<\/span>\n\t\t<\/div>\n\t\t\t\t\t\t<\/div>\n\t\t\t\t<\/div>\n\t\t\t\t<div class=\"elementor-element elementor-element-f11b1a4 gallery-spacing-custom elementor-widget elementor-widget-image-gallery\" data-id=\"f11b1a4\" data-element_type=\"widget\" data-e-type=\"widget\" data-widget_type=\"image-gallery.default\">\n\t\t\t\t<div class=\"elementor-widget-container\">\n\t\t\t\t\t\t\t<div class=\"elementor-image-gallery\">\n\t\t\t<div id='gallery-1' class='gallery galleryid-5285 gallery-columns-4 gallery-size-full'><figure class='gallery-item'>\n\t\t\t<div class='gallery-icon landscape'>\n\t\t\t\t<a data-elementor-open-lightbox=\"yes\" data-elementor-lightbox-slideshow=\"f11b1a4\" data-elementor-lightbox-title=\"moscabianca\" data-e-action-hash=\"#elementor-action%3Aaction%3Dlightbox%26settings%3DeyJpZCI6NTMyNywidXJsIjoiaHR0cHM6XC9cL3B1YmJsaWNpdHl3ZWIuZXVcL3dwLWNvbnRlbnRcL3VwbG9hZHNcLzIwMjBcLzEwXC9tb3NjYWJpYW5jYS5wbmciLCJzbGlkZXNob3ciOiJmMTFiMWE0In0%3D\" href='https:\/\/pubblicityweb.eu\/wp-content\/uploads\/2020\/10\/moscabianca.png'><img loading=\"lazy\" decoding=\"async\" width=\"500\" height=\"67\" src=\"https:\/\/pubblicityweb.eu\/wp-content\/uploads\/2020\/10\/moscabianca.png\" class=\"attachment-full size-full\" alt=\"\" srcset=\"https:\/\/pubblicityweb.eu\/wp-content\/uploads\/2020\/10\/moscabianca.png 500w, https:\/\/pubblicityweb.eu\/wp-content\/uploads\/2020\/10\/moscabianca-300x40.png 300w\" sizes=\"(max-width: 500px) 100vw, 500px\" \/><\/a>\n\t\t\t<\/div><\/figure><figure class='gallery-item'>\n\t\t\t<div class='gallery-icon landscape'>\n\t\t\t\t<a data-elementor-open-lightbox=\"yes\" data-elementor-lightbox-slideshow=\"f11b1a4\" data-elementor-lightbox-title=\"prodotti\" data-e-action-hash=\"#elementor-action%3Aaction%3Dlightbox%26settings%3DeyJpZCI6NTMyOCwidXJsIjoiaHR0cHM6XC9cL3B1YmJsaWNpdHl3ZWIuZXVcL3dwLWNvbnRlbnRcL3VwbG9hZHNcLzIwMjBcLzEwXC9wcm9kb3R0aS5wbmciLCJzbGlkZXNob3ciOiJmMTFiMWE0In0%3D\" href='https:\/\/pubblicityweb.eu\/wp-content\/uploads\/2020\/10\/prodotti.png'><img loading=\"lazy\" decoding=\"async\" width=\"204\" height=\"46\" src=\"https:\/\/pubblicityweb.eu\/wp-content\/uploads\/2020\/10\/prodotti.png\" class=\"attachment-full size-full\" alt=\"\" \/><\/a>\n\t\t\t<\/div><\/figure><figure class='gallery-item'>\n\t\t\t<div class='gallery-icon landscape'>\n\t\t\t\t<a data-elementor-open-lightbox=\"yes\" data-elementor-lightbox-slideshow=\"f11b1a4\" data-elementor-lightbox-title=\"bakeca.png\" data-e-action-hash=\"#elementor-action%3Aaction%3Dlightbox%26settings%3DeyJpZCI6NTMyOSwidXJsIjoiaHR0cHM6XC9cL3B1YmJsaWNpdHl3ZWIuZXVcL3dwLWNvbnRlbnRcL3VwbG9hZHNcLzIwMjBcLzEwXC9iYWtlY2EucG5nLnBuZyIsInNsaWRlc2hvdyI6ImYxMWIxYTQifQ%3D%3D\" href='https:\/\/pubblicityweb.eu\/wp-content\/uploads\/2020\/10\/bakeca.png.png'><img loading=\"lazy\" decoding=\"async\" width=\"1600\" height=\"333\" src=\"https:\/\/pubblicityweb.eu\/wp-content\/uploads\/2020\/10\/bakeca.png.png\" class=\"attachment-full size-full\" alt=\"\" srcset=\"https:\/\/pubblicityweb.eu\/wp-content\/uploads\/2020\/10\/bakeca.png.png 1600w, https:\/\/pubblicityweb.eu\/wp-content\/uploads\/2020\/10\/bakeca.png-600x125.png 600w, https:\/\/pubblicityweb.eu\/wp-content\/uploads\/2020\/10\/bakeca.png-900x187.png 900w, https:\/\/pubblicityweb.eu\/wp-content\/uploads\/2020\/10\/bakeca.png-300x62.png 300w, https:\/\/pubblicityweb.eu\/wp-content\/uploads\/2020\/10\/bakeca.png-1024x213.png 1024w, https:\/\/pubblicityweb.eu\/wp-content\/uploads\/2020\/10\/bakeca.png-768x160.png 768w, https:\/\/pubblicityweb.eu\/wp-content\/uploads\/2020\/10\/bakeca.png-1536x320.png 1536w\" sizes=\"(max-width: 1600px) 100vw, 1600px\" \/><\/a>\n\t\t\t<\/div><\/figure><figure class='gallery-item'>\n\t\t\t<div class='gallery-icon landscape'>\n\t\t\t\t<a data-elementor-open-lightbox=\"yes\" data-elementor-lightbox-slideshow=\"f11b1a4\" data-elementor-lightbox-title=\"vendo\" data-e-action-hash=\"#elementor-action%3Aaction%3Dlightbox%26settings%3DeyJpZCI6NTMzMCwidXJsIjoiaHR0cHM6XC9cL3B1YmJsaWNpdHl3ZWIuZXVcL3dwLWNvbnRlbnRcL3VwbG9hZHNcLzIwMjBcLzEwXC92ZW5kby5wbmciLCJzbGlkZXNob3ciOiJmMTFiMWE0In0%3D\" href='https:\/\/pubblicityweb.eu\/wp-content\/uploads\/2020\/10\/vendo.png'><img loading=\"lazy\" decoding=\"async\" width=\"597\" height=\"83\" src=\"https:\/\/pubblicityweb.eu\/wp-content\/uploads\/2020\/10\/vendo.png\" class=\"attachment-full size-full\" alt=\"\" srcset=\"https:\/\/pubblicityweb.eu\/wp-content\/uploads\/2020\/10\/vendo.png 597w, https:\/\/pubblicityweb.eu\/wp-content\/uploads\/2020\/10\/vendo-300x42.png 300w\" sizes=\"(max-width: 597px) 100vw, 597px\" \/><\/a>\n\t\t\t<\/div><\/figure>\n\t\t<\/div>\n\t\t<\/div>\n\t\t\t\t\t\t<\/div>\n\t\t\t\t<\/div>\n\t\t\t\t\t<\/div>\n\t\t<\/div>\n\t\t\t\t\t<\/div>\n\t\t<\/section>\n\t\t\t\t<\/div>\n\t\t","protected":false},"excerpt":{"rendered":"<p>L\u00cdDER EN EL SECTOR DE GESTI\u00d3N PUBLICITARIA VER M\u00c1S PRIVACIDAD Y SEGURIDAD Uno de nuestros principales objetivos es mantener la discreci\u00f3n y la privacidad de todos nuestros clientes. LA MEJOR CALIDAD Nuestros productos siempre son creados con las mejores tecnolog\u00edas y la m\u00e1s alta calidad. LOS MEJORES PRECIOS Mantenemos siempre precios ventajosos buscando las mejores &#8230; <a title=\"Home\" class=\"read-more\" href=\"https:\/\/pubblicityweb.eu\/es\/\" aria-label=\"Leer m\u00e1s sobre Home\">Read more<\/a><\/p>\n","protected":false},"author":6,"featured_media":0,"parent":0,"menu_order":0,"comment_status":"closed","ping_status":"closed","template":"elementor_header_footer","meta":{"_monsterinsights_skip_tracking":false,"_monsterinsights_sitenote_active":false,"_monsterinsights_sitenote_note":"","_monsterinsights_sitenote_category":0,"footnotes":""},"class_list":["post-5285","page","type-page","status-publish"],"aioseo_notices":[],"_links":{"self":[{"href":"https:\/\/pubblicityweb.eu\/es\/wp-json\/wp\/v2\/pages\/5285","targetHints":{"allow":["GET"]}}],"collection":[{"href":"https:\/\/pubblicityweb.eu\/es\/wp-json\/wp\/v2\/pages"}],"about":[{"href":"https:\/\/pubblicityweb.eu\/es\/wp-json\/wp\/v2\/types\/page"}],"author":[{"embeddable":true,"href":"https:\/\/pubblicityweb.eu\/es\/wp-json\/wp\/v2\/users\/6"}],"replies":[{"embeddable":true,"href":"https:\/\/pubblicityweb.eu\/es\/wp-json\/wp\/v2\/comments?post=5285"}],"version-history":[{"count":0,"href":"https:\/\/pubblicityweb.eu\/es\/wp-json\/wp\/v2\/pages\/5285\/revisions"}],"wp:attachment":[{"href":"https:\/\/pubblicityweb.eu\/es\/wp-json\/wp\/v2\/media?parent=5285"}],"curies":[{"name":"wp","href":"https:\/\/api.w.org\/{rel}","templated":true}]}}